{"id":518,"date":"2023-01-21T22:59:27","date_gmt":"2023-01-21T22:59:27","guid":{"rendered":"https:\/\/spicyflowers.fr\/?post_type=product&#038;p=518"},"modified":"2023-02-15T13:31:44","modified_gmt":"2023-02-15T13:31:44","slug":"infusions-cbd-25-mijane-cycle-menstruel","status":"publish","type":"product","link":"https:\/\/spicyflowers.fr\/?product=infusions-cbd-25-mijane-cycle-menstruel","title":{"rendered":"Infusions CBD 25% MIJANE &#8211; Cycle Menstruel"},"content":{"rendered":"<p>L&rsquo;alli\u00e9e de votre bien-\u00eatre menstruel !<\/p>\n<p>Caract\u00e9ristiques Infusions CBD 25% MIJANE &#8211; CYCLE MENSTRUEL : \u00c9lixir de V\u00e9nus Fini les r\u00e8gles douloureuses !<\/p>\n<p>Une infusion cr\u00e9\u00e9e par des femmes pour des femmes, V\u00e9nus est une composition gorg\u00e9e de bienfaits. On croit au pouvoir des plantes ! Lib\u00e9r\u00e9e, d\u00e9livr\u00e9e, V\u00e9nus est l&rsquo;alli\u00e9e de votre bien-\u00eatre f\u00e9minin.<\/p>\n<p>Cette infusion est 100% naturelle, fabriqu\u00e9e en France, avec des plantes et des fruits tous issus de l\u2019agriculture biologique. \u00c9lixir de V\u00e9nus contient 25% de chanvre CBD, elle est con\u00e7ue pour soulager les crampes, les courbatures, les seins douloureux, les maux de t\u00eate et les vertiges li\u00e9s aux r\u00e8gles.<\/p>\n<p>Comment faire une infusion au CBD ? 1 Cuill\u00e8re \u00e0 Caf\u00e9\/ tasse 90\u00b0C pour une infusion optimale 5-10 minutes pour une boisson parfaite<\/p>\n<p>Ingr\u00e9dients:<\/p>\n<ul>\n<li>f. de framboisier<\/li>\n<li>achill\u00e9e millefeuille<\/li>\n<li>sauge<\/li>\n<li>menthe poivr\u00e9e<\/li>\n<li>camomille<\/li>\n<li>lavande<\/li>\n<li>framboises<\/li>\n<li>pommes<\/li>\n<li>25% de fleurs de CBD.<\/li>\n<\/ul>\n<p>L&rsquo;infusion au CBD est une merveilleuse fa\u00e7on de calmer votre corps et votre esprit. Gr\u00e2ce aux compositions du th\u00e9 vert et du CBD, elle est consid\u00e9r\u00e9e comme un puissant antioxydant. Pour consommer et profiter de l&rsquo;infusion au CBD en toute l\u00e9galit\u00e9, le taux de THC reste inf\u00e9rieur \u00e0 0,2%, vous ne ressentez aucun effet psychoactif apr\u00e8s avoir bu votre th\u00e9. Le th\u00e9 de CBD ne consomme pas comme un th\u00e9 classique.<\/p>\n<p>Le CBD ou tout autre cannabino\u00efde est insoluble, c\u2019est-\u00e0-dire qu\u2019il ne se m\u00e9lange pas \u00e0 l\u2019eau. La mani\u00e8re la plus simple de pr\u00e9parer votre infusion est de faire mijoter pendant 3 minutes avec une mati\u00e8re grasse, comme un nuage de lait ou de l\u2019huile v\u00e9g\u00e9tale.<\/p>\n<p>Avec l&rsquo;infusion CBD 25% MIJANE &#8211; CYCLE MENSTRUEL : \u00c9lixir de V\u00e9nus, vous pouvez enfin dire adieu aux douleurs li\u00e9es aux r\u00e8gles et profiter d&rsquo;un moment de relaxation.<\/p>\n","protected":false},"excerpt":{"rendered":"<p>Une infusion cr\u00e9\u00e9e par des femmes pour des femmes, V\u00e9nus est une composition gorg\u00e9e de bienfaits. On croit au pouvoir des plantes ! Lib\u00e9r\u00e9e, d\u00e9livr\u00e9e, V\u00e9nus est l&rsquo;alli\u00e9e de votre bien-\u00eatre f\u00e9minin.<\/p>\n","protected":false},"featured_media":519,"comment_status":"open","ping_status":"closed","template":"","meta":{"site-sidebar-layout":"default","site-content-layout":"default","ast-site-content-layout":"default","site-content-style":"default","site-sidebar-style":"default","ast-global-header-display":"","ast-banner-title-visibility":"","ast-main-header-display":"","ast-hfb-above-header-display":"","ast-hfb-below-header-display":"","ast-hfb-mobile-header-display":"","site-post-title":"","ast-breadcrumbs-content":"","ast-featured-img":"","footer-sml-layout":"","ast-disable-related-posts":"","theme-transparent-header-meta":"default","adv-header-id-meta":"","stick-header-meta":"","header-above-stick-meta":"","header-main-stick-meta":"","header-below-stick-meta":"","astra-migrate-meta-layouts":"default","ast-page-background-enabled":"default","ast-page-background-meta":{"desktop":{"background-color":"var(--ast-global-color-4)","background-image":"","background-repeat":"repeat","background-position":"center center","background-size":"auto","background-attachment":"scroll","background-type":"","background-media":"","overlay-type":"","overlay-color":"","overlay-opacity":"","overlay-gradient":""},"tablet":{"background-color":"","background-image":"","background-repeat":"repeat","background-position":"center center","background-size":"auto","background-attachment":"scroll","background-type":"","background-media":"","overlay-type":"","overlay-color":"","overlay-opacity":"","overlay-gradient":""},"mobile":{"background-color":"","background-image":"","background-repeat":"repeat","background-position":"center center","background-size":"auto","background-attachment":"scroll","background-type":"","background-media":"","overlay-type":"","overlay-color":"","overlay-opacity":"","overlay-gradient":""}},"ast-content-background-meta":{"desktop":{"background-color":"var(--ast-global-color-5)","background-image":"","background-repeat":"repeat","background-position":"center center","background-size":"auto","background-attachment":"scroll","background-type":"","background-media":"","overlay-type":"","overlay-color":"","overlay-opacity":"","overlay-gradient":""},"tablet":{"background-color":"var(--ast-global-color-5)","background-image":"","background-repeat":"repeat","background-position":"center center","background-size":"auto","background-attachment":"scroll","background-type":"","background-media":"","overlay-type":"","overlay-color":"","overlay-opacity":"","overlay-gradient":""},"mobile":{"background-color":"var(--ast-global-color-5)","background-image":"","background-repeat":"repeat","background-position":"center center","background-size":"auto","background-attachment":"scroll","background-type":"","background-media":"","overlay-type":"","overlay-color":"","overlay-opacity":"","overlay-gradient":""}}},"product_brand":[],"product_cat":[47],"product_tag":[],"class_list":{"0":"post-518","1":"product","2":"type-product","3":"status-publish","4":"has-post-thumbnail","6":"product_cat-infusions-cbd","7":"desktop-align-left","8":"tablet-align-left","9":"mobile-align-left","11":"first","12":"instock","13":"taxable","14":"shipping-taxable","15":"purchasable","16":"product-type-simple"},"yoast_head":"<!-- This site is optimized with the Yoast SEO plugin v27.3 - https:\/\/yoast.com\/product\/yoast-seo-wordpress\/ -->\n<title>Infusions CBD 25% MIJANE - Cycle Menstruel -<\/title>\n<meta name=\"description\" content=\"Une infusion cr\u00e9\u00e9e par des femmes pour des femmes, V\u00e9nus est une composition gorg\u00e9e de bienfaits. On croit au pouvoir des plantes ! Lib\u00e9r\u00e9e, d\u00e9livr\u00e9e, V\u00e9nus est l&#039;alli\u00e9e de votre bien-\u00eatre f\u00e9minin.\" \/>\n<meta name=\"robots\" content=\"index, follow, max-snippet:-1, max-image-preview:large, max-video-preview:-1\" \/>\n<link rel=\"canonical\" href=\"https:\/\/spicyflowers.fr\/?product=infusions-cbd-25-mijane-cycle-menstruel\" \/>\n<meta property=\"og:locale\" content=\"fr_FR\" \/>\n<meta property=\"og:type\" content=\"article\" \/>\n<meta property=\"og:title\" content=\"Infusions CBD 25% MIJANE - Cycle Menstruel -\" \/>\n<meta property=\"og:description\" content=\"Une infusion cr\u00e9\u00e9e par des femmes pour des femmes, V\u00e9nus est une composition gorg\u00e9e de bienfaits. On croit au pouvoir des plantes ! Lib\u00e9r\u00e9e, d\u00e9livr\u00e9e, V\u00e9nus est l&#039;alli\u00e9e de votre bien-\u00eatre f\u00e9minin.\" \/>\n<meta property=\"og:url\" content=\"https:\/\/spicyflowers.fr\/?product=infusions-cbd-25-mijane-cycle-menstruel\" \/>\n<meta property=\"article:modified_time\" content=\"2023-02-15T13:31:44+00:00\" \/>\n<meta property=\"og:image\" content=\"https:\/\/spicyflowers.fr\/wp-content\/uploads\/2023\/01\/325229600_834069477702315_8130710555067097799_n-scaled.jpg\" \/>\n\t<meta property=\"og:image:width\" content=\"1920\" \/>\n\t<meta property=\"og:image:height\" content=\"2560\" \/>\n\t<meta property=\"og:image:type\" content=\"image\/jpeg\" \/>\n<meta name=\"twitter:card\" content=\"summary_large_image\" \/>\n<meta name=\"twitter:label1\" content=\"Dur\u00e9e de lecture estim\u00e9e\" \/>\n\t<meta name=\"twitter:data1\" content=\"2 minutes\" \/>\n<script type=\"application\/ld+json\" class=\"yoast-schema-graph\">{\"@context\":\"https:\\\/\\\/schema.org\",\"@graph\":[{\"@type\":\"WebPage\",\"@id\":\"https:\\\/\\\/spicyflowers.fr\\\/?product=infusions-cbd-25-mijane-cycle-menstruel\",\"url\":\"https:\\\/\\\/spicyflowers.fr\\\/?product=infusions-cbd-25-mijane-cycle-menstruel\",\"name\":\"Infusions CBD 25% MIJANE - Cycle Menstruel -\",\"isPartOf\":{\"@id\":\"https:\\\/\\\/spicyflowers.fr\\\/#website\"},\"primaryImageOfPage\":{\"@id\":\"https:\\\/\\\/spicyflowers.fr\\\/?product=infusions-cbd-25-mijane-cycle-menstruel#primaryimage\"},\"image\":{\"@id\":\"https:\\\/\\\/spicyflowers.fr\\\/?product=infusions-cbd-25-mijane-cycle-menstruel#primaryimage\"},\"thumbnailUrl\":\"https:\\\/\\\/spicyflowers.fr\\\/wp-content\\\/uploads\\\/2023\\\/01\\\/325229600_834069477702315_8130710555067097799_n-scaled.jpg\",\"datePublished\":\"2023-01-21T22:59:27+00:00\",\"dateModified\":\"2023-02-15T13:31:44+00:00\",\"description\":\"Une infusion cr\u00e9\u00e9e par des femmes pour des femmes, V\u00e9nus est une composition gorg\u00e9e de bienfaits. On croit au pouvoir des plantes ! Lib\u00e9r\u00e9e, d\u00e9livr\u00e9e, V\u00e9nus est l'alli\u00e9e de votre bien-\u00eatre f\u00e9minin.\",\"breadcrumb\":{\"@id\":\"https:\\\/\\\/spicyflowers.fr\\\/?product=infusions-cbd-25-mijane-cycle-menstruel#breadcrumb\"},\"inLanguage\":\"fr-FR\",\"potentialAction\":[{\"@type\":\"ReadAction\",\"target\":[\"https:\\\/\\\/spicyflowers.fr\\\/?product=infusions-cbd-25-mijane-cycle-menstruel\"]}]},{\"@type\":\"ImageObject\",\"inLanguage\":\"fr-FR\",\"@id\":\"https:\\\/\\\/spicyflowers.fr\\\/?product=infusions-cbd-25-mijane-cycle-menstruel#primaryimage\",\"url\":\"https:\\\/\\\/spicyflowers.fr\\\/wp-content\\\/uploads\\\/2023\\\/01\\\/325229600_834069477702315_8130710555067097799_n-scaled.jpg\",\"contentUrl\":\"https:\\\/\\\/spicyflowers.fr\\\/wp-content\\\/uploads\\\/2023\\\/01\\\/325229600_834069477702315_8130710555067097799_n-scaled.jpg\",\"width\":1920,\"height\":2560,\"caption\":\"Infusions CBD 25% MIJANE - Cycle Menstruel\"},{\"@type\":\"BreadcrumbList\",\"@id\":\"https:\\\/\\\/spicyflowers.fr\\\/?product=infusions-cbd-25-mijane-cycle-menstruel#breadcrumb\",\"itemListElement\":[{\"@type\":\"ListItem\",\"position\":1,\"name\":\"Accueil\",\"item\":\"https:\\\/\\\/spicyflowers.fr\\\/\"},{\"@type\":\"ListItem\",\"position\":2,\"name\":\"La boutique Spicy Flowers\",\"item\":\"https:\\\/\\\/spicyflowers.fr\\\/?page_id=5\"},{\"@type\":\"ListItem\",\"position\":3,\"name\":\"Infusions CBD 25% MIJANE &#8211; Cycle Menstruel\"}]},{\"@type\":\"WebSite\",\"@id\":\"https:\\\/\\\/spicyflowers.fr\\\/#website\",\"url\":\"https:\\\/\\\/spicyflowers.fr\\\/\",\"name\":\"SPICYFLOWERS\",\"description\":\"\",\"publisher\":{\"@id\":\"https:\\\/\\\/spicyflowers.fr\\\/#organization\"},\"potentialAction\":[{\"@type\":\"SearchAction\",\"target\":{\"@type\":\"EntryPoint\",\"urlTemplate\":\"https:\\\/\\\/spicyflowers.fr\\\/?s={search_term_string}\"},\"query-input\":{\"@type\":\"PropertyValueSpecification\",\"valueRequired\":true,\"valueName\":\"search_term_string\"}}],\"inLanguage\":\"fr-FR\"},{\"@type\":\"Organization\",\"@id\":\"https:\\\/\\\/spicyflowers.fr\\\/#organization\",\"name\":\"SPICYFLOWERS\",\"url\":\"https:\\\/\\\/spicyflowers.fr\\\/\",\"logo\":{\"@type\":\"ImageObject\",\"inLanguage\":\"fr-FR\",\"@id\":\"https:\\\/\\\/spicyflowers.fr\\\/#\\\/schema\\\/logo\\\/image\\\/\",\"url\":\"https:\\\/\\\/spicyflowers.fr\\\/wp-content\\\/uploads\\\/2025\\\/02\\\/cropped-spicy-flowers.png\",\"contentUrl\":\"https:\\\/\\\/spicyflowers.fr\\\/wp-content\\\/uploads\\\/2025\\\/02\\\/cropped-spicy-flowers.png\",\"width\":1792,\"height\":1792,\"caption\":\"SPICYFLOWERS\"},\"image\":{\"@id\":\"https:\\\/\\\/spicyflowers.fr\\\/#\\\/schema\\\/logo\\\/image\\\/\"}}]}<\/script>\n<!-- \/ Yoast SEO plugin. -->","yoast_head_json":{"title":"Infusions CBD 25% MIJANE - Cycle Menstruel -","description":"Une infusion cr\u00e9\u00e9e par des femmes pour des femmes, V\u00e9nus est une composition gorg\u00e9e de bienfaits. On croit au pouvoir des plantes ! Lib\u00e9r\u00e9e, d\u00e9livr\u00e9e, V\u00e9nus est l'alli\u00e9e de votre bien-\u00eatre f\u00e9minin.","robots":{"index":"index","follow":"follow","max-snippet":"max-snippet:-1","max-image-preview":"max-image-preview:large","max-video-preview":"max-video-preview:-1"},"canonical":"https:\/\/spicyflowers.fr\/?product=infusions-cbd-25-mijane-cycle-menstruel","og_locale":"fr_FR","og_type":"article","og_title":"Infusions CBD 25% MIJANE - Cycle Menstruel -","og_description":"Une infusion cr\u00e9\u00e9e par des femmes pour des femmes, V\u00e9nus est une composition gorg\u00e9e de bienfaits. On croit au pouvoir des plantes ! Lib\u00e9r\u00e9e, d\u00e9livr\u00e9e, V\u00e9nus est l'alli\u00e9e de votre bien-\u00eatre f\u00e9minin.","og_url":"https:\/\/spicyflowers.fr\/?product=infusions-cbd-25-mijane-cycle-menstruel","article_modified_time":"2023-02-15T13:31:44+00:00","og_image":[{"width":1920,"height":2560,"url":"https:\/\/spicyflowers.fr\/wp-content\/uploads\/2023\/01\/325229600_834069477702315_8130710555067097799_n-scaled.jpg","type":"image\/jpeg"}],"twitter_card":"summary_large_image","twitter_misc":{"Dur\u00e9e de lecture estim\u00e9e":"2 minutes"},"schema":{"@context":"https:\/\/schema.org","@graph":[{"@type":"WebPage","@id":"https:\/\/spicyflowers.fr\/?product=infusions-cbd-25-mijane-cycle-menstruel","url":"https:\/\/spicyflowers.fr\/?product=infusions-cbd-25-mijane-cycle-menstruel","name":"Infusions CBD 25% MIJANE - Cycle Menstruel -","isPartOf":{"@id":"https:\/\/spicyflowers.fr\/#website"},"primaryImageOfPage":{"@id":"https:\/\/spicyflowers.fr\/?product=infusions-cbd-25-mijane-cycle-menstruel#primaryimage"},"image":{"@id":"https:\/\/spicyflowers.fr\/?product=infusions-cbd-25-mijane-cycle-menstruel#primaryimage"},"thumbnailUrl":"https:\/\/spicyflowers.fr\/wp-content\/uploads\/2023\/01\/325229600_834069477702315_8130710555067097799_n-scaled.jpg","datePublished":"2023-01-21T22:59:27+00:00","dateModified":"2023-02-15T13:31:44+00:00","description":"Une infusion cr\u00e9\u00e9e par des femmes pour des femmes, V\u00e9nus est une composition gorg\u00e9e de bienfaits. On croit au pouvoir des plantes ! Lib\u00e9r\u00e9e, d\u00e9livr\u00e9e, V\u00e9nus est l'alli\u00e9e de votre bien-\u00eatre f\u00e9minin.","breadcrumb":{"@id":"https:\/\/spicyflowers.fr\/?product=infusions-cbd-25-mijane-cycle-menstruel#breadcrumb"},"inLanguage":"fr-FR","potentialAction":[{"@type":"ReadAction","target":["https:\/\/spicyflowers.fr\/?product=infusions-cbd-25-mijane-cycle-menstruel"]}]},{"@type":"ImageObject","inLanguage":"fr-FR","@id":"https:\/\/spicyflowers.fr\/?product=infusions-cbd-25-mijane-cycle-menstruel#primaryimage","url":"https:\/\/spicyflowers.fr\/wp-content\/uploads\/2023\/01\/325229600_834069477702315_8130710555067097799_n-scaled.jpg","contentUrl":"https:\/\/spicyflowers.fr\/wp-content\/uploads\/2023\/01\/325229600_834069477702315_8130710555067097799_n-scaled.jpg","width":1920,"height":2560,"caption":"Infusions CBD 25% MIJANE - Cycle Menstruel"},{"@type":"BreadcrumbList","@id":"https:\/\/spicyflowers.fr\/?product=infusions-cbd-25-mijane-cycle-menstruel#breadcrumb","itemListElement":[{"@type":"ListItem","position":1,"name":"Accueil","item":"https:\/\/spicyflowers.fr\/"},{"@type":"ListItem","position":2,"name":"La boutique Spicy Flowers","item":"https:\/\/spicyflowers.fr\/?page_id=5"},{"@type":"ListItem","position":3,"name":"Infusions CBD 25% MIJANE &#8211; Cycle Menstruel"}]},{"@type":"WebSite","@id":"https:\/\/spicyflowers.fr\/#website","url":"https:\/\/spicyflowers.fr\/","name":"SPICYFLOWERS","description":"","publisher":{"@id":"https:\/\/spicyflowers.fr\/#organization"},"potentialAction":[{"@type":"SearchAction","target":{"@type":"EntryPoint","urlTemplate":"https:\/\/spicyflowers.fr\/?s={search_term_string}"},"query-input":{"@type":"PropertyValueSpecification","valueRequired":true,"valueName":"search_term_string"}}],"inLanguage":"fr-FR"},{"@type":"Organization","@id":"https:\/\/spicyflowers.fr\/#organization","name":"SPICYFLOWERS","url":"https:\/\/spicyflowers.fr\/","logo":{"@type":"ImageObject","inLanguage":"fr-FR","@id":"https:\/\/spicyflowers.fr\/#\/schema\/logo\/image\/","url":"https:\/\/spicyflowers.fr\/wp-content\/uploads\/2025\/02\/cropped-spicy-flowers.png","contentUrl":"https:\/\/spicyflowers.fr\/wp-content\/uploads\/2025\/02\/cropped-spicy-flowers.png","width":1792,"height":1792,"caption":"SPICYFLOWERS"},"image":{"@id":"https:\/\/spicyflowers.fr\/#\/schema\/logo\/image\/"}}]}},"_links":{"self":[{"href":"https:\/\/spicyflowers.fr\/index.php?rest_route=\/wp\/v2\/product\/518","targetHints":{"allow":["GET"]}}],"collection":[{"href":"https:\/\/spicyflowers.fr\/index.php?rest_route=\/wp\/v2\/product"}],"about":[{"href":"https:\/\/spicyflowers.fr\/index.php?rest_route=\/wp\/v2\/types\/product"}],"replies":[{"embeddable":true,"href":"https:\/\/spicyflowers.fr\/index.php?rest_route=%2Fwp%2Fv2%2Fcomments&post=518"}],"version-history":[{"count":1,"href":"https:\/\/spicyflowers.fr\/index.php?rest_route=\/wp\/v2\/product\/518\/revisions"}],"predecessor-version":[{"id":704,"href":"https:\/\/spicyflowers.fr\/index.php?rest_route=\/wp\/v2\/product\/518\/revisions\/704"}],"wp:featuredmedia":[{"embeddable":true,"href":"https:\/\/spicyflowers.fr\/index.php?rest_route=\/wp\/v2\/media\/519"}],"wp:attachment":[{"href":"https:\/\/spicyflowers.fr\/index.php?rest_route=%2Fwp%2Fv2%2Fmedia&parent=518"}],"wp:term":[{"taxonomy":"product_brand","embeddable":true,"href":"https:\/\/spicyflowers.fr\/index.php?rest_route=%2Fwp%2Fv2%2Fproduct_brand&post=518"},{"taxonomy":"product_cat","embeddable":true,"href":"https:\/\/spicyflowers.fr\/index.php?rest_route=%2Fwp%2Fv2%2Fproduct_cat&post=518"},{"taxonomy":"product_tag","embeddable":true,"href":"https:\/\/spicyflowers.fr\/index.php?rest_route=%2Fwp%2Fv2%2Fproduct_tag&post=518"}],"curies":[{"name":"wp","href":"https:\/\/api.w.org\/{rel}","templated":true}]}}