{"id":511,"date":"2023-01-21T22:43:43","date_gmt":"2023-01-21T22:43:43","guid":{"rendered":"https:\/\/spicyflowers.fr\/?post_type=product&#038;p=511"},"modified":"2023-02-15T13:31:45","modified_gmt":"2023-02-15T13:31:45","slug":"melange-dherbes-amincissant","status":"publish","type":"product","link":"https:\/\/spicyflowers.fr\/?product=melange-dherbes-amincissant","title":{"rendered":"M\u00e9lange d&rsquo;herbes amincissant"},"content":{"rendered":"<p>Notre th\u00e9 minceur est sp\u00e9cialement con\u00e7u pour favoriser la perte de poids en normalisant le m\u00e9tabolisme. Les herbes s\u00e9lectionn\u00e9es dans ce m\u00e9lange ont des propri\u00e9t\u00e9s qui aident \u00e0 am\u00e9liorer le m\u00e9tabolisme et \u00e0 faciliter l&rsquo;amincissement lorsqu&rsquo;elles sont consomm\u00e9es r\u00e9guli\u00e8rement.<\/p>\n<p>Ce th\u00e9 est un compl\u00e9ment efficace pour atteindre vos objectifs de perte de poids.<\/p>\n","protected":false},"excerpt":{"rendered":"<p>Notre th\u00e9 minceur est sp\u00e9cialement con\u00e7u pour favoriser la perte de poids en normalisant le m\u00e9tabolisme.<\/p>\n","protected":false},"featured_media":512,"comment_status":"open","ping_status":"closed","template":"","meta":{"site-sidebar-layout":"default","site-content-layout":"","ast-site-content-layout":"default","site-content-style":"default","site-sidebar-style":"default","ast-global-header-display":"","ast-banner-title-visibility":"","ast-main-header-display":"","ast-hfb-above-header-display":"","ast-hfb-below-header-display":"","ast-hfb-mobile-header-display":"","site-post-title":"","ast-breadcrumbs-content":"","ast-featured-img":"","footer-sml-layout":"","ast-disable-related-posts":"","theme-transparent-header-meta":"","adv-header-id-meta":"","stick-header-meta":"","header-above-stick-meta":"","header-main-stick-meta":"","header-below-stick-meta":"","astra-migrate-meta-layouts":"default","ast-page-background-enabled":"default","ast-page-background-meta":{"desktop":{"background-color":"var(--ast-global-color-4)","background-image":"","background-repeat":"repeat","background-position":"center center","background-size":"auto","background-attachment":"scroll","background-type":"","background-media":"","overlay-type":"","overlay-color":"","overlay-opacity":"","overlay-gradient":""},"tablet":{"background-color":"","background-image":"","background-repeat":"repeat","background-position":"center center","background-size":"auto","background-attachment":"scroll","background-type":"","background-media":"","overlay-type":"","overlay-color":"","overlay-opacity":"","overlay-gradient":""},"mobile":{"background-color":"","background-image":"","background-repeat":"repeat","background-position":"center center","background-size":"auto","background-attachment":"scroll","background-type":"","background-media":"","overlay-type":"","overlay-color":"","overlay-opacity":"","overlay-gradient":""}},"ast-content-background-meta":{"desktop":{"background-color":"var(--ast-global-color-5)","background-image":"","background-repeat":"repeat","background-position":"center center","background-size":"auto","background-attachment":"scroll","background-type":"","background-media":"","overlay-type":"","overlay-color":"","overlay-opacity":"","overlay-gradient":""},"tablet":{"background-color":"var(--ast-global-color-5)","background-image":"","background-repeat":"repeat","background-position":"center center","background-size":"auto","background-attachment":"scroll","background-type":"","background-media":"","overlay-type":"","overlay-color":"","overlay-opacity":"","overlay-gradient":""},"mobile":{"background-color":"var(--ast-global-color-5)","background-image":"","background-repeat":"repeat","background-position":"center center","background-size":"auto","background-attachment":"scroll","background-type":"","background-media":"","overlay-type":"","overlay-color":"","overlay-opacity":"","overlay-gradient":""}}},"product_brand":[],"product_cat":[47],"product_tag":[],"class_list":{"0":"post-511","1":"product","2":"type-product","3":"status-publish","4":"has-post-thumbnail","6":"product_cat-infusions-cbd","7":"desktop-align-left","8":"tablet-align-left","9":"mobile-align-left","11":"first","12":"instock","13":"taxable","14":"shipping-taxable","15":"purchasable","16":"product-type-simple"},"yoast_head":"<!-- This site is optimized with the Yoast SEO plugin v27.3 - https:\/\/yoast.com\/product\/yoast-seo-wordpress\/ -->\n<title>M\u00e9lange d&#039;herbes amincissant -<\/title>\n<meta name=\"description\" content=\"Notre th\u00e9 minceur est sp\u00e9cialement con\u00e7u pour favoriser la perte de poids en normalisant le m\u00e9tabolisme.\" \/>\n<meta name=\"robots\" content=\"index, follow, max-snippet:-1, max-image-preview:large, max-video-preview:-1\" \/>\n<link rel=\"canonical\" href=\"https:\/\/spicyflowers.fr\/?product=melange-dherbes-amincissant\" \/>\n<meta property=\"og:locale\" content=\"fr_FR\" \/>\n<meta property=\"og:type\" content=\"article\" \/>\n<meta property=\"og:title\" content=\"M\u00e9lange d&#039;herbes amincissant -\" \/>\n<meta property=\"og:description\" content=\"Notre th\u00e9 minceur est sp\u00e9cialement con\u00e7u pour favoriser la perte de poids en normalisant le m\u00e9tabolisme.\" \/>\n<meta property=\"og:url\" content=\"https:\/\/spicyflowers.fr\/?product=melange-dherbes-amincissant\" \/>\n<meta property=\"article:modified_time\" content=\"2023-02-15T13:31:45+00:00\" \/>\n<meta property=\"og:image\" content=\"https:\/\/spicyflowers.fr\/wp-content\/uploads\/2023\/01\/323365052_5585378684894591_2843730172995193206_n-1-scaled.jpg\" \/>\n\t<meta property=\"og:image:width\" content=\"1920\" \/>\n\t<meta property=\"og:image:height\" content=\"2560\" \/>\n\t<meta property=\"og:image:type\" content=\"image\/jpeg\" \/>\n<meta name=\"twitter:card\" content=\"summary_large_image\" \/>\n<meta name=\"twitter:label1\" content=\"Dur\u00e9e de lecture estim\u00e9e\" \/>\n\t<meta name=\"twitter:data1\" content=\"1 minute\" \/>\n<script type=\"application\/ld+json\" class=\"yoast-schema-graph\">{\"@context\":\"https:\\\/\\\/schema.org\",\"@graph\":[{\"@type\":\"WebPage\",\"@id\":\"https:\\\/\\\/spicyflowers.fr\\\/?product=melange-dherbes-amincissant\",\"url\":\"https:\\\/\\\/spicyflowers.fr\\\/?product=melange-dherbes-amincissant\",\"name\":\"M\u00e9lange d'herbes amincissant -\",\"isPartOf\":{\"@id\":\"https:\\\/\\\/spicyflowers.fr\\\/#website\"},\"primaryImageOfPage\":{\"@id\":\"https:\\\/\\\/spicyflowers.fr\\\/?product=melange-dherbes-amincissant#primaryimage\"},\"image\":{\"@id\":\"https:\\\/\\\/spicyflowers.fr\\\/?product=melange-dherbes-amincissant#primaryimage\"},\"thumbnailUrl\":\"https:\\\/\\\/spicyflowers.fr\\\/wp-content\\\/uploads\\\/2023\\\/01\\\/323365052_5585378684894591_2843730172995193206_n-1-scaled.jpg\",\"datePublished\":\"2023-01-21T22:43:43+00:00\",\"dateModified\":\"2023-02-15T13:31:45+00:00\",\"description\":\"Notre th\u00e9 minceur est sp\u00e9cialement con\u00e7u pour favoriser la perte de poids en normalisant le m\u00e9tabolisme.\",\"breadcrumb\":{\"@id\":\"https:\\\/\\\/spicyflowers.fr\\\/?product=melange-dherbes-amincissant#breadcrumb\"},\"inLanguage\":\"fr-FR\",\"potentialAction\":[{\"@type\":\"ReadAction\",\"target\":[\"https:\\\/\\\/spicyflowers.fr\\\/?product=melange-dherbes-amincissant\"]}]},{\"@type\":\"ImageObject\",\"inLanguage\":\"fr-FR\",\"@id\":\"https:\\\/\\\/spicyflowers.fr\\\/?product=melange-dherbes-amincissant#primaryimage\",\"url\":\"https:\\\/\\\/spicyflowers.fr\\\/wp-content\\\/uploads\\\/2023\\\/01\\\/323365052_5585378684894591_2843730172995193206_n-1-scaled.jpg\",\"contentUrl\":\"https:\\\/\\\/spicyflowers.fr\\\/wp-content\\\/uploads\\\/2023\\\/01\\\/323365052_5585378684894591_2843730172995193206_n-1-scaled.jpg\",\"width\":1920,\"height\":2560,\"caption\":\"M\u00e9lange d'herbes amincissant\"},{\"@type\":\"BreadcrumbList\",\"@id\":\"https:\\\/\\\/spicyflowers.fr\\\/?product=melange-dherbes-amincissant#breadcrumb\",\"itemListElement\":[{\"@type\":\"ListItem\",\"position\":1,\"name\":\"Accueil\",\"item\":\"https:\\\/\\\/spicyflowers.fr\\\/\"},{\"@type\":\"ListItem\",\"position\":2,\"name\":\"La boutique Spicy Flowers\",\"item\":\"https:\\\/\\\/spicyflowers.fr\\\/?page_id=5\"},{\"@type\":\"ListItem\",\"position\":3,\"name\":\"M\u00e9lange d&rsquo;herbes amincissant\"}]},{\"@type\":\"WebSite\",\"@id\":\"https:\\\/\\\/spicyflowers.fr\\\/#website\",\"url\":\"https:\\\/\\\/spicyflowers.fr\\\/\",\"name\":\"SPICYFLOWERS\",\"description\":\"\",\"publisher\":{\"@id\":\"https:\\\/\\\/spicyflowers.fr\\\/#organization\"},\"potentialAction\":[{\"@type\":\"SearchAction\",\"target\":{\"@type\":\"EntryPoint\",\"urlTemplate\":\"https:\\\/\\\/spicyflowers.fr\\\/?s={search_term_string}\"},\"query-input\":{\"@type\":\"PropertyValueSpecification\",\"valueRequired\":true,\"valueName\":\"search_term_string\"}}],\"inLanguage\":\"fr-FR\"},{\"@type\":\"Organization\",\"@id\":\"https:\\\/\\\/spicyflowers.fr\\\/#organization\",\"name\":\"SPICYFLOWERS\",\"url\":\"https:\\\/\\\/spicyflowers.fr\\\/\",\"logo\":{\"@type\":\"ImageObject\",\"inLanguage\":\"fr-FR\",\"@id\":\"https:\\\/\\\/spicyflowers.fr\\\/#\\\/schema\\\/logo\\\/image\\\/\",\"url\":\"https:\\\/\\\/spicyflowers.fr\\\/wp-content\\\/uploads\\\/2025\\\/02\\\/cropped-spicy-flowers.png\",\"contentUrl\":\"https:\\\/\\\/spicyflowers.fr\\\/wp-content\\\/uploads\\\/2025\\\/02\\\/cropped-spicy-flowers.png\",\"width\":1792,\"height\":1792,\"caption\":\"SPICYFLOWERS\"},\"image\":{\"@id\":\"https:\\\/\\\/spicyflowers.fr\\\/#\\\/schema\\\/logo\\\/image\\\/\"}}]}<\/script>\n<!-- \/ Yoast SEO plugin. -->","yoast_head_json":{"title":"M\u00e9lange d'herbes amincissant -","description":"Notre th\u00e9 minceur est sp\u00e9cialement con\u00e7u pour favoriser la perte de poids en normalisant le m\u00e9tabolisme.","robots":{"index":"index","follow":"follow","max-snippet":"max-snippet:-1","max-image-preview":"max-image-preview:large","max-video-preview":"max-video-preview:-1"},"canonical":"https:\/\/spicyflowers.fr\/?product=melange-dherbes-amincissant","og_locale":"fr_FR","og_type":"article","og_title":"M\u00e9lange d'herbes amincissant -","og_description":"Notre th\u00e9 minceur est sp\u00e9cialement con\u00e7u pour favoriser la perte de poids en normalisant le m\u00e9tabolisme.","og_url":"https:\/\/spicyflowers.fr\/?product=melange-dherbes-amincissant","article_modified_time":"2023-02-15T13:31:45+00:00","og_image":[{"width":1920,"height":2560,"url":"https:\/\/spicyflowers.fr\/wp-content\/uploads\/2023\/01\/323365052_5585378684894591_2843730172995193206_n-1-scaled.jpg","type":"image\/jpeg"}],"twitter_card":"summary_large_image","twitter_misc":{"Dur\u00e9e de lecture estim\u00e9e":"1 minute"},"schema":{"@context":"https:\/\/schema.org","@graph":[{"@type":"WebPage","@id":"https:\/\/spicyflowers.fr\/?product=melange-dherbes-amincissant","url":"https:\/\/spicyflowers.fr\/?product=melange-dherbes-amincissant","name":"M\u00e9lange d'herbes amincissant -","isPartOf":{"@id":"https:\/\/spicyflowers.fr\/#website"},"primaryImageOfPage":{"@id":"https:\/\/spicyflowers.fr\/?product=melange-dherbes-amincissant#primaryimage"},"image":{"@id":"https:\/\/spicyflowers.fr\/?product=melange-dherbes-amincissant#primaryimage"},"thumbnailUrl":"https:\/\/spicyflowers.fr\/wp-content\/uploads\/2023\/01\/323365052_5585378684894591_2843730172995193206_n-1-scaled.jpg","datePublished":"2023-01-21T22:43:43+00:00","dateModified":"2023-02-15T13:31:45+00:00","description":"Notre th\u00e9 minceur est sp\u00e9cialement con\u00e7u pour favoriser la perte de poids en normalisant le m\u00e9tabolisme.","breadcrumb":{"@id":"https:\/\/spicyflowers.fr\/?product=melange-dherbes-amincissant#breadcrumb"},"inLanguage":"fr-FR","potentialAction":[{"@type":"ReadAction","target":["https:\/\/spicyflowers.fr\/?product=melange-dherbes-amincissant"]}]},{"@type":"ImageObject","inLanguage":"fr-FR","@id":"https:\/\/spicyflowers.fr\/?product=melange-dherbes-amincissant#primaryimage","url":"https:\/\/spicyflowers.fr\/wp-content\/uploads\/2023\/01\/323365052_5585378684894591_2843730172995193206_n-1-scaled.jpg","contentUrl":"https:\/\/spicyflowers.fr\/wp-content\/uploads\/2023\/01\/323365052_5585378684894591_2843730172995193206_n-1-scaled.jpg","width":1920,"height":2560,"caption":"M\u00e9lange d'herbes amincissant"},{"@type":"BreadcrumbList","@id":"https:\/\/spicyflowers.fr\/?product=melange-dherbes-amincissant#breadcrumb","itemListElement":[{"@type":"ListItem","position":1,"name":"Accueil","item":"https:\/\/spicyflowers.fr\/"},{"@type":"ListItem","position":2,"name":"La boutique Spicy Flowers","item":"https:\/\/spicyflowers.fr\/?page_id=5"},{"@type":"ListItem","position":3,"name":"M\u00e9lange d&rsquo;herbes amincissant"}]},{"@type":"WebSite","@id":"https:\/\/spicyflowers.fr\/#website","url":"https:\/\/spicyflowers.fr\/","name":"SPICYFLOWERS","description":"","publisher":{"@id":"https:\/\/spicyflowers.fr\/#organization"},"potentialAction":[{"@type":"SearchAction","target":{"@type":"EntryPoint","urlTemplate":"https:\/\/spicyflowers.fr\/?s={search_term_string}"},"query-input":{"@type":"PropertyValueSpecification","valueRequired":true,"valueName":"search_term_string"}}],"inLanguage":"fr-FR"},{"@type":"Organization","@id":"https:\/\/spicyflowers.fr\/#organization","name":"SPICYFLOWERS","url":"https:\/\/spicyflowers.fr\/","logo":{"@type":"ImageObject","inLanguage":"fr-FR","@id":"https:\/\/spicyflowers.fr\/#\/schema\/logo\/image\/","url":"https:\/\/spicyflowers.fr\/wp-content\/uploads\/2025\/02\/cropped-spicy-flowers.png","contentUrl":"https:\/\/spicyflowers.fr\/wp-content\/uploads\/2025\/02\/cropped-spicy-flowers.png","width":1792,"height":1792,"caption":"SPICYFLOWERS"},"image":{"@id":"https:\/\/spicyflowers.fr\/#\/schema\/logo\/image\/"}}]}},"_links":{"self":[{"href":"https:\/\/spicyflowers.fr\/index.php?rest_route=\/wp\/v2\/product\/511","targetHints":{"allow":["GET"]}}],"collection":[{"href":"https:\/\/spicyflowers.fr\/index.php?rest_route=\/wp\/v2\/product"}],"about":[{"href":"https:\/\/spicyflowers.fr\/index.php?rest_route=\/wp\/v2\/types\/product"}],"replies":[{"embeddable":true,"href":"https:\/\/spicyflowers.fr\/index.php?rest_route=%2Fwp%2Fv2%2Fcomments&post=511"}],"version-history":[{"count":1,"href":"https:\/\/spicyflowers.fr\/index.php?rest_route=\/wp\/v2\/product\/511\/revisions"}],"predecessor-version":[{"id":1423,"href":"https:\/\/spicyflowers.fr\/index.php?rest_route=\/wp\/v2\/product\/511\/revisions\/1423"}],"wp:featuredmedia":[{"embeddable":true,"href":"https:\/\/spicyflowers.fr\/index.php?rest_route=\/wp\/v2\/media\/512"}],"wp:attachment":[{"href":"https:\/\/spicyflowers.fr\/index.php?rest_route=%2Fwp%2Fv2%2Fmedia&parent=511"}],"wp:term":[{"taxonomy":"product_brand","embeddable":true,"href":"https:\/\/spicyflowers.fr\/index.php?rest_route=%2Fwp%2Fv2%2Fproduct_brand&post=511"},{"taxonomy":"product_cat","embeddable":true,"href":"https:\/\/spicyflowers.fr\/index.php?rest_route=%2Fwp%2Fv2%2Fproduct_cat&post=511"},{"taxonomy":"product_tag","embeddable":true,"href":"https:\/\/spicyflowers.fr\/index.php?rest_route=%2Fwp%2Fv2%2Fproduct_tag&post=511"}],"curies":[{"name":"wp","href":"https:\/\/api.w.org\/{rel}","templated":true}]}}