{"id":489,"date":"2023-01-21T22:09:32","date_gmt":"2023-01-21T22:09:32","guid":{"rendered":"https:\/\/spicyflowers.fr\/?post_type=product&#038;p=489"},"modified":"2023-02-15T13:32:25","modified_gmt":"2023-02-15T13:32:25","slug":"huile-de-chanvre-full-spectrum-base-coco","status":"publish","type":"product","link":"https:\/\/spicyflowers.fr\/?product=huile-de-chanvre-full-spectrum-base-coco","title":{"rendered":"Huile de Chanvre Full Spectrum \u2013 base coco &#8211; 20 % &#038; 40 %"},"content":{"rendered":"<p>Notre huile de CBD \u00ab\u00a0full spectrum\u00a0\u00bb est fabriqu\u00e9e en France et est 100% naturelle, avec un dosage de 20 % ou 40%\u00a0 de CBD. Elle est connue pour ses bienfaits, tels que la relaxation et le sommeil, ou encore la lutte contre le stress et l&rsquo;anxi\u00e9t\u00e9.<\/p>\n<p>Notre huile est \u00ab\u00a0full spectrum\u00a0\u00bb, ce qui signifie qu&rsquo;elle contient tous les cannabino\u00efdes, y compris du THC \u00e0 moins de 0,2%. Contrairement \u00e0 l&rsquo;huile isolat, l&rsquo;huile \u00ab\u00a0full spectrum\u00a0\u00bb permet d&rsquo;avoir un effet d&rsquo;entourage qui augmente les b\u00e9n\u00e9fices du CBD.<\/p>\n<p><strong>Caract\u00e9ristiques<\/strong>:<\/p>\n<ul>\n<li>Type de CBD : Full spectrum<\/li>\n<li>Type d&rsquo;huile : Coco<\/li>\n<li>Type d&rsquo;extraction : CO\u2082 supercritique<\/li>\n<li>Concentration en CBD : 40% \/ 4000mg<\/li>\n<li>Concentration en THC : &lt; 0,2%<\/li>\n<li>Contenance : 10ml<\/li>\n<li>Fabrication : 100% Made in France<\/li>\n<\/ul>\n<p>Le flacon de 10ml est livr\u00e9 avec une pipette pour une utilisation facile de l&rsquo;huile de coco concentr\u00e9e \u00e0 20% ou 40% de CBD.<\/p>\n","protected":false},"excerpt":{"rendered":"<p>Notre huile de CBD \u00ab\u00a0full spectrum\u00a0\u00bb est fabriqu\u00e9e en France et est 100% naturelle, avec un dosage de 20 % ou 40%\u00a0 de CBD. Elle est connue pour ses bienfaits, tels que la relaxation et le sommeil, ou encore la lutte contre le stress et l&rsquo;anxi\u00e9t\u00e9.<\/p>\n","protected":false},"featured_media":492,"comment_status":"open","ping_status":"closed","template":"","meta":{"site-sidebar-layout":"default","site-content-layout":"default","ast-site-content-layout":"default","site-content-style":"default","site-sidebar-style":"default","ast-global-header-display":"","ast-banner-title-visibility":"","ast-main-header-display":"","ast-hfb-above-header-display":"","ast-hfb-below-header-display":"","ast-hfb-mobile-header-display":"","site-post-title":"","ast-breadcrumbs-content":"","ast-featured-img":"","footer-sml-layout":"","ast-disable-related-posts":"","theme-transparent-header-meta":"default","adv-header-id-meta":"","stick-header-meta":"","header-above-stick-meta":"","header-main-stick-meta":"","header-below-stick-meta":"","astra-migrate-meta-layouts":"default","ast-page-background-enabled":"default","ast-page-background-meta":{"desktop":{"background-color":"var(--ast-global-color-4)","background-image":"","background-repeat":"repeat","background-position":"center center","background-size":"auto","background-attachment":"scroll","background-type":"","background-media":"","overlay-type":"","overlay-color":"","overlay-opacity":"","overlay-gradient":""},"tablet":{"background-color":"","background-image":"","background-repeat":"repeat","background-position":"center center","background-size":"auto","background-attachment":"scroll","background-type":"","background-media":"","overlay-type":"","overlay-color":"","overlay-opacity":"","overlay-gradient":""},"mobile":{"background-color":"","background-image":"","background-repeat":"repeat","background-position":"center center","background-size":"auto","background-attachment":"scroll","background-type":"","background-media":"","overlay-type":"","overlay-color":"","overlay-opacity":"","overlay-gradient":""}},"ast-content-background-meta":{"desktop":{"background-color":"var(--ast-global-color-5)","background-image":"","background-repeat":"repeat","background-position":"center center","background-size":"auto","background-attachment":"scroll","background-type":"","background-media":"","overlay-type":"","overlay-color":"","overlay-opacity":"","overlay-gradient":""},"tablet":{"background-color":"var(--ast-global-color-5)","background-image":"","background-repeat":"repeat","background-position":"center center","background-size":"auto","background-attachment":"scroll","background-type":"","background-media":"","overlay-type":"","overlay-color":"","overlay-opacity":"","overlay-gradient":""},"mobile":{"background-color":"var(--ast-global-color-5)","background-image":"","background-repeat":"repeat","background-position":"center center","background-size":"auto","background-attachment":"scroll","background-type":"","background-media":"","overlay-type":"","overlay-color":"","overlay-opacity":"","overlay-gradient":""}}},"product_brand":[],"product_cat":[36],"product_tag":[],"class_list":{"0":"post-489","1":"product","2":"type-product","3":"status-publish","4":"has-post-thumbnail","6":"product_cat-huiles-de-cbd","7":"desktop-align-left","8":"tablet-align-left","9":"mobile-align-left","11":"first","12":"instock","13":"taxable","14":"shipping-taxable","15":"purchasable","16":"product-type-variable"},"yoast_head":"<!-- This site is optimized with the Yoast SEO plugin v27.3 - https:\/\/yoast.com\/product\/yoast-seo-wordpress\/ -->\n<title>Huile de Chanvre Full Spectrum \u2013 base coco - 20 % &amp; 40 % -<\/title>\n<meta name=\"description\" content=\"Notre huile de CBD &quot;full spectrum&quot; est fabriqu\u00e9e en France et est 100% naturelle, avec un dosage de 20 % ou 40%\u00a0 de CBD. Elle est connue pour ses bienfaits, tels que la relaxation et le sommeil, ou encore la lutte contre le stress et l&#039;anxi\u00e9t\u00e9.\" \/>\n<meta name=\"robots\" content=\"index, follow, max-snippet:-1, max-image-preview:large, max-video-preview:-1\" \/>\n<link rel=\"canonical\" href=\"https:\/\/spicyflowers.fr\/?product=huile-de-chanvre-full-spectrum-base-coco\" \/>\n<meta property=\"og:locale\" content=\"fr_FR\" \/>\n<meta property=\"og:type\" content=\"article\" \/>\n<meta property=\"og:title\" content=\"Huile de Chanvre Full Spectrum \u2013 base coco - 20 % &amp; 40 % -\" \/>\n<meta property=\"og:description\" content=\"Notre huile de CBD &quot;full spectrum&quot; est fabriqu\u00e9e en France et est 100% naturelle, avec un dosage de 20 % ou 40%\u00a0 de CBD. Elle est connue pour ses bienfaits, tels que la relaxation et le sommeil, ou encore la lutte contre le stress et l&#039;anxi\u00e9t\u00e9.\" \/>\n<meta property=\"og:url\" content=\"https:\/\/spicyflowers.fr\/?product=huile-de-chanvre-full-spectrum-base-coco\" \/>\n<meta property=\"article:modified_time\" content=\"2023-02-15T13:32:25+00:00\" \/>\n<meta property=\"og:image\" content=\"https:\/\/spicyflowers.fr\/wp-content\/uploads\/2023\/01\/318585019_3656788721219426_8816105861057483082_n-1-scaled.jpg\" \/>\n\t<meta property=\"og:image:width\" content=\"1920\" \/>\n\t<meta property=\"og:image:height\" content=\"2560\" \/>\n\t<meta property=\"og:image:type\" content=\"image\/jpeg\" \/>\n<meta name=\"twitter:card\" content=\"summary_large_image\" \/>\n<meta name=\"twitter:label1\" content=\"Dur\u00e9e de lecture estim\u00e9e\" \/>\n\t<meta name=\"twitter:data1\" content=\"1 minute\" \/>\n<script type=\"application\/ld+json\" class=\"yoast-schema-graph\">{\"@context\":\"https:\\\/\\\/schema.org\",\"@graph\":[{\"@type\":\"WebPage\",\"@id\":\"https:\\\/\\\/spicyflowers.fr\\\/?product=huile-de-chanvre-full-spectrum-base-coco\",\"url\":\"https:\\\/\\\/spicyflowers.fr\\\/?product=huile-de-chanvre-full-spectrum-base-coco\",\"name\":\"Huile de Chanvre Full Spectrum \u2013 base coco - 20 % & 40 % -\",\"isPartOf\":{\"@id\":\"https:\\\/\\\/spicyflowers.fr\\\/#website\"},\"primaryImageOfPage\":{\"@id\":\"https:\\\/\\\/spicyflowers.fr\\\/?product=huile-de-chanvre-full-spectrum-base-coco#primaryimage\"},\"image\":{\"@id\":\"https:\\\/\\\/spicyflowers.fr\\\/?product=huile-de-chanvre-full-spectrum-base-coco#primaryimage\"},\"thumbnailUrl\":\"https:\\\/\\\/spicyflowers.fr\\\/wp-content\\\/uploads\\\/2023\\\/01\\\/318585019_3656788721219426_8816105861057483082_n-1-scaled.jpg\",\"datePublished\":\"2023-01-21T22:09:32+00:00\",\"dateModified\":\"2023-02-15T13:32:25+00:00\",\"description\":\"Notre huile de CBD \\\"full spectrum\\\" est fabriqu\u00e9e en France et est 100% naturelle, avec un dosage de 20 % ou 40%\u00a0 de CBD. Elle est connue pour ses bienfaits, tels que la relaxation et le sommeil, ou encore la lutte contre le stress et l'anxi\u00e9t\u00e9.\",\"breadcrumb\":{\"@id\":\"https:\\\/\\\/spicyflowers.fr\\\/?product=huile-de-chanvre-full-spectrum-base-coco#breadcrumb\"},\"inLanguage\":\"fr-FR\",\"potentialAction\":[{\"@type\":\"ReadAction\",\"target\":[\"https:\\\/\\\/spicyflowers.fr\\\/?product=huile-de-chanvre-full-spectrum-base-coco\"]}]},{\"@type\":\"ImageObject\",\"inLanguage\":\"fr-FR\",\"@id\":\"https:\\\/\\\/spicyflowers.fr\\\/?product=huile-de-chanvre-full-spectrum-base-coco#primaryimage\",\"url\":\"https:\\\/\\\/spicyflowers.fr\\\/wp-content\\\/uploads\\\/2023\\\/01\\\/318585019_3656788721219426_8816105861057483082_n-1-scaled.jpg\",\"contentUrl\":\"https:\\\/\\\/spicyflowers.fr\\\/wp-content\\\/uploads\\\/2023\\\/01\\\/318585019_3656788721219426_8816105861057483082_n-1-scaled.jpg\",\"width\":1920,\"height\":2560,\"caption\":\"Huile de Chanvre Full Spectrum \u2013 base coco\"},{\"@type\":\"BreadcrumbList\",\"@id\":\"https:\\\/\\\/spicyflowers.fr\\\/?product=huile-de-chanvre-full-spectrum-base-coco#breadcrumb\",\"itemListElement\":[{\"@type\":\"ListItem\",\"position\":1,\"name\":\"Accueil\",\"item\":\"https:\\\/\\\/spicyflowers.fr\\\/\"},{\"@type\":\"ListItem\",\"position\":2,\"name\":\"La boutique Spicy Flowers\",\"item\":\"https:\\\/\\\/spicyflowers.fr\\\/?page_id=5\"},{\"@type\":\"ListItem\",\"position\":3,\"name\":\"Huile de Chanvre Full Spectrum \u2013 base coco &#8211; 20 % &#038; 40 %\"}]},{\"@type\":\"WebSite\",\"@id\":\"https:\\\/\\\/spicyflowers.fr\\\/#website\",\"url\":\"https:\\\/\\\/spicyflowers.fr\\\/\",\"name\":\"SPICYFLOWERS\",\"description\":\"\",\"publisher\":{\"@id\":\"https:\\\/\\\/spicyflowers.fr\\\/#organization\"},\"potentialAction\":[{\"@type\":\"SearchAction\",\"target\":{\"@type\":\"EntryPoint\",\"urlTemplate\":\"https:\\\/\\\/spicyflowers.fr\\\/?s={search_term_string}\"},\"query-input\":{\"@type\":\"PropertyValueSpecification\",\"valueRequired\":true,\"valueName\":\"search_term_string\"}}],\"inLanguage\":\"fr-FR\"},{\"@type\":\"Organization\",\"@id\":\"https:\\\/\\\/spicyflowers.fr\\\/#organization\",\"name\":\"SPICYFLOWERS\",\"url\":\"https:\\\/\\\/spicyflowers.fr\\\/\",\"logo\":{\"@type\":\"ImageObject\",\"inLanguage\":\"fr-FR\",\"@id\":\"https:\\\/\\\/spicyflowers.fr\\\/#\\\/schema\\\/logo\\\/image\\\/\",\"url\":\"https:\\\/\\\/spicyflowers.fr\\\/wp-content\\\/uploads\\\/2025\\\/02\\\/cropped-spicy-flowers.png\",\"contentUrl\":\"https:\\\/\\\/spicyflowers.fr\\\/wp-content\\\/uploads\\\/2025\\\/02\\\/cropped-spicy-flowers.png\",\"width\":1792,\"height\":1792,\"caption\":\"SPICYFLOWERS\"},\"image\":{\"@id\":\"https:\\\/\\\/spicyflowers.fr\\\/#\\\/schema\\\/logo\\\/image\\\/\"}}]}<\/script>\n<!-- \/ Yoast SEO plugin. -->","yoast_head_json":{"title":"Huile de Chanvre Full Spectrum \u2013 base coco - 20 % & 40 % -","description":"Notre huile de CBD \"full spectrum\" est fabriqu\u00e9e en France et est 100% naturelle, avec un dosage de 20 % ou 40%\u00a0 de CBD. Elle est connue pour ses bienfaits, tels que la relaxation et le sommeil, ou encore la lutte contre le stress et l'anxi\u00e9t\u00e9.","robots":{"index":"index","follow":"follow","max-snippet":"max-snippet:-1","max-image-preview":"max-image-preview:large","max-video-preview":"max-video-preview:-1"},"canonical":"https:\/\/spicyflowers.fr\/?product=huile-de-chanvre-full-spectrum-base-coco","og_locale":"fr_FR","og_type":"article","og_title":"Huile de Chanvre Full Spectrum \u2013 base coco - 20 % & 40 % -","og_description":"Notre huile de CBD \"full spectrum\" est fabriqu\u00e9e en France et est 100% naturelle, avec un dosage de 20 % ou 40%\u00a0 de CBD. Elle est connue pour ses bienfaits, tels que la relaxation et le sommeil, ou encore la lutte contre le stress et l'anxi\u00e9t\u00e9.","og_url":"https:\/\/spicyflowers.fr\/?product=huile-de-chanvre-full-spectrum-base-coco","article_modified_time":"2023-02-15T13:32:25+00:00","og_image":[{"width":1920,"height":2560,"url":"https:\/\/spicyflowers.fr\/wp-content\/uploads\/2023\/01\/318585019_3656788721219426_8816105861057483082_n-1-scaled.jpg","type":"image\/jpeg"}],"twitter_card":"summary_large_image","twitter_misc":{"Dur\u00e9e de lecture estim\u00e9e":"1 minute"},"schema":{"@context":"https:\/\/schema.org","@graph":[{"@type":"WebPage","@id":"https:\/\/spicyflowers.fr\/?product=huile-de-chanvre-full-spectrum-base-coco","url":"https:\/\/spicyflowers.fr\/?product=huile-de-chanvre-full-spectrum-base-coco","name":"Huile de Chanvre Full Spectrum \u2013 base coco - 20 % & 40 % -","isPartOf":{"@id":"https:\/\/spicyflowers.fr\/#website"},"primaryImageOfPage":{"@id":"https:\/\/spicyflowers.fr\/?product=huile-de-chanvre-full-spectrum-base-coco#primaryimage"},"image":{"@id":"https:\/\/spicyflowers.fr\/?product=huile-de-chanvre-full-spectrum-base-coco#primaryimage"},"thumbnailUrl":"https:\/\/spicyflowers.fr\/wp-content\/uploads\/2023\/01\/318585019_3656788721219426_8816105861057483082_n-1-scaled.jpg","datePublished":"2023-01-21T22:09:32+00:00","dateModified":"2023-02-15T13:32:25+00:00","description":"Notre huile de CBD \"full spectrum\" est fabriqu\u00e9e en France et est 100% naturelle, avec un dosage de 20 % ou 40%\u00a0 de CBD. Elle est connue pour ses bienfaits, tels que la relaxation et le sommeil, ou encore la lutte contre le stress et l'anxi\u00e9t\u00e9.","breadcrumb":{"@id":"https:\/\/spicyflowers.fr\/?product=huile-de-chanvre-full-spectrum-base-coco#breadcrumb"},"inLanguage":"fr-FR","potentialAction":[{"@type":"ReadAction","target":["https:\/\/spicyflowers.fr\/?product=huile-de-chanvre-full-spectrum-base-coco"]}]},{"@type":"ImageObject","inLanguage":"fr-FR","@id":"https:\/\/spicyflowers.fr\/?product=huile-de-chanvre-full-spectrum-base-coco#primaryimage","url":"https:\/\/spicyflowers.fr\/wp-content\/uploads\/2023\/01\/318585019_3656788721219426_8816105861057483082_n-1-scaled.jpg","contentUrl":"https:\/\/spicyflowers.fr\/wp-content\/uploads\/2023\/01\/318585019_3656788721219426_8816105861057483082_n-1-scaled.jpg","width":1920,"height":2560,"caption":"Huile de Chanvre Full Spectrum \u2013 base coco"},{"@type":"BreadcrumbList","@id":"https:\/\/spicyflowers.fr\/?product=huile-de-chanvre-full-spectrum-base-coco#breadcrumb","itemListElement":[{"@type":"ListItem","position":1,"name":"Accueil","item":"https:\/\/spicyflowers.fr\/"},{"@type":"ListItem","position":2,"name":"La boutique Spicy Flowers","item":"https:\/\/spicyflowers.fr\/?page_id=5"},{"@type":"ListItem","position":3,"name":"Huile de Chanvre Full Spectrum \u2013 base coco &#8211; 20 % &#038; 40 %"}]},{"@type":"WebSite","@id":"https:\/\/spicyflowers.fr\/#website","url":"https:\/\/spicyflowers.fr\/","name":"SPICYFLOWERS","description":"","publisher":{"@id":"https:\/\/spicyflowers.fr\/#organization"},"potentialAction":[{"@type":"SearchAction","target":{"@type":"EntryPoint","urlTemplate":"https:\/\/spicyflowers.fr\/?s={search_term_string}"},"query-input":{"@type":"PropertyValueSpecification","valueRequired":true,"valueName":"search_term_string"}}],"inLanguage":"fr-FR"},{"@type":"Organization","@id":"https:\/\/spicyflowers.fr\/#organization","name":"SPICYFLOWERS","url":"https:\/\/spicyflowers.fr\/","logo":{"@type":"ImageObject","inLanguage":"fr-FR","@id":"https:\/\/spicyflowers.fr\/#\/schema\/logo\/image\/","url":"https:\/\/spicyflowers.fr\/wp-content\/uploads\/2025\/02\/cropped-spicy-flowers.png","contentUrl":"https:\/\/spicyflowers.fr\/wp-content\/uploads\/2025\/02\/cropped-spicy-flowers.png","width":1792,"height":1792,"caption":"SPICYFLOWERS"},"image":{"@id":"https:\/\/spicyflowers.fr\/#\/schema\/logo\/image\/"}}]}},"_links":{"self":[{"href":"https:\/\/spicyflowers.fr\/index.php?rest_route=\/wp\/v2\/product\/489","targetHints":{"allow":["GET"]}}],"collection":[{"href":"https:\/\/spicyflowers.fr\/index.php?rest_route=\/wp\/v2\/product"}],"about":[{"href":"https:\/\/spicyflowers.fr\/index.php?rest_route=\/wp\/v2\/types\/product"}],"replies":[{"embeddable":true,"href":"https:\/\/spicyflowers.fr\/index.php?rest_route=%2Fwp%2Fv2%2Fcomments&post=489"}],"version-history":[{"count":1,"href":"https:\/\/spicyflowers.fr\/index.php?rest_route=\/wp\/v2\/product\/489\/revisions"}],"predecessor-version":[{"id":1339,"href":"https:\/\/spicyflowers.fr\/index.php?rest_route=\/wp\/v2\/product\/489\/revisions\/1339"}],"wp:featuredmedia":[{"embeddable":true,"href":"https:\/\/spicyflowers.fr\/index.php?rest_route=\/wp\/v2\/media\/492"}],"wp:attachment":[{"href":"https:\/\/spicyflowers.fr\/index.php?rest_route=%2Fwp%2Fv2%2Fmedia&parent=489"}],"wp:term":[{"taxonomy":"product_brand","embeddable":true,"href":"https:\/\/spicyflowers.fr\/index.php?rest_route=%2Fwp%2Fv2%2Fproduct_brand&post=489"},{"taxonomy":"product_cat","embeddable":true,"href":"https:\/\/spicyflowers.fr\/index.php?rest_route=%2Fwp%2Fv2%2Fproduct_cat&post=489"},{"taxonomy":"product_tag","embeddable":true,"href":"https:\/\/spicyflowers.fr\/index.php?rest_route=%2Fwp%2Fv2%2Fproduct_tag&post=489"}],"curies":[{"name":"wp","href":"https:\/\/api.w.org\/{rel}","templated":true}]}}