{"id":479,"date":"2023-01-21T21:51:49","date_gmt":"2023-01-21T21:51:49","guid":{"rendered":"https:\/\/spicyflowers.fr\/?post_type=product&#038;p=479"},"modified":"2023-01-21T21:51:49","modified_gmt":"2023-01-21T21:51:49","slug":"huile-de-cbd-pour-chat","status":"publish","type":"product","link":"https:\/\/spicyflowers.fr\/?product=huile-de-cbd-pour-chat","title":{"rendered":"Huile de CBD pour chat"},"content":{"rendered":"<p>Cette huile de CBD pour chat est con\u00e7ue pour soulager naturellement l&rsquo;anxi\u00e9t\u00e9 de votre animal de compagnie. Elle facilite la d\u00e9tente et la relaxation de votre chat en agissant rapidement. Le flacon contient 10 ml d&rsquo;huile concentr\u00e9e \u00e0 3% de CBD, un taux recommand\u00e9 pour les chats. Cette huile est 100% naturelle, sans pesticide et ne contient pas de THC, respectant ainsi la r\u00e9glementation europ\u00e9enne.<\/p>\n<p>Elle permet de soulager les douleurs chroniques, les inflammations et les troubles neurologiques tels que les convulsions et l&rsquo;\u00e9pilepsie. Il est recommand\u00e9 de donner entre 1 et 5 mg de CBD par jour pour les chats de moins de 5 kg et de augmenter jusqu&rsquo;\u00e0 6 mg pour les chats atteints de cancer ou de convulsions.<\/p>\n","protected":false},"excerpt":{"rendered":"<p>Cette huile de CBD pour chat est con\u00e7ue pour soulager naturellement l&rsquo;anxi\u00e9t\u00e9 de votre animal de compagnie.<\/p>\n","protected":false},"featured_media":480,"comment_status":"open","ping_status":"closed","template":"","meta":{"site-sidebar-layout":"default","site-content-layout":"","ast-site-content-layout":"default","site-content-style":"default","site-sidebar-style":"default","ast-global-header-display":"","ast-banner-title-visibility":"","ast-main-header-display":"","ast-hfb-above-header-display":"","ast-hfb-below-header-display":"","ast-hfb-mobile-header-display":"","site-post-title":"","ast-breadcrumbs-content":"","ast-featured-img":"","footer-sml-layout":"","ast-disable-related-posts":"","theme-transparent-header-meta":"","adv-header-id-meta":"","stick-header-meta":"","header-above-stick-meta":"","header-main-stick-meta":"","header-below-stick-meta":"","astra-migrate-meta-layouts":"default","ast-page-background-enabled":"default","ast-page-background-meta":{"desktop":{"background-color":"var(--ast-global-color-4)","background-image":"","background-repeat":"repeat","background-position":"center center","background-size":"auto","background-attachment":"scroll","background-type":"","background-media":"","overlay-type":"","overlay-color":"","overlay-opacity":"","overlay-gradient":""},"tablet":{"background-color":"","background-image":"","background-repeat":"repeat","background-position":"center center","background-size":"auto","background-attachment":"scroll","background-type":"","background-media":"","overlay-type":"","overlay-color":"","overlay-opacity":"","overlay-gradient":""},"mobile":{"background-color":"","background-image":"","background-repeat":"repeat","background-position":"center center","background-size":"auto","background-attachment":"scroll","background-type":"","background-media":"","overlay-type":"","overlay-color":"","overlay-opacity":"","overlay-gradient":""}},"ast-content-background-meta":{"desktop":{"background-color":"var(--ast-global-color-5)","background-image":"","background-repeat":"repeat","background-position":"center center","background-size":"auto","background-attachment":"scroll","background-type":"","background-media":"","overlay-type":"","overlay-color":"","overlay-opacity":"","overlay-gradient":""},"tablet":{"background-color":"var(--ast-global-color-5)","background-image":"","background-repeat":"repeat","background-position":"center center","background-size":"auto","background-attachment":"scroll","background-type":"","background-media":"","overlay-type":"","overlay-color":"","overlay-opacity":"","overlay-gradient":""},"mobile":{"background-color":"var(--ast-global-color-5)","background-image":"","background-repeat":"repeat","background-position":"center center","background-size":"auto","background-attachment":"scroll","background-type":"","background-media":"","overlay-type":"","overlay-color":"","overlay-opacity":"","overlay-gradient":""}}},"product_brand":[],"product_cat":[45],"product_tag":[],"class_list":{"0":"post-479","1":"product","2":"type-product","3":"status-publish","4":"has-post-thumbnail","6":"product_cat-animaux","7":"desktop-align-left","8":"tablet-align-left","9":"mobile-align-left","11":"first","12":"instock","13":"taxable","14":"shipping-taxable","15":"purchasable","16":"product-type-simple"},"yoast_head":"<!-- This site is optimized with the Yoast SEO plugin v27.3 - https:\/\/yoast.com\/product\/yoast-seo-wordpress\/ -->\n<title>Huile de CBD pour chat -<\/title>\n<meta name=\"description\" content=\"Cette huile de CBD pour chat est con\u00e7ue pour soulager naturellement l&#039;anxi\u00e9t\u00e9 de votre animal de compagnie.\" \/>\n<meta name=\"robots\" content=\"index, follow, max-snippet:-1, max-image-preview:large, max-video-preview:-1\" \/>\n<link rel=\"canonical\" href=\"https:\/\/spicyflowers.fr\/?product=huile-de-cbd-pour-chat\" \/>\n<meta property=\"og:locale\" content=\"fr_FR\" \/>\n<meta property=\"og:type\" content=\"article\" \/>\n<meta property=\"og:title\" content=\"Huile de CBD pour chat -\" \/>\n<meta property=\"og:description\" content=\"Cette huile de CBD pour chat est con\u00e7ue pour soulager naturellement l&#039;anxi\u00e9t\u00e9 de votre animal de compagnie.\" \/>\n<meta property=\"og:url\" content=\"https:\/\/spicyflowers.fr\/?product=huile-de-cbd-pour-chat\" \/>\n<meta property=\"og:image\" content=\"https:\/\/spicyflowers.fr\/wp-content\/uploads\/2023\/01\/319158544_1377393189732255_6929165986663911951_n-1-scaled.jpg\" \/>\n\t<meta property=\"og:image:width\" content=\"1920\" \/>\n\t<meta property=\"og:image:height\" content=\"2560\" \/>\n\t<meta property=\"og:image:type\" content=\"image\/jpeg\" \/>\n<meta name=\"twitter:card\" content=\"summary_large_image\" \/>\n<meta name=\"twitter:label1\" content=\"Dur\u00e9e de lecture estim\u00e9e\" \/>\n\t<meta name=\"twitter:data1\" content=\"1 minute\" \/>\n<script type=\"application\/ld+json\" class=\"yoast-schema-graph\">{\"@context\":\"https:\\\/\\\/schema.org\",\"@graph\":[{\"@type\":\"WebPage\",\"@id\":\"https:\\\/\\\/spicyflowers.fr\\\/?product=huile-de-cbd-pour-chat\",\"url\":\"https:\\\/\\\/spicyflowers.fr\\\/?product=huile-de-cbd-pour-chat\",\"name\":\"Huile de CBD pour chat -\",\"isPartOf\":{\"@id\":\"https:\\\/\\\/spicyflowers.fr\\\/#website\"},\"primaryImageOfPage\":{\"@id\":\"https:\\\/\\\/spicyflowers.fr\\\/?product=huile-de-cbd-pour-chat#primaryimage\"},\"image\":{\"@id\":\"https:\\\/\\\/spicyflowers.fr\\\/?product=huile-de-cbd-pour-chat#primaryimage\"},\"thumbnailUrl\":\"https:\\\/\\\/spicyflowers.fr\\\/wp-content\\\/uploads\\\/2023\\\/01\\\/319158544_1377393189732255_6929165986663911951_n-1-scaled.jpg\",\"datePublished\":\"2023-01-21T21:51:49+00:00\",\"description\":\"Cette huile de CBD pour chat est con\u00e7ue pour soulager naturellement l'anxi\u00e9t\u00e9 de votre animal de compagnie.\",\"breadcrumb\":{\"@id\":\"https:\\\/\\\/spicyflowers.fr\\\/?product=huile-de-cbd-pour-chat#breadcrumb\"},\"inLanguage\":\"fr-FR\",\"potentialAction\":[{\"@type\":\"ReadAction\",\"target\":[\"https:\\\/\\\/spicyflowers.fr\\\/?product=huile-de-cbd-pour-chat\"]}]},{\"@type\":\"ImageObject\",\"inLanguage\":\"fr-FR\",\"@id\":\"https:\\\/\\\/spicyflowers.fr\\\/?product=huile-de-cbd-pour-chat#primaryimage\",\"url\":\"https:\\\/\\\/spicyflowers.fr\\\/wp-content\\\/uploads\\\/2023\\\/01\\\/319158544_1377393189732255_6929165986663911951_n-1-scaled.jpg\",\"contentUrl\":\"https:\\\/\\\/spicyflowers.fr\\\/wp-content\\\/uploads\\\/2023\\\/01\\\/319158544_1377393189732255_6929165986663911951_n-1-scaled.jpg\",\"width\":1920,\"height\":2560,\"caption\":\"L\u2019Huile de CBD 3% pour les Chats\"},{\"@type\":\"BreadcrumbList\",\"@id\":\"https:\\\/\\\/spicyflowers.fr\\\/?product=huile-de-cbd-pour-chat#breadcrumb\",\"itemListElement\":[{\"@type\":\"ListItem\",\"position\":1,\"name\":\"Accueil\",\"item\":\"https:\\\/\\\/spicyflowers.fr\\\/\"},{\"@type\":\"ListItem\",\"position\":2,\"name\":\"La boutique Spicy Flowers\",\"item\":\"https:\\\/\\\/spicyflowers.fr\\\/?page_id=5\"},{\"@type\":\"ListItem\",\"position\":3,\"name\":\"Huile de CBD pour chat\"}]},{\"@type\":\"WebSite\",\"@id\":\"https:\\\/\\\/spicyflowers.fr\\\/#website\",\"url\":\"https:\\\/\\\/spicyflowers.fr\\\/\",\"name\":\"SPICYFLOWERS\",\"description\":\"\",\"publisher\":{\"@id\":\"https:\\\/\\\/spicyflowers.fr\\\/#organization\"},\"potentialAction\":[{\"@type\":\"SearchAction\",\"target\":{\"@type\":\"EntryPoint\",\"urlTemplate\":\"https:\\\/\\\/spicyflowers.fr\\\/?s={search_term_string}\"},\"query-input\":{\"@type\":\"PropertyValueSpecification\",\"valueRequired\":true,\"valueName\":\"search_term_string\"}}],\"inLanguage\":\"fr-FR\"},{\"@type\":\"Organization\",\"@id\":\"https:\\\/\\\/spicyflowers.fr\\\/#organization\",\"name\":\"SPICYFLOWERS\",\"url\":\"https:\\\/\\\/spicyflowers.fr\\\/\",\"logo\":{\"@type\":\"ImageObject\",\"inLanguage\":\"fr-FR\",\"@id\":\"https:\\\/\\\/spicyflowers.fr\\\/#\\\/schema\\\/logo\\\/image\\\/\",\"url\":\"https:\\\/\\\/spicyflowers.fr\\\/wp-content\\\/uploads\\\/2025\\\/02\\\/cropped-spicy-flowers.png\",\"contentUrl\":\"https:\\\/\\\/spicyflowers.fr\\\/wp-content\\\/uploads\\\/2025\\\/02\\\/cropped-spicy-flowers.png\",\"width\":1792,\"height\":1792,\"caption\":\"SPICYFLOWERS\"},\"image\":{\"@id\":\"https:\\\/\\\/spicyflowers.fr\\\/#\\\/schema\\\/logo\\\/image\\\/\"}}]}<\/script>\n<!-- \/ Yoast SEO plugin. -->","yoast_head_json":{"title":"Huile de CBD pour chat -","description":"Cette huile de CBD pour chat est con\u00e7ue pour soulager naturellement l'anxi\u00e9t\u00e9 de votre animal de compagnie.","robots":{"index":"index","follow":"follow","max-snippet":"max-snippet:-1","max-image-preview":"max-image-preview:large","max-video-preview":"max-video-preview:-1"},"canonical":"https:\/\/spicyflowers.fr\/?product=huile-de-cbd-pour-chat","og_locale":"fr_FR","og_type":"article","og_title":"Huile de CBD pour chat -","og_description":"Cette huile de CBD pour chat est con\u00e7ue pour soulager naturellement l'anxi\u00e9t\u00e9 de votre animal de compagnie.","og_url":"https:\/\/spicyflowers.fr\/?product=huile-de-cbd-pour-chat","og_image":[{"width":1920,"height":2560,"url":"https:\/\/spicyflowers.fr\/wp-content\/uploads\/2023\/01\/319158544_1377393189732255_6929165986663911951_n-1-scaled.jpg","type":"image\/jpeg"}],"twitter_card":"summary_large_image","twitter_misc":{"Dur\u00e9e de lecture estim\u00e9e":"1 minute"},"schema":{"@context":"https:\/\/schema.org","@graph":[{"@type":"WebPage","@id":"https:\/\/spicyflowers.fr\/?product=huile-de-cbd-pour-chat","url":"https:\/\/spicyflowers.fr\/?product=huile-de-cbd-pour-chat","name":"Huile de CBD pour chat -","isPartOf":{"@id":"https:\/\/spicyflowers.fr\/#website"},"primaryImageOfPage":{"@id":"https:\/\/spicyflowers.fr\/?product=huile-de-cbd-pour-chat#primaryimage"},"image":{"@id":"https:\/\/spicyflowers.fr\/?product=huile-de-cbd-pour-chat#primaryimage"},"thumbnailUrl":"https:\/\/spicyflowers.fr\/wp-content\/uploads\/2023\/01\/319158544_1377393189732255_6929165986663911951_n-1-scaled.jpg","datePublished":"2023-01-21T21:51:49+00:00","description":"Cette huile de CBD pour chat est con\u00e7ue pour soulager naturellement l'anxi\u00e9t\u00e9 de votre animal de compagnie.","breadcrumb":{"@id":"https:\/\/spicyflowers.fr\/?product=huile-de-cbd-pour-chat#breadcrumb"},"inLanguage":"fr-FR","potentialAction":[{"@type":"ReadAction","target":["https:\/\/spicyflowers.fr\/?product=huile-de-cbd-pour-chat"]}]},{"@type":"ImageObject","inLanguage":"fr-FR","@id":"https:\/\/spicyflowers.fr\/?product=huile-de-cbd-pour-chat#primaryimage","url":"https:\/\/spicyflowers.fr\/wp-content\/uploads\/2023\/01\/319158544_1377393189732255_6929165986663911951_n-1-scaled.jpg","contentUrl":"https:\/\/spicyflowers.fr\/wp-content\/uploads\/2023\/01\/319158544_1377393189732255_6929165986663911951_n-1-scaled.jpg","width":1920,"height":2560,"caption":"L\u2019Huile de CBD 3% pour les Chats"},{"@type":"BreadcrumbList","@id":"https:\/\/spicyflowers.fr\/?product=huile-de-cbd-pour-chat#breadcrumb","itemListElement":[{"@type":"ListItem","position":1,"name":"Accueil","item":"https:\/\/spicyflowers.fr\/"},{"@type":"ListItem","position":2,"name":"La boutique Spicy Flowers","item":"https:\/\/spicyflowers.fr\/?page_id=5"},{"@type":"ListItem","position":3,"name":"Huile de CBD pour chat"}]},{"@type":"WebSite","@id":"https:\/\/spicyflowers.fr\/#website","url":"https:\/\/spicyflowers.fr\/","name":"SPICYFLOWERS","description":"","publisher":{"@id":"https:\/\/spicyflowers.fr\/#organization"},"potentialAction":[{"@type":"SearchAction","target":{"@type":"EntryPoint","urlTemplate":"https:\/\/spicyflowers.fr\/?s={search_term_string}"},"query-input":{"@type":"PropertyValueSpecification","valueRequired":true,"valueName":"search_term_string"}}],"inLanguage":"fr-FR"},{"@type":"Organization","@id":"https:\/\/spicyflowers.fr\/#organization","name":"SPICYFLOWERS","url":"https:\/\/spicyflowers.fr\/","logo":{"@type":"ImageObject","inLanguage":"fr-FR","@id":"https:\/\/spicyflowers.fr\/#\/schema\/logo\/image\/","url":"https:\/\/spicyflowers.fr\/wp-content\/uploads\/2025\/02\/cropped-spicy-flowers.png","contentUrl":"https:\/\/spicyflowers.fr\/wp-content\/uploads\/2025\/02\/cropped-spicy-flowers.png","width":1792,"height":1792,"caption":"SPICYFLOWERS"},"image":{"@id":"https:\/\/spicyflowers.fr\/#\/schema\/logo\/image\/"}}]}},"_links":{"self":[{"href":"https:\/\/spicyflowers.fr\/index.php?rest_route=\/wp\/v2\/product\/479","targetHints":{"allow":["GET"]}}],"collection":[{"href":"https:\/\/spicyflowers.fr\/index.php?rest_route=\/wp\/v2\/product"}],"about":[{"href":"https:\/\/spicyflowers.fr\/index.php?rest_route=\/wp\/v2\/types\/product"}],"replies":[{"embeddable":true,"href":"https:\/\/spicyflowers.fr\/index.php?rest_route=%2Fwp%2Fv2%2Fcomments&post=479"}],"version-history":[{"count":0,"href":"https:\/\/spicyflowers.fr\/index.php?rest_route=\/wp\/v2\/product\/479\/revisions"}],"wp:featuredmedia":[{"embeddable":true,"href":"https:\/\/spicyflowers.fr\/index.php?rest_route=\/wp\/v2\/media\/480"}],"wp:attachment":[{"href":"https:\/\/spicyflowers.fr\/index.php?rest_route=%2Fwp%2Fv2%2Fmedia&parent=479"}],"wp:term":[{"taxonomy":"product_brand","embeddable":true,"href":"https:\/\/spicyflowers.fr\/index.php?rest_route=%2Fwp%2Fv2%2Fproduct_brand&post=479"},{"taxonomy":"product_cat","embeddable":true,"href":"https:\/\/spicyflowers.fr\/index.php?rest_route=%2Fwp%2Fv2%2Fproduct_cat&post=479"},{"taxonomy":"product_tag","embeddable":true,"href":"https:\/\/spicyflowers.fr\/index.php?rest_route=%2Fwp%2Fv2%2Fproduct_tag&post=479"}],"curies":[{"name":"wp","href":"https:\/\/api.w.org\/{rel}","templated":true}]}}