{"id":456,"date":"2023-01-21T19:49:59","date_gmt":"2023-01-21T19:49:59","guid":{"rendered":"https:\/\/spicyflowers.fr\/?post_type=product&#038;p=456"},"modified":"2023-02-15T13:28:12","modified_gmt":"2023-02-15T13:28:12","slug":"fleurs-de-cbd-cherry-remedy","status":"publish","type":"product","link":"https:\/\/spicyflowers.fr\/?product=fleurs-de-cbd-cherry-remedy","title":{"rendered":"Fleurs de CBD &#8211; Cherry Remedy"},"content":{"rendered":"<p>D\u00e9couvrez notre exclusivit\u00e9 : les petits bourgeons de Cherry X Remedy CBD. Ce produit haut de gamme est id\u00e9al pour les consommateurs soucieux de la qualit\u00e9 \u00e0 des prix comp\u00e9titifs. Ces fleurs de Cherry Remedy sont aussi puissantes et parfum\u00e9es que les grandes, mais leur petite taille est id\u00e9ale pour les amateurs de produits de qualit\u00e9 \u00e0 petit prix. Avec des niveaux \u00e9lev\u00e9s de CBD et une saveur d\u00e9licate de cerise, ces fleurs vous apporteront un r\u00e9confort apaisant apr\u00e8s une longue journ\u00e9e de travail. Cultiv\u00e9es en serre, elles b\u00e9n\u00e9ficient de la lumi\u00e8re naturelle, d&rsquo;un sol fertile et sont prot\u00e9g\u00e9es des intemp\u00e9ries. Ces bourgeons sont plus compacts et volumineux que ceux cultiv\u00e9s en ext\u00e9rieur, avec des profils terp\u00e9niques de qualit\u00e9 sup\u00e9rieure.<\/p>\n<p>Pour conserver toutes leurs qualit\u00e9s, il est conseill\u00e9 de les ranger dans leur emballage d&rsquo;origine, dans un endroit frais (entre 15\u00b0C et 21\u00b0C). Avec sa lign\u00e9e puissante et savoureuse, cette vari\u00e9t\u00e9 r\u00e9sultant du croisement de Cannatonic, Afgan skunk, Purple Afgani et OG Kush ne vous d\u00e9cevra pas. Elle a une saveur douce de pins et d&rsquo;agrumes avec des notes fra\u00eeches.<\/p>\n<p><strong><u>Mode de consommation<\/u><\/strong><\/p>\n<p>Le CBD n&rsquo;est pas un m\u00e9dicament et n&rsquo;a pas vocation \u00e0 soigner, gu\u00e9rir ou apporter une aide dans le traitement de quelconque maladie. Veuillez contacter votre m\u00e9decin avant de commencer un nouveau programme di\u00e9t\u00e9tique.<\/p>\n<p>Ce produit est destin\u00e9 \u00e0 \u00eatre infus\u00e9 uniquement<br \/>\nToutes nos infusions sont analys\u00e9es et certifi\u00e9es &lt; 0.3% de THC, en accord avec la l\u00e9gislation Europ\u00e9enne;<\/p>\n<p><strong><u>Important<\/u><\/strong><\/p>\n<ul>\n<li>Vente interdite aux mineurs.<\/li>\n<li>Nos produits ne doivent pas \u00eatre fum\u00e9.<\/li>\n<li>Ne pas conduire apr\u00e8s utilisation.<\/li>\n<li>A consomm\u00e9 avec mod\u00e9ration.<\/li>\n<li>Interdit d\u2019\u00eatre sur la voie publique avec un sachet non scell\u00e9, ouverture du sachet uniquement \u00e0 votre domicile.<\/li>\n<li>Ne convient pas aux femmes enceintes.<\/li>\n<li>Ne pas laissez ce produit \u00e0 la port\u00e9e des enfants.<\/li>\n<li>Vente interdite aux mineurs.<\/li>\n<li>Conservez-le dans un endroit de pr\u00e9f\u00e9rence frais et sec.<\/li>\n<\/ul>\n<p><strong><u>SPICY FLOWERS ne pourra \u00eatre tenu pour responsable d&rsquo;une utilisation autre que celle d\u00e9crite ci-dessus.<\/u><\/strong><\/p>\n","protected":false},"excerpt":{"rendered":"<p>D\u00e9couvrez notre exclusivit\u00e9 : les petits bourgeons de Cherry X Remedy CBD. Ce produit haut de gamme est id\u00e9al pour les consommateurs soucieux de la qualit\u00e9 \u00e0 des prix comp\u00e9titifs. Ces fleurs de Cherry Remedy sont aussi puissantes et parfum\u00e9es que les grandes, mais leur petite taille est id\u00e9ale pour les amateurs de produits de qualit\u00e9 \u00e0 petit prix. Avec des niveaux \u00e9lev\u00e9s de CBD et une saveur d\u00e9licate de cerise, ces fleurs vous apporteront un r\u00e9confort apaisant apr\u00e8s une longue journ\u00e9e de travail.<\/p>\n","protected":false},"featured_media":461,"comment_status":"open","ping_status":"closed","template":"","meta":{"site-sidebar-layout":"default","site-content-layout":"default","ast-site-content-layout":"default","site-content-style":"default","site-sidebar-style":"default","ast-global-header-display":"","ast-banner-title-visibility":"","ast-main-header-display":"","ast-hfb-above-header-display":"","ast-hfb-below-header-display":"","ast-hfb-mobile-header-display":"","site-post-title":"","ast-breadcrumbs-content":"","ast-featured-img":"","footer-sml-layout":"","ast-disable-related-posts":"","theme-transparent-header-meta":"default","adv-header-id-meta":"","stick-header-meta":"","header-above-stick-meta":"","header-main-stick-meta":"","header-below-stick-meta":"","astra-migrate-meta-layouts":"default","ast-page-background-enabled":"default","ast-page-background-meta":{"desktop":{"background-color":"var(--ast-global-color-4)","background-image":"","background-repeat":"repeat","background-position":"center center","background-size":"auto","background-attachment":"scroll","background-type":"","background-media":"","overlay-type":"","overlay-color":"","overlay-opacity":"","overlay-gradient":""},"tablet":{"background-color":"","background-image":"","background-repeat":"repeat","background-position":"center center","background-size":"auto","background-attachment":"scroll","background-type":"","background-media":"","overlay-type":"","overlay-color":"","overlay-opacity":"","overlay-gradient":""},"mobile":{"background-color":"","background-image":"","background-repeat":"repeat","background-position":"center center","background-size":"auto","background-attachment":"scroll","background-type":"","background-media":"","overlay-type":"","overlay-color":"","overlay-opacity":"","overlay-gradient":""}},"ast-content-background-meta":{"desktop":{"background-color":"var(--ast-global-color-5)","background-image":"","background-repeat":"repeat","background-position":"center center","background-size":"auto","background-attachment":"scroll","background-type":"","background-media":"","overlay-type":"","overlay-color":"","overlay-opacity":"","overlay-gradient":""},"tablet":{"background-color":"var(--ast-global-color-5)","background-image":"","background-repeat":"repeat","background-position":"center center","background-size":"auto","background-attachment":"scroll","background-type":"","background-media":"","overlay-type":"","overlay-color":"","overlay-opacity":"","overlay-gradient":""},"mobile":{"background-color":"var(--ast-global-color-5)","background-image":"","background-repeat":"repeat","background-position":"center center","background-size":"auto","background-attachment":"scroll","background-type":"","background-media":"","overlay-type":"","overlay-color":"","overlay-opacity":"","overlay-gradient":""}}},"product_brand":[],"product_cat":[30,31],"product_tag":[],"class_list":{"0":"post-456","1":"product","2":"type-product","3":"status-publish","4":"has-post-thumbnail","6":"product_cat-fleurs-de-cbd","7":"product_cat-outdoor","8":"desktop-align-left","9":"tablet-align-left","10":"mobile-align-left","12":"first","13":"instock","14":"taxable","15":"shipping-taxable","16":"purchasable","17":"product-type-variable"},"yoast_head":"<!-- This site is optimized with the Yoast SEO plugin v27.3 - https:\/\/yoast.com\/product\/yoast-seo-wordpress\/ -->\n<title>Fleurs de CBD - Cherry Remedy -<\/title>\n<meta name=\"description\" content=\"D\u00e9couvrez notre exclusivit\u00e9 : les petits bourgeons de Cherry X Remedy CBD. Ce produit haut de gamme est id\u00e9al pour les consommateurs soucieux de la qualit\u00e9 \u00e0 des prix comp\u00e9titifs. Ces fleurs de Cherry Remedy sont aussi puissantes et parfum\u00e9es que les grandes, mais leur petite taille est id\u00e9ale pour les amateurs de produits de qualit\u00e9 \u00e0 petit prix. Avec des niveaux \u00e9lev\u00e9s de CBD et une saveur d\u00e9licate de cerise, ces fleurs vous apporteront un r\u00e9confort apaisant apr\u00e8s une longue journ\u00e9e de travail.\" \/>\n<meta name=\"robots\" content=\"index, follow, max-snippet:-1, max-image-preview:large, max-video-preview:-1\" \/>\n<link rel=\"canonical\" href=\"https:\/\/spicyflowers.fr\/?product=fleurs-de-cbd-cherry-remedy\" \/>\n<meta property=\"og:locale\" content=\"fr_FR\" \/>\n<meta property=\"og:type\" content=\"article\" \/>\n<meta property=\"og:title\" content=\"Fleurs de CBD - Cherry Remedy -\" \/>\n<meta property=\"og:description\" content=\"D\u00e9couvrez notre exclusivit\u00e9 : les petits bourgeons de Cherry X Remedy CBD. Ce produit haut de gamme est id\u00e9al pour les consommateurs soucieux de la qualit\u00e9 \u00e0 des prix comp\u00e9titifs. Ces fleurs de Cherry Remedy sont aussi puissantes et parfum\u00e9es que les grandes, mais leur petite taille est id\u00e9ale pour les amateurs de produits de qualit\u00e9 \u00e0 petit prix. Avec des niveaux \u00e9lev\u00e9s de CBD et une saveur d\u00e9licate de cerise, ces fleurs vous apporteront un r\u00e9confort apaisant apr\u00e8s une longue journ\u00e9e de travail.\" \/>\n<meta property=\"og:url\" content=\"https:\/\/spicyflowers.fr\/?product=fleurs-de-cbd-cherry-remedy\" \/>\n<meta property=\"article:modified_time\" content=\"2023-02-15T13:28:12+00:00\" \/>\n<meta property=\"og:image\" content=\"https:\/\/spicyflowers.fr\/wp-content\/uploads\/2023\/01\/318369220_904422310549390_4028230485034257695_n-2-scaled.jpg\" \/>\n\t<meta property=\"og:image:width\" content=\"1920\" \/>\n\t<meta property=\"og:image:height\" content=\"2560\" \/>\n\t<meta property=\"og:image:type\" content=\"image\/jpeg\" \/>\n<meta name=\"twitter:card\" content=\"summary_large_image\" \/>\n<meta name=\"twitter:label1\" content=\"Dur\u00e9e de lecture estim\u00e9e\" \/>\n\t<meta name=\"twitter:data1\" content=\"2 minutes\" \/>\n<script type=\"application\/ld+json\" class=\"yoast-schema-graph\">{\"@context\":\"https:\\\/\\\/schema.org\",\"@graph\":[{\"@type\":\"WebPage\",\"@id\":\"https:\\\/\\\/spicyflowers.fr\\\/?product=fleurs-de-cbd-cherry-remedy\",\"url\":\"https:\\\/\\\/spicyflowers.fr\\\/?product=fleurs-de-cbd-cherry-remedy\",\"name\":\"Fleurs de CBD - Cherry Remedy -\",\"isPartOf\":{\"@id\":\"https:\\\/\\\/spicyflowers.fr\\\/#website\"},\"primaryImageOfPage\":{\"@id\":\"https:\\\/\\\/spicyflowers.fr\\\/?product=fleurs-de-cbd-cherry-remedy#primaryimage\"},\"image\":{\"@id\":\"https:\\\/\\\/spicyflowers.fr\\\/?product=fleurs-de-cbd-cherry-remedy#primaryimage\"},\"thumbnailUrl\":\"https:\\\/\\\/spicyflowers.fr\\\/wp-content\\\/uploads\\\/2023\\\/01\\\/318369220_904422310549390_4028230485034257695_n-2-scaled.jpg\",\"datePublished\":\"2023-01-21T19:49:59+00:00\",\"dateModified\":\"2023-02-15T13:28:12+00:00\",\"description\":\"D\u00e9couvrez notre exclusivit\u00e9 : les petits bourgeons de Cherry X Remedy CBD. Ce produit haut de gamme est id\u00e9al pour les consommateurs soucieux de la qualit\u00e9 \u00e0 des prix comp\u00e9titifs. Ces fleurs de Cherry Remedy sont aussi puissantes et parfum\u00e9es que les grandes, mais leur petite taille est id\u00e9ale pour les amateurs de produits de qualit\u00e9 \u00e0 petit prix. Avec des niveaux \u00e9lev\u00e9s de CBD et une saveur d\u00e9licate de cerise, ces fleurs vous apporteront un r\u00e9confort apaisant apr\u00e8s une longue journ\u00e9e de travail.\",\"breadcrumb\":{\"@id\":\"https:\\\/\\\/spicyflowers.fr\\\/?product=fleurs-de-cbd-cherry-remedy#breadcrumb\"},\"inLanguage\":\"fr-FR\",\"potentialAction\":[{\"@type\":\"ReadAction\",\"target\":[\"https:\\\/\\\/spicyflowers.fr\\\/?product=fleurs-de-cbd-cherry-remedy\"]}]},{\"@type\":\"ImageObject\",\"inLanguage\":\"fr-FR\",\"@id\":\"https:\\\/\\\/spicyflowers.fr\\\/?product=fleurs-de-cbd-cherry-remedy#primaryimage\",\"url\":\"https:\\\/\\\/spicyflowers.fr\\\/wp-content\\\/uploads\\\/2023\\\/01\\\/318369220_904422310549390_4028230485034257695_n-2-scaled.jpg\",\"contentUrl\":\"https:\\\/\\\/spicyflowers.fr\\\/wp-content\\\/uploads\\\/2023\\\/01\\\/318369220_904422310549390_4028230485034257695_n-2-scaled.jpg\",\"width\":1920,\"height\":2560,\"caption\":\"Fleurs de CBD - Cherry Remedy\"},{\"@type\":\"BreadcrumbList\",\"@id\":\"https:\\\/\\\/spicyflowers.fr\\\/?product=fleurs-de-cbd-cherry-remedy#breadcrumb\",\"itemListElement\":[{\"@type\":\"ListItem\",\"position\":1,\"name\":\"Accueil\",\"item\":\"https:\\\/\\\/spicyflowers.fr\\\/\"},{\"@type\":\"ListItem\",\"position\":2,\"name\":\"La boutique Spicy Flowers\",\"item\":\"https:\\\/\\\/spicyflowers.fr\\\/?page_id=5\"},{\"@type\":\"ListItem\",\"position\":3,\"name\":\"Fleurs de CBD &#8211; Cherry Remedy\"}]},{\"@type\":\"WebSite\",\"@id\":\"https:\\\/\\\/spicyflowers.fr\\\/#website\",\"url\":\"https:\\\/\\\/spicyflowers.fr\\\/\",\"name\":\"SPICYFLOWERS\",\"description\":\"\",\"publisher\":{\"@id\":\"https:\\\/\\\/spicyflowers.fr\\\/#organization\"},\"potentialAction\":[{\"@type\":\"SearchAction\",\"target\":{\"@type\":\"EntryPoint\",\"urlTemplate\":\"https:\\\/\\\/spicyflowers.fr\\\/?s={search_term_string}\"},\"query-input\":{\"@type\":\"PropertyValueSpecification\",\"valueRequired\":true,\"valueName\":\"search_term_string\"}}],\"inLanguage\":\"fr-FR\"},{\"@type\":\"Organization\",\"@id\":\"https:\\\/\\\/spicyflowers.fr\\\/#organization\",\"name\":\"SPICYFLOWERS\",\"url\":\"https:\\\/\\\/spicyflowers.fr\\\/\",\"logo\":{\"@type\":\"ImageObject\",\"inLanguage\":\"fr-FR\",\"@id\":\"https:\\\/\\\/spicyflowers.fr\\\/#\\\/schema\\\/logo\\\/image\\\/\",\"url\":\"https:\\\/\\\/spicyflowers.fr\\\/wp-content\\\/uploads\\\/2025\\\/02\\\/cropped-spicy-flowers.png\",\"contentUrl\":\"https:\\\/\\\/spicyflowers.fr\\\/wp-content\\\/uploads\\\/2025\\\/02\\\/cropped-spicy-flowers.png\",\"width\":1792,\"height\":1792,\"caption\":\"SPICYFLOWERS\"},\"image\":{\"@id\":\"https:\\\/\\\/spicyflowers.fr\\\/#\\\/schema\\\/logo\\\/image\\\/\"}}]}<\/script>\n<!-- \/ Yoast SEO plugin. -->","yoast_head_json":{"title":"Fleurs de CBD - Cherry Remedy -","description":"D\u00e9couvrez notre exclusivit\u00e9 : les petits bourgeons de Cherry X Remedy CBD. Ce produit haut de gamme est id\u00e9al pour les consommateurs soucieux de la qualit\u00e9 \u00e0 des prix comp\u00e9titifs. Ces fleurs de Cherry Remedy sont aussi puissantes et parfum\u00e9es que les grandes, mais leur petite taille est id\u00e9ale pour les amateurs de produits de qualit\u00e9 \u00e0 petit prix. Avec des niveaux \u00e9lev\u00e9s de CBD et une saveur d\u00e9licate de cerise, ces fleurs vous apporteront un r\u00e9confort apaisant apr\u00e8s une longue journ\u00e9e de travail.","robots":{"index":"index","follow":"follow","max-snippet":"max-snippet:-1","max-image-preview":"max-image-preview:large","max-video-preview":"max-video-preview:-1"},"canonical":"https:\/\/spicyflowers.fr\/?product=fleurs-de-cbd-cherry-remedy","og_locale":"fr_FR","og_type":"article","og_title":"Fleurs de CBD - Cherry Remedy -","og_description":"D\u00e9couvrez notre exclusivit\u00e9 : les petits bourgeons de Cherry X Remedy CBD. Ce produit haut de gamme est id\u00e9al pour les consommateurs soucieux de la qualit\u00e9 \u00e0 des prix comp\u00e9titifs. Ces fleurs de Cherry Remedy sont aussi puissantes et parfum\u00e9es que les grandes, mais leur petite taille est id\u00e9ale pour les amateurs de produits de qualit\u00e9 \u00e0 petit prix. Avec des niveaux \u00e9lev\u00e9s de CBD et une saveur d\u00e9licate de cerise, ces fleurs vous apporteront un r\u00e9confort apaisant apr\u00e8s une longue journ\u00e9e de travail.","og_url":"https:\/\/spicyflowers.fr\/?product=fleurs-de-cbd-cherry-remedy","article_modified_time":"2023-02-15T13:28:12+00:00","og_image":[{"width":1920,"height":2560,"url":"https:\/\/spicyflowers.fr\/wp-content\/uploads\/2023\/01\/318369220_904422310549390_4028230485034257695_n-2-scaled.jpg","type":"image\/jpeg"}],"twitter_card":"summary_large_image","twitter_misc":{"Dur\u00e9e de lecture estim\u00e9e":"2 minutes"},"schema":{"@context":"https:\/\/schema.org","@graph":[{"@type":"WebPage","@id":"https:\/\/spicyflowers.fr\/?product=fleurs-de-cbd-cherry-remedy","url":"https:\/\/spicyflowers.fr\/?product=fleurs-de-cbd-cherry-remedy","name":"Fleurs de CBD - Cherry Remedy -","isPartOf":{"@id":"https:\/\/spicyflowers.fr\/#website"},"primaryImageOfPage":{"@id":"https:\/\/spicyflowers.fr\/?product=fleurs-de-cbd-cherry-remedy#primaryimage"},"image":{"@id":"https:\/\/spicyflowers.fr\/?product=fleurs-de-cbd-cherry-remedy#primaryimage"},"thumbnailUrl":"https:\/\/spicyflowers.fr\/wp-content\/uploads\/2023\/01\/318369220_904422310549390_4028230485034257695_n-2-scaled.jpg","datePublished":"2023-01-21T19:49:59+00:00","dateModified":"2023-02-15T13:28:12+00:00","description":"D\u00e9couvrez notre exclusivit\u00e9 : les petits bourgeons de Cherry X Remedy CBD. Ce produit haut de gamme est id\u00e9al pour les consommateurs soucieux de la qualit\u00e9 \u00e0 des prix comp\u00e9titifs. Ces fleurs de Cherry Remedy sont aussi puissantes et parfum\u00e9es que les grandes, mais leur petite taille est id\u00e9ale pour les amateurs de produits de qualit\u00e9 \u00e0 petit prix. Avec des niveaux \u00e9lev\u00e9s de CBD et une saveur d\u00e9licate de cerise, ces fleurs vous apporteront un r\u00e9confort apaisant apr\u00e8s une longue journ\u00e9e de travail.","breadcrumb":{"@id":"https:\/\/spicyflowers.fr\/?product=fleurs-de-cbd-cherry-remedy#breadcrumb"},"inLanguage":"fr-FR","potentialAction":[{"@type":"ReadAction","target":["https:\/\/spicyflowers.fr\/?product=fleurs-de-cbd-cherry-remedy"]}]},{"@type":"ImageObject","inLanguage":"fr-FR","@id":"https:\/\/spicyflowers.fr\/?product=fleurs-de-cbd-cherry-remedy#primaryimage","url":"https:\/\/spicyflowers.fr\/wp-content\/uploads\/2023\/01\/318369220_904422310549390_4028230485034257695_n-2-scaled.jpg","contentUrl":"https:\/\/spicyflowers.fr\/wp-content\/uploads\/2023\/01\/318369220_904422310549390_4028230485034257695_n-2-scaled.jpg","width":1920,"height":2560,"caption":"Fleurs de CBD - Cherry Remedy"},{"@type":"BreadcrumbList","@id":"https:\/\/spicyflowers.fr\/?product=fleurs-de-cbd-cherry-remedy#breadcrumb","itemListElement":[{"@type":"ListItem","position":1,"name":"Accueil","item":"https:\/\/spicyflowers.fr\/"},{"@type":"ListItem","position":2,"name":"La boutique Spicy Flowers","item":"https:\/\/spicyflowers.fr\/?page_id=5"},{"@type":"ListItem","position":3,"name":"Fleurs de CBD &#8211; Cherry Remedy"}]},{"@type":"WebSite","@id":"https:\/\/spicyflowers.fr\/#website","url":"https:\/\/spicyflowers.fr\/","name":"SPICYFLOWERS","description":"","publisher":{"@id":"https:\/\/spicyflowers.fr\/#organization"},"potentialAction":[{"@type":"SearchAction","target":{"@type":"EntryPoint","urlTemplate":"https:\/\/spicyflowers.fr\/?s={search_term_string}"},"query-input":{"@type":"PropertyValueSpecification","valueRequired":true,"valueName":"search_term_string"}}],"inLanguage":"fr-FR"},{"@type":"Organization","@id":"https:\/\/spicyflowers.fr\/#organization","name":"SPICYFLOWERS","url":"https:\/\/spicyflowers.fr\/","logo":{"@type":"ImageObject","inLanguage":"fr-FR","@id":"https:\/\/spicyflowers.fr\/#\/schema\/logo\/image\/","url":"https:\/\/spicyflowers.fr\/wp-content\/uploads\/2025\/02\/cropped-spicy-flowers.png","contentUrl":"https:\/\/spicyflowers.fr\/wp-content\/uploads\/2025\/02\/cropped-spicy-flowers.png","width":1792,"height":1792,"caption":"SPICYFLOWERS"},"image":{"@id":"https:\/\/spicyflowers.fr\/#\/schema\/logo\/image\/"}}]}},"_links":{"self":[{"href":"https:\/\/spicyflowers.fr\/index.php?rest_route=\/wp\/v2\/product\/456","targetHints":{"allow":["GET"]}}],"collection":[{"href":"https:\/\/spicyflowers.fr\/index.php?rest_route=\/wp\/v2\/product"}],"about":[{"href":"https:\/\/spicyflowers.fr\/index.php?rest_route=\/wp\/v2\/types\/product"}],"replies":[{"embeddable":true,"href":"https:\/\/spicyflowers.fr\/index.php?rest_route=%2Fwp%2Fv2%2Fcomments&post=456"}],"version-history":[{"count":1,"href":"https:\/\/spicyflowers.fr\/index.php?rest_route=\/wp\/v2\/product\/456\/revisions"}],"predecessor-version":[{"id":1304,"href":"https:\/\/spicyflowers.fr\/index.php?rest_route=\/wp\/v2\/product\/456\/revisions\/1304"}],"wp:featuredmedia":[{"embeddable":true,"href":"https:\/\/spicyflowers.fr\/index.php?rest_route=\/wp\/v2\/media\/461"}],"wp:attachment":[{"href":"https:\/\/spicyflowers.fr\/index.php?rest_route=%2Fwp%2Fv2%2Fmedia&parent=456"}],"wp:term":[{"taxonomy":"product_brand","embeddable":true,"href":"https:\/\/spicyflowers.fr\/index.php?rest_route=%2Fwp%2Fv2%2Fproduct_brand&post=456"},{"taxonomy":"product_cat","embeddable":true,"href":"https:\/\/spicyflowers.fr\/index.php?rest_route=%2Fwp%2Fv2%2Fproduct_cat&post=456"},{"taxonomy":"product_tag","embeddable":true,"href":"https:\/\/spicyflowers.fr\/index.php?rest_route=%2Fwp%2Fv2%2Fproduct_tag&post=456"}],"curies":[{"name":"wp","href":"https:\/\/api.w.org\/{rel}","templated":true}]}}