{"id":404,"date":"2023-01-21T16:53:00","date_gmt":"2023-01-21T16:53:00","guid":{"rendered":"https:\/\/spicyflowers.fr\/?post_type=product&#038;p=404"},"modified":"2023-02-15T13:32:54","modified_gmt":"2023-02-15T13:32:54","slug":"e-liquide-fr-blend-cbd-stilla","status":"publish","type":"product","link":"https:\/\/spicyflowers.fr\/?product=e-liquide-fr-blend-cbd-stilla","title":{"rendered":"E-liquide &#8211; Fr Blend CBD &#8211; STILLA\u00ae"},"content":{"rendered":"<p>D\u00e9couvrez le FR-BLEND CBD de STILLA\u00ae, un produit innovant 100% fran\u00e7ais qui offre un go\u00fbt classique et unique gr\u00e2ce \u00e0 l&rsquo;utilisation de mac\u00e9r\u00e2t organique de feuilles de tabac. Malgr\u00e9 sa petite taille, ce produit regorge de qualit\u00e9s pour satisfaire les amateurs les plus exigeants.<\/p>\n<p>Stilla est une marque fran\u00e7aise qui se distingue par la qualit\u00e9 de ses e-liquides CBD. Gr\u00e2ce \u00e0 un proc\u00e9d\u00e9 d&rsquo;extraction brevet\u00e9, ces e-liquides affichent des taux de CBD \u00e9lev\u00e9s allant jusqu&rsquo;\u00e0 3000mg, sans aucune amertume. Le CBD, ou cannabidiol, fait partie des cannabino\u00efdes pr\u00e9sents naturellement dans le chanvre et le cannabis, et poss\u00e8de des propri\u00e9t\u00e9s relaxantes sans effets psychotropes. Il est important de choisir son dosage en fonction de son mat\u00e9riel, de sa sensibilit\u00e9, de sa consommation de vape et des effets recherch\u00e9s, en commen\u00e7ant par des dosages faibles.<\/p>\n","protected":false},"excerpt":{"rendered":"<p>D\u00e9couvrez le FR-BLEND CBD de STILLA\u00ae, un produit innovant 100% fran\u00e7ais qui offre un go\u00fbt classique et unique gr\u00e2ce \u00e0 l&rsquo;utilisation de mac\u00e9r\u00e2t organique de feuilles de tabac. Malgr\u00e9 sa petite taille, ce produit regorge de qualit\u00e9s pour satisfaire les amateurs les plus exigeants.<\/p>\n","protected":false},"featured_media":380,"comment_status":"open","ping_status":"closed","template":"","meta":{"site-sidebar-layout":"default","site-content-layout":"","ast-site-content-layout":"default","site-content-style":"default","site-sidebar-style":"default","ast-global-header-display":"","ast-banner-title-visibility":"","ast-main-header-display":"","ast-hfb-above-header-display":"","ast-hfb-below-header-display":"","ast-hfb-mobile-header-display":"","site-post-title":"","ast-breadcrumbs-content":"","ast-featured-img":"","footer-sml-layout":"","ast-disable-related-posts":"","theme-transparent-header-meta":"","adv-header-id-meta":"","stick-header-meta":"","header-above-stick-meta":"","header-main-stick-meta":"","header-below-stick-meta":"","astra-migrate-meta-layouts":"default","ast-page-background-enabled":"default","ast-page-background-meta":{"desktop":{"background-color":"var(--ast-global-color-4)","background-image":"","background-repeat":"repeat","background-position":"center center","background-size":"auto","background-attachment":"scroll","background-type":"","background-media":"","overlay-type":"","overlay-color":"","overlay-opacity":"","overlay-gradient":""},"tablet":{"background-color":"","background-image":"","background-repeat":"repeat","background-position":"center center","background-size":"auto","background-attachment":"scroll","background-type":"","background-media":"","overlay-type":"","overlay-color":"","overlay-opacity":"","overlay-gradient":""},"mobile":{"background-color":"","background-image":"","background-repeat":"repeat","background-position":"center center","background-size":"auto","background-attachment":"scroll","background-type":"","background-media":"","overlay-type":"","overlay-color":"","overlay-opacity":"","overlay-gradient":""}},"ast-content-background-meta":{"desktop":{"background-color":"var(--ast-global-color-5)","background-image":"","background-repeat":"repeat","background-position":"center center","background-size":"auto","background-attachment":"scroll","background-type":"","background-media":"","overlay-type":"","overlay-color":"","overlay-opacity":"","overlay-gradient":""},"tablet":{"background-color":"var(--ast-global-color-5)","background-image":"","background-repeat":"repeat","background-position":"center center","background-size":"auto","background-attachment":"scroll","background-type":"","background-media":"","overlay-type":"","overlay-color":"","overlay-opacity":"","overlay-gradient":""},"mobile":{"background-color":"var(--ast-global-color-5)","background-image":"","background-repeat":"repeat","background-position":"center center","background-size":"auto","background-attachment":"scroll","background-type":"","background-media":"","overlay-type":"","overlay-color":"","overlay-opacity":"","overlay-gradient":""}}},"product_brand":[],"product_cat":[40],"product_tag":[],"class_list":{"0":"post-404","1":"product","2":"type-product","3":"status-publish","4":"has-post-thumbnail","6":"product_cat-e-liquides","7":"desktop-align-left","8":"tablet-align-left","9":"mobile-align-left","11":"first","12":"instock","13":"taxable","14":"shipping-taxable","15":"purchasable","16":"product-type-variable"},"yoast_head":"<!-- This site is optimized with the Yoast SEO plugin v27.3 - https:\/\/yoast.com\/product\/yoast-seo-wordpress\/ -->\n<title>E-liquide - Fr Blend CBD - STILLA\u00ae -<\/title>\n<meta name=\"description\" content=\"D\u00e9couvrez le FR-BLEND CBD de STILLA\u00ae, un produit innovant 100% fran\u00e7ais qui offre un go\u00fbt classique et unique gr\u00e2ce \u00e0 l&#039;utilisation de mac\u00e9r\u00e2t organique de feuilles de tabac. Malgr\u00e9 sa petite taille, ce produit regorge de qualit\u00e9s pour satisfaire les amateurs les plus exigeants.\" \/>\n<meta name=\"robots\" content=\"index, follow, max-snippet:-1, max-image-preview:large, max-video-preview:-1\" \/>\n<link rel=\"canonical\" href=\"https:\/\/spicyflowers.fr\/?product=e-liquide-fr-blend-cbd-stilla\" \/>\n<meta property=\"og:locale\" content=\"fr_FR\" \/>\n<meta property=\"og:type\" content=\"article\" \/>\n<meta property=\"og:title\" content=\"E-liquide - Fr Blend CBD - STILLA\u00ae -\" \/>\n<meta property=\"og:description\" content=\"D\u00e9couvrez le FR-BLEND CBD de STILLA\u00ae, un produit innovant 100% fran\u00e7ais qui offre un go\u00fbt classique et unique gr\u00e2ce \u00e0 l&#039;utilisation de mac\u00e9r\u00e2t organique de feuilles de tabac. Malgr\u00e9 sa petite taille, ce produit regorge de qualit\u00e9s pour satisfaire les amateurs les plus exigeants.\" \/>\n<meta property=\"og:url\" content=\"https:\/\/spicyflowers.fr\/?product=e-liquide-fr-blend-cbd-stilla\" \/>\n<meta property=\"article:modified_time\" content=\"2023-02-15T13:32:54+00:00\" \/>\n<meta property=\"og:image\" content=\"https:\/\/spicyflowers.fr\/wp-content\/uploads\/2023\/01\/317875605_860924065152083_2232862970084825475_n-1-scaled.jpg\" \/>\n\t<meta property=\"og:image:width\" content=\"1920\" \/>\n\t<meta property=\"og:image:height\" content=\"2560\" \/>\n\t<meta property=\"og:image:type\" content=\"image\/jpeg\" \/>\n<meta name=\"twitter:card\" content=\"summary_large_image\" \/>\n<meta name=\"twitter:label1\" content=\"Dur\u00e9e de lecture estim\u00e9e\" \/>\n\t<meta name=\"twitter:data1\" content=\"1 minute\" \/>\n<script type=\"application\/ld+json\" class=\"yoast-schema-graph\">{\"@context\":\"https:\\\/\\\/schema.org\",\"@graph\":[{\"@type\":\"WebPage\",\"@id\":\"https:\\\/\\\/spicyflowers.fr\\\/?product=e-liquide-fr-blend-cbd-stilla\",\"url\":\"https:\\\/\\\/spicyflowers.fr\\\/?product=e-liquide-fr-blend-cbd-stilla\",\"name\":\"E-liquide - Fr Blend CBD - STILLA\u00ae -\",\"isPartOf\":{\"@id\":\"https:\\\/\\\/spicyflowers.fr\\\/#website\"},\"primaryImageOfPage\":{\"@id\":\"https:\\\/\\\/spicyflowers.fr\\\/?product=e-liquide-fr-blend-cbd-stilla#primaryimage\"},\"image\":{\"@id\":\"https:\\\/\\\/spicyflowers.fr\\\/?product=e-liquide-fr-blend-cbd-stilla#primaryimage\"},\"thumbnailUrl\":\"https:\\\/\\\/spicyflowers.fr\\\/wp-content\\\/uploads\\\/2023\\\/01\\\/317875605_860924065152083_2232862970084825475_n-1-scaled.jpg\",\"datePublished\":\"2023-01-21T16:53:00+00:00\",\"dateModified\":\"2023-02-15T13:32:54+00:00\",\"description\":\"D\u00e9couvrez le FR-BLEND CBD de STILLA\u00ae, un produit innovant 100% fran\u00e7ais qui offre un go\u00fbt classique et unique gr\u00e2ce \u00e0 l'utilisation de mac\u00e9r\u00e2t organique de feuilles de tabac. Malgr\u00e9 sa petite taille, ce produit regorge de qualit\u00e9s pour satisfaire les amateurs les plus exigeants.\",\"breadcrumb\":{\"@id\":\"https:\\\/\\\/spicyflowers.fr\\\/?product=e-liquide-fr-blend-cbd-stilla#breadcrumb\"},\"inLanguage\":\"fr-FR\",\"potentialAction\":[{\"@type\":\"ReadAction\",\"target\":[\"https:\\\/\\\/spicyflowers.fr\\\/?product=e-liquide-fr-blend-cbd-stilla\"]}]},{\"@type\":\"ImageObject\",\"inLanguage\":\"fr-FR\",\"@id\":\"https:\\\/\\\/spicyflowers.fr\\\/?product=e-liquide-fr-blend-cbd-stilla#primaryimage\",\"url\":\"https:\\\/\\\/spicyflowers.fr\\\/wp-content\\\/uploads\\\/2023\\\/01\\\/317875605_860924065152083_2232862970084825475_n-1-scaled.jpg\",\"contentUrl\":\"https:\\\/\\\/spicyflowers.fr\\\/wp-content\\\/uploads\\\/2023\\\/01\\\/317875605_860924065152083_2232862970084825475_n-1-scaled.jpg\",\"width\":1920,\"height\":2560,\"caption\":\"E-liquide - Fr Blend CBD - STILLA\u00ae\"},{\"@type\":\"BreadcrumbList\",\"@id\":\"https:\\\/\\\/spicyflowers.fr\\\/?product=e-liquide-fr-blend-cbd-stilla#breadcrumb\",\"itemListElement\":[{\"@type\":\"ListItem\",\"position\":1,\"name\":\"Accueil\",\"item\":\"https:\\\/\\\/spicyflowers.fr\\\/\"},{\"@type\":\"ListItem\",\"position\":2,\"name\":\"La boutique Spicy Flowers\",\"item\":\"https:\\\/\\\/spicyflowers.fr\\\/?page_id=5\"},{\"@type\":\"ListItem\",\"position\":3,\"name\":\"E-liquide &#8211; Fr Blend CBD &#8211; STILLA\u00ae\"}]},{\"@type\":\"WebSite\",\"@id\":\"https:\\\/\\\/spicyflowers.fr\\\/#website\",\"url\":\"https:\\\/\\\/spicyflowers.fr\\\/\",\"name\":\"SPICYFLOWERS\",\"description\":\"\",\"publisher\":{\"@id\":\"https:\\\/\\\/spicyflowers.fr\\\/#organization\"},\"potentialAction\":[{\"@type\":\"SearchAction\",\"target\":{\"@type\":\"EntryPoint\",\"urlTemplate\":\"https:\\\/\\\/spicyflowers.fr\\\/?s={search_term_string}\"},\"query-input\":{\"@type\":\"PropertyValueSpecification\",\"valueRequired\":true,\"valueName\":\"search_term_string\"}}],\"inLanguage\":\"fr-FR\"},{\"@type\":\"Organization\",\"@id\":\"https:\\\/\\\/spicyflowers.fr\\\/#organization\",\"name\":\"SPICYFLOWERS\",\"url\":\"https:\\\/\\\/spicyflowers.fr\\\/\",\"logo\":{\"@type\":\"ImageObject\",\"inLanguage\":\"fr-FR\",\"@id\":\"https:\\\/\\\/spicyflowers.fr\\\/#\\\/schema\\\/logo\\\/image\\\/\",\"url\":\"https:\\\/\\\/spicyflowers.fr\\\/wp-content\\\/uploads\\\/2025\\\/02\\\/cropped-spicy-flowers.png\",\"contentUrl\":\"https:\\\/\\\/spicyflowers.fr\\\/wp-content\\\/uploads\\\/2025\\\/02\\\/cropped-spicy-flowers.png\",\"width\":1792,\"height\":1792,\"caption\":\"SPICYFLOWERS\"},\"image\":{\"@id\":\"https:\\\/\\\/spicyflowers.fr\\\/#\\\/schema\\\/logo\\\/image\\\/\"}}]}<\/script>\n<!-- \/ Yoast SEO plugin. -->","yoast_head_json":{"title":"E-liquide - Fr Blend CBD - STILLA\u00ae -","description":"D\u00e9couvrez le FR-BLEND CBD de STILLA\u00ae, un produit innovant 100% fran\u00e7ais qui offre un go\u00fbt classique et unique gr\u00e2ce \u00e0 l'utilisation de mac\u00e9r\u00e2t organique de feuilles de tabac. Malgr\u00e9 sa petite taille, ce produit regorge de qualit\u00e9s pour satisfaire les amateurs les plus exigeants.","robots":{"index":"index","follow":"follow","max-snippet":"max-snippet:-1","max-image-preview":"max-image-preview:large","max-video-preview":"max-video-preview:-1"},"canonical":"https:\/\/spicyflowers.fr\/?product=e-liquide-fr-blend-cbd-stilla","og_locale":"fr_FR","og_type":"article","og_title":"E-liquide - Fr Blend CBD - STILLA\u00ae -","og_description":"D\u00e9couvrez le FR-BLEND CBD de STILLA\u00ae, un produit innovant 100% fran\u00e7ais qui offre un go\u00fbt classique et unique gr\u00e2ce \u00e0 l'utilisation de mac\u00e9r\u00e2t organique de feuilles de tabac. Malgr\u00e9 sa petite taille, ce produit regorge de qualit\u00e9s pour satisfaire les amateurs les plus exigeants.","og_url":"https:\/\/spicyflowers.fr\/?product=e-liquide-fr-blend-cbd-stilla","article_modified_time":"2023-02-15T13:32:54+00:00","og_image":[{"width":1920,"height":2560,"url":"https:\/\/spicyflowers.fr\/wp-content\/uploads\/2023\/01\/317875605_860924065152083_2232862970084825475_n-1-scaled.jpg","type":"image\/jpeg"}],"twitter_card":"summary_large_image","twitter_misc":{"Dur\u00e9e de lecture estim\u00e9e":"1 minute"},"schema":{"@context":"https:\/\/schema.org","@graph":[{"@type":"WebPage","@id":"https:\/\/spicyflowers.fr\/?product=e-liquide-fr-blend-cbd-stilla","url":"https:\/\/spicyflowers.fr\/?product=e-liquide-fr-blend-cbd-stilla","name":"E-liquide - Fr Blend CBD - STILLA\u00ae -","isPartOf":{"@id":"https:\/\/spicyflowers.fr\/#website"},"primaryImageOfPage":{"@id":"https:\/\/spicyflowers.fr\/?product=e-liquide-fr-blend-cbd-stilla#primaryimage"},"image":{"@id":"https:\/\/spicyflowers.fr\/?product=e-liquide-fr-blend-cbd-stilla#primaryimage"},"thumbnailUrl":"https:\/\/spicyflowers.fr\/wp-content\/uploads\/2023\/01\/317875605_860924065152083_2232862970084825475_n-1-scaled.jpg","datePublished":"2023-01-21T16:53:00+00:00","dateModified":"2023-02-15T13:32:54+00:00","description":"D\u00e9couvrez le FR-BLEND CBD de STILLA\u00ae, un produit innovant 100% fran\u00e7ais qui offre un go\u00fbt classique et unique gr\u00e2ce \u00e0 l'utilisation de mac\u00e9r\u00e2t organique de feuilles de tabac. Malgr\u00e9 sa petite taille, ce produit regorge de qualit\u00e9s pour satisfaire les amateurs les plus exigeants.","breadcrumb":{"@id":"https:\/\/spicyflowers.fr\/?product=e-liquide-fr-blend-cbd-stilla#breadcrumb"},"inLanguage":"fr-FR","potentialAction":[{"@type":"ReadAction","target":["https:\/\/spicyflowers.fr\/?product=e-liquide-fr-blend-cbd-stilla"]}]},{"@type":"ImageObject","inLanguage":"fr-FR","@id":"https:\/\/spicyflowers.fr\/?product=e-liquide-fr-blend-cbd-stilla#primaryimage","url":"https:\/\/spicyflowers.fr\/wp-content\/uploads\/2023\/01\/317875605_860924065152083_2232862970084825475_n-1-scaled.jpg","contentUrl":"https:\/\/spicyflowers.fr\/wp-content\/uploads\/2023\/01\/317875605_860924065152083_2232862970084825475_n-1-scaled.jpg","width":1920,"height":2560,"caption":"E-liquide - Fr Blend CBD - STILLA\u00ae"},{"@type":"BreadcrumbList","@id":"https:\/\/spicyflowers.fr\/?product=e-liquide-fr-blend-cbd-stilla#breadcrumb","itemListElement":[{"@type":"ListItem","position":1,"name":"Accueil","item":"https:\/\/spicyflowers.fr\/"},{"@type":"ListItem","position":2,"name":"La boutique Spicy Flowers","item":"https:\/\/spicyflowers.fr\/?page_id=5"},{"@type":"ListItem","position":3,"name":"E-liquide &#8211; Fr Blend CBD &#8211; STILLA\u00ae"}]},{"@type":"WebSite","@id":"https:\/\/spicyflowers.fr\/#website","url":"https:\/\/spicyflowers.fr\/","name":"SPICYFLOWERS","description":"","publisher":{"@id":"https:\/\/spicyflowers.fr\/#organization"},"potentialAction":[{"@type":"SearchAction","target":{"@type":"EntryPoint","urlTemplate":"https:\/\/spicyflowers.fr\/?s={search_term_string}"},"query-input":{"@type":"PropertyValueSpecification","valueRequired":true,"valueName":"search_term_string"}}],"inLanguage":"fr-FR"},{"@type":"Organization","@id":"https:\/\/spicyflowers.fr\/#organization","name":"SPICYFLOWERS","url":"https:\/\/spicyflowers.fr\/","logo":{"@type":"ImageObject","inLanguage":"fr-FR","@id":"https:\/\/spicyflowers.fr\/#\/schema\/logo\/image\/","url":"https:\/\/spicyflowers.fr\/wp-content\/uploads\/2025\/02\/cropped-spicy-flowers.png","contentUrl":"https:\/\/spicyflowers.fr\/wp-content\/uploads\/2025\/02\/cropped-spicy-flowers.png","width":1792,"height":1792,"caption":"SPICYFLOWERS"},"image":{"@id":"https:\/\/spicyflowers.fr\/#\/schema\/logo\/image\/"}}]}},"_links":{"self":[{"href":"https:\/\/spicyflowers.fr\/index.php?rest_route=\/wp\/v2\/product\/404","targetHints":{"allow":["GET"]}}],"collection":[{"href":"https:\/\/spicyflowers.fr\/index.php?rest_route=\/wp\/v2\/product"}],"about":[{"href":"https:\/\/spicyflowers.fr\/index.php?rest_route=\/wp\/v2\/types\/product"}],"replies":[{"embeddable":true,"href":"https:\/\/spicyflowers.fr\/index.php?rest_route=%2Fwp%2Fv2%2Fcomments&post=404"}],"version-history":[{"count":1,"href":"https:\/\/spicyflowers.fr\/index.php?rest_route=\/wp\/v2\/product\/404\/revisions"}],"predecessor-version":[{"id":553,"href":"https:\/\/spicyflowers.fr\/index.php?rest_route=\/wp\/v2\/product\/404\/revisions\/553"}],"wp:featuredmedia":[{"embeddable":true,"href":"https:\/\/spicyflowers.fr\/index.php?rest_route=\/wp\/v2\/media\/380"}],"wp:attachment":[{"href":"https:\/\/spicyflowers.fr\/index.php?rest_route=%2Fwp%2Fv2%2Fmedia&parent=404"}],"wp:term":[{"taxonomy":"product_brand","embeddable":true,"href":"https:\/\/spicyflowers.fr\/index.php?rest_route=%2Fwp%2Fv2%2Fproduct_brand&post=404"},{"taxonomy":"product_cat","embeddable":true,"href":"https:\/\/spicyflowers.fr\/index.php?rest_route=%2Fwp%2Fv2%2Fproduct_cat&post=404"},{"taxonomy":"product_tag","embeddable":true,"href":"https:\/\/spicyflowers.fr\/index.php?rest_route=%2Fwp%2Fv2%2Fproduct_tag&post=404"}],"curies":[{"name":"wp","href":"https:\/\/api.w.org\/{rel}","templated":true}]}}