{"id":394,"date":"2023-01-21T16:40:12","date_gmt":"2023-01-21T16:40:12","guid":{"rendered":"https:\/\/spicyflowers.fr\/?post_type=product&#038;p=394"},"modified":"2023-02-15T13:32:26","modified_gmt":"2023-02-15T13:32:26","slug":"huile-cbd-lemon-ginger-bio-20","status":"publish","type":"product","link":"https:\/\/spicyflowers.fr\/?product=huile-cbd-lemon-ginger-bio-20","title":{"rendered":"Huile de CBD &#8211; Lemon Ginger Bio 20%"},"content":{"rendered":"<p>L&rsquo;huile CBD Stilla est un m\u00e9lange \u00e9pic\u00e9 et acidul\u00e9 qui utilise une extraction naturelle du spectre complet pour assurer un effet d&rsquo;entourage. Elle soulage et am\u00e9liore le quotidien de nombreuses personnes souffrant d&rsquo;autisme et d&rsquo;\u00e9pilepsie s\u00e9v\u00e8re, agit sur les douleurs chroniques et peut \u00eatre utilis\u00e9e en application locale pour son action anti-inflammatoire.<\/p>\n<p>La collection MCT Saveurs de Stilla est fabriqu\u00e9e avec de l&rsquo;huile de noix de coco MCT pure et biologique, associ\u00e9e \u00e0 un m\u00e9lange d&rsquo;ar\u00f4mes naturels gourmands. Ces huiles sont 100% d&rsquo;ingr\u00e9dients d&rsquo;origine naturelle v\u00e9g\u00e9tale, certifi\u00e9es Agriculture Biologique et fabriqu\u00e9es en France.<\/p>\n<p>Les conseils d&rsquo;utilisation pr\u00e9conis\u00e9s par le fabricant consistent en quelques gouttes sous la langue, conserv\u00e9es pendant au moins une minute avant de les avaler.<\/p>\n","protected":false},"excerpt":{"rendered":"<p>L&rsquo;huile CBD Stilla est un m\u00e9lange \u00e9pic\u00e9 et acidul\u00e9 qui utilise une extraction naturelle du spectre complet pour assurer un effet d&rsquo;entourage. Elle soulage et am\u00e9liore le quotidien de nombreuses personnes souffrant d&rsquo;autisme et d&rsquo;\u00e9pilepsie s\u00e9v\u00e8re, agit sur les douleurs chroniques et peut \u00eatre utilis\u00e9e en application locale pour son action anti-inflammatoire.<\/p>\n","protected":false},"featured_media":377,"comment_status":"open","ping_status":"closed","template":"","meta":{"site-sidebar-layout":"default","site-content-layout":"default","ast-site-content-layout":"default","site-content-style":"default","site-sidebar-style":"default","ast-global-header-display":"","ast-banner-title-visibility":"","ast-main-header-display":"","ast-hfb-above-header-display":"","ast-hfb-below-header-display":"","ast-hfb-mobile-header-display":"","site-post-title":"","ast-breadcrumbs-content":"","ast-featured-img":"","footer-sml-layout":"","ast-disable-related-posts":"","theme-transparent-header-meta":"default","adv-header-id-meta":"","stick-header-meta":"","header-above-stick-meta":"","header-main-stick-meta":"","header-below-stick-meta":"","astra-migrate-meta-layouts":"default","ast-page-background-enabled":"default","ast-page-background-meta":{"desktop":{"background-color":"var(--ast-global-color-4)","background-image":"","background-repeat":"repeat","background-position":"center center","background-size":"auto","background-attachment":"scroll","background-type":"","background-media":"","overlay-type":"","overlay-color":"","overlay-opacity":"","overlay-gradient":""},"tablet":{"background-color":"","background-image":"","background-repeat":"repeat","background-position":"center center","background-size":"auto","background-attachment":"scroll","background-type":"","background-media":"","overlay-type":"","overlay-color":"","overlay-opacity":"","overlay-gradient":""},"mobile":{"background-color":"","background-image":"","background-repeat":"repeat","background-position":"center center","background-size":"auto","background-attachment":"scroll","background-type":"","background-media":"","overlay-type":"","overlay-color":"","overlay-opacity":"","overlay-gradient":""}},"ast-content-background-meta":{"desktop":{"background-color":"var(--ast-global-color-5)","background-image":"","background-repeat":"repeat","background-position":"center center","background-size":"auto","background-attachment":"scroll","background-type":"","background-media":"","overlay-type":"","overlay-color":"","overlay-opacity":"","overlay-gradient":""},"tablet":{"background-color":"var(--ast-global-color-5)","background-image":"","background-repeat":"repeat","background-position":"center center","background-size":"auto","background-attachment":"scroll","background-type":"","background-media":"","overlay-type":"","overlay-color":"","overlay-opacity":"","overlay-gradient":""},"mobile":{"background-color":"var(--ast-global-color-5)","background-image":"","background-repeat":"repeat","background-position":"center center","background-size":"auto","background-attachment":"scroll","background-type":"","background-media":"","overlay-type":"","overlay-color":"","overlay-opacity":"","overlay-gradient":""}}},"product_brand":[],"product_cat":[36],"product_tag":[],"class_list":{"0":"post-394","1":"product","2":"type-product","3":"status-publish","4":"has-post-thumbnail","6":"product_cat-huiles-de-cbd","7":"desktop-align-left","8":"tablet-align-left","9":"mobile-align-left","11":"first","12":"instock","13":"taxable","14":"shipping-taxable","15":"purchasable","16":"product-type-variable"},"yoast_head":"<!-- This site is optimized with the Yoast SEO plugin v27.3 - https:\/\/yoast.com\/product\/yoast-seo-wordpress\/ -->\n<title>Huile de CBD - Lemon Ginger Bio 20% -<\/title>\n<meta name=\"description\" content=\"L&#039;huile CBD Stilla est un m\u00e9lange \u00e9pic\u00e9 et acidul\u00e9 qui utilise une extraction naturelle du spectre complet pour assurer un effet d&#039;entourage. Elle soulage et am\u00e9liore le quotidien de nombreuses personnes souffrant d&#039;autisme et d&#039;\u00e9pilepsie s\u00e9v\u00e8re, agit sur les douleurs chroniques et peut \u00eatre utilis\u00e9e en application locale pour son action anti-inflammatoire.\" \/>\n<meta name=\"robots\" content=\"index, follow, max-snippet:-1, max-image-preview:large, max-video-preview:-1\" \/>\n<link rel=\"canonical\" href=\"https:\/\/spicyflowers.fr\/?product=huile-cbd-lemon-ginger-bio-20\" \/>\n<meta property=\"og:locale\" content=\"fr_FR\" \/>\n<meta property=\"og:type\" content=\"article\" \/>\n<meta property=\"og:title\" content=\"Huile de CBD - Lemon Ginger Bio 20% -\" \/>\n<meta property=\"og:description\" content=\"L&#039;huile CBD Stilla est un m\u00e9lange \u00e9pic\u00e9 et acidul\u00e9 qui utilise une extraction naturelle du spectre complet pour assurer un effet d&#039;entourage. Elle soulage et am\u00e9liore le quotidien de nombreuses personnes souffrant d&#039;autisme et d&#039;\u00e9pilepsie s\u00e9v\u00e8re, agit sur les douleurs chroniques et peut \u00eatre utilis\u00e9e en application locale pour son action anti-inflammatoire.\" \/>\n<meta property=\"og:url\" content=\"https:\/\/spicyflowers.fr\/?product=huile-cbd-lemon-ginger-bio-20\" \/>\n<meta property=\"article:modified_time\" content=\"2023-02-15T13:32:26+00:00\" \/>\n<meta property=\"og:image\" content=\"https:\/\/spicyflowers.fr\/wp-content\/uploads\/2023\/01\/317139295_846726553449531_3764157459102081918_n-1-scaled.jpg\" \/>\n\t<meta property=\"og:image:width\" content=\"1920\" \/>\n\t<meta property=\"og:image:height\" content=\"2560\" \/>\n\t<meta property=\"og:image:type\" content=\"image\/jpeg\" \/>\n<meta name=\"twitter:card\" content=\"summary_large_image\" \/>\n<meta name=\"twitter:label1\" content=\"Dur\u00e9e de lecture estim\u00e9e\" \/>\n\t<meta name=\"twitter:data1\" content=\"1 minute\" \/>\n<script type=\"application\/ld+json\" class=\"yoast-schema-graph\">{\"@context\":\"https:\\\/\\\/schema.org\",\"@graph\":[{\"@type\":\"WebPage\",\"@id\":\"https:\\\/\\\/spicyflowers.fr\\\/?product=huile-cbd-lemon-ginger-bio-20\",\"url\":\"https:\\\/\\\/spicyflowers.fr\\\/?product=huile-cbd-lemon-ginger-bio-20\",\"name\":\"Huile de CBD - Lemon Ginger Bio 20% -\",\"isPartOf\":{\"@id\":\"https:\\\/\\\/spicyflowers.fr\\\/#website\"},\"primaryImageOfPage\":{\"@id\":\"https:\\\/\\\/spicyflowers.fr\\\/?product=huile-cbd-lemon-ginger-bio-20#primaryimage\"},\"image\":{\"@id\":\"https:\\\/\\\/spicyflowers.fr\\\/?product=huile-cbd-lemon-ginger-bio-20#primaryimage\"},\"thumbnailUrl\":\"https:\\\/\\\/spicyflowers.fr\\\/wp-content\\\/uploads\\\/2023\\\/01\\\/317139295_846726553449531_3764157459102081918_n-1-scaled.jpg\",\"datePublished\":\"2023-01-21T16:40:12+00:00\",\"dateModified\":\"2023-02-15T13:32:26+00:00\",\"description\":\"L'huile CBD Stilla est un m\u00e9lange \u00e9pic\u00e9 et acidul\u00e9 qui utilise une extraction naturelle du spectre complet pour assurer un effet d'entourage. Elle soulage et am\u00e9liore le quotidien de nombreuses personnes souffrant d'autisme et d'\u00e9pilepsie s\u00e9v\u00e8re, agit sur les douleurs chroniques et peut \u00eatre utilis\u00e9e en application locale pour son action anti-inflammatoire.\",\"breadcrumb\":{\"@id\":\"https:\\\/\\\/spicyflowers.fr\\\/?product=huile-cbd-lemon-ginger-bio-20#breadcrumb\"},\"inLanguage\":\"fr-FR\",\"potentialAction\":[{\"@type\":\"ReadAction\",\"target\":[\"https:\\\/\\\/spicyflowers.fr\\\/?product=huile-cbd-lemon-ginger-bio-20\"]}]},{\"@type\":\"ImageObject\",\"inLanguage\":\"fr-FR\",\"@id\":\"https:\\\/\\\/spicyflowers.fr\\\/?product=huile-cbd-lemon-ginger-bio-20#primaryimage\",\"url\":\"https:\\\/\\\/spicyflowers.fr\\\/wp-content\\\/uploads\\\/2023\\\/01\\\/317139295_846726553449531_3764157459102081918_n-1-scaled.jpg\",\"contentUrl\":\"https:\\\/\\\/spicyflowers.fr\\\/wp-content\\\/uploads\\\/2023\\\/01\\\/317139295_846726553449531_3764157459102081918_n-1-scaled.jpg\",\"width\":1920,\"height\":2560,\"caption\":\"Huile CBD - Lemon Ginger Bio 20%\"},{\"@type\":\"BreadcrumbList\",\"@id\":\"https:\\\/\\\/spicyflowers.fr\\\/?product=huile-cbd-lemon-ginger-bio-20#breadcrumb\",\"itemListElement\":[{\"@type\":\"ListItem\",\"position\":1,\"name\":\"Accueil\",\"item\":\"https:\\\/\\\/spicyflowers.fr\\\/\"},{\"@type\":\"ListItem\",\"position\":2,\"name\":\"La boutique Spicy Flowers\",\"item\":\"https:\\\/\\\/spicyflowers.fr\\\/?page_id=5\"},{\"@type\":\"ListItem\",\"position\":3,\"name\":\"Huile de CBD &#8211; Lemon Ginger Bio 20%\"}]},{\"@type\":\"WebSite\",\"@id\":\"https:\\\/\\\/spicyflowers.fr\\\/#website\",\"url\":\"https:\\\/\\\/spicyflowers.fr\\\/\",\"name\":\"SPICYFLOWERS\",\"description\":\"\",\"publisher\":{\"@id\":\"https:\\\/\\\/spicyflowers.fr\\\/#organization\"},\"potentialAction\":[{\"@type\":\"SearchAction\",\"target\":{\"@type\":\"EntryPoint\",\"urlTemplate\":\"https:\\\/\\\/spicyflowers.fr\\\/?s={search_term_string}\"},\"query-input\":{\"@type\":\"PropertyValueSpecification\",\"valueRequired\":true,\"valueName\":\"search_term_string\"}}],\"inLanguage\":\"fr-FR\"},{\"@type\":\"Organization\",\"@id\":\"https:\\\/\\\/spicyflowers.fr\\\/#organization\",\"name\":\"SPICYFLOWERS\",\"url\":\"https:\\\/\\\/spicyflowers.fr\\\/\",\"logo\":{\"@type\":\"ImageObject\",\"inLanguage\":\"fr-FR\",\"@id\":\"https:\\\/\\\/spicyflowers.fr\\\/#\\\/schema\\\/logo\\\/image\\\/\",\"url\":\"https:\\\/\\\/spicyflowers.fr\\\/wp-content\\\/uploads\\\/2025\\\/02\\\/cropped-spicy-flowers.png\",\"contentUrl\":\"https:\\\/\\\/spicyflowers.fr\\\/wp-content\\\/uploads\\\/2025\\\/02\\\/cropped-spicy-flowers.png\",\"width\":1792,\"height\":1792,\"caption\":\"SPICYFLOWERS\"},\"image\":{\"@id\":\"https:\\\/\\\/spicyflowers.fr\\\/#\\\/schema\\\/logo\\\/image\\\/\"}}]}<\/script>\n<!-- \/ Yoast SEO plugin. -->","yoast_head_json":{"title":"Huile de CBD - Lemon Ginger Bio 20% -","description":"L'huile CBD Stilla est un m\u00e9lange \u00e9pic\u00e9 et acidul\u00e9 qui utilise une extraction naturelle du spectre complet pour assurer un effet d'entourage. Elle soulage et am\u00e9liore le quotidien de nombreuses personnes souffrant d'autisme et d'\u00e9pilepsie s\u00e9v\u00e8re, agit sur les douleurs chroniques et peut \u00eatre utilis\u00e9e en application locale pour son action anti-inflammatoire.","robots":{"index":"index","follow":"follow","max-snippet":"max-snippet:-1","max-image-preview":"max-image-preview:large","max-video-preview":"max-video-preview:-1"},"canonical":"https:\/\/spicyflowers.fr\/?product=huile-cbd-lemon-ginger-bio-20","og_locale":"fr_FR","og_type":"article","og_title":"Huile de CBD - Lemon Ginger Bio 20% -","og_description":"L'huile CBD Stilla est un m\u00e9lange \u00e9pic\u00e9 et acidul\u00e9 qui utilise une extraction naturelle du spectre complet pour assurer un effet d'entourage. Elle soulage et am\u00e9liore le quotidien de nombreuses personnes souffrant d'autisme et d'\u00e9pilepsie s\u00e9v\u00e8re, agit sur les douleurs chroniques et peut \u00eatre utilis\u00e9e en application locale pour son action anti-inflammatoire.","og_url":"https:\/\/spicyflowers.fr\/?product=huile-cbd-lemon-ginger-bio-20","article_modified_time":"2023-02-15T13:32:26+00:00","og_image":[{"width":1920,"height":2560,"url":"https:\/\/spicyflowers.fr\/wp-content\/uploads\/2023\/01\/317139295_846726553449531_3764157459102081918_n-1-scaled.jpg","type":"image\/jpeg"}],"twitter_card":"summary_large_image","twitter_misc":{"Dur\u00e9e de lecture estim\u00e9e":"1 minute"},"schema":{"@context":"https:\/\/schema.org","@graph":[{"@type":"WebPage","@id":"https:\/\/spicyflowers.fr\/?product=huile-cbd-lemon-ginger-bio-20","url":"https:\/\/spicyflowers.fr\/?product=huile-cbd-lemon-ginger-bio-20","name":"Huile de CBD - Lemon Ginger Bio 20% -","isPartOf":{"@id":"https:\/\/spicyflowers.fr\/#website"},"primaryImageOfPage":{"@id":"https:\/\/spicyflowers.fr\/?product=huile-cbd-lemon-ginger-bio-20#primaryimage"},"image":{"@id":"https:\/\/spicyflowers.fr\/?product=huile-cbd-lemon-ginger-bio-20#primaryimage"},"thumbnailUrl":"https:\/\/spicyflowers.fr\/wp-content\/uploads\/2023\/01\/317139295_846726553449531_3764157459102081918_n-1-scaled.jpg","datePublished":"2023-01-21T16:40:12+00:00","dateModified":"2023-02-15T13:32:26+00:00","description":"L'huile CBD Stilla est un m\u00e9lange \u00e9pic\u00e9 et acidul\u00e9 qui utilise une extraction naturelle du spectre complet pour assurer un effet d'entourage. Elle soulage et am\u00e9liore le quotidien de nombreuses personnes souffrant d'autisme et d'\u00e9pilepsie s\u00e9v\u00e8re, agit sur les douleurs chroniques et peut \u00eatre utilis\u00e9e en application locale pour son action anti-inflammatoire.","breadcrumb":{"@id":"https:\/\/spicyflowers.fr\/?product=huile-cbd-lemon-ginger-bio-20#breadcrumb"},"inLanguage":"fr-FR","potentialAction":[{"@type":"ReadAction","target":["https:\/\/spicyflowers.fr\/?product=huile-cbd-lemon-ginger-bio-20"]}]},{"@type":"ImageObject","inLanguage":"fr-FR","@id":"https:\/\/spicyflowers.fr\/?product=huile-cbd-lemon-ginger-bio-20#primaryimage","url":"https:\/\/spicyflowers.fr\/wp-content\/uploads\/2023\/01\/317139295_846726553449531_3764157459102081918_n-1-scaled.jpg","contentUrl":"https:\/\/spicyflowers.fr\/wp-content\/uploads\/2023\/01\/317139295_846726553449531_3764157459102081918_n-1-scaled.jpg","width":1920,"height":2560,"caption":"Huile CBD - Lemon Ginger Bio 20%"},{"@type":"BreadcrumbList","@id":"https:\/\/spicyflowers.fr\/?product=huile-cbd-lemon-ginger-bio-20#breadcrumb","itemListElement":[{"@type":"ListItem","position":1,"name":"Accueil","item":"https:\/\/spicyflowers.fr\/"},{"@type":"ListItem","position":2,"name":"La boutique Spicy Flowers","item":"https:\/\/spicyflowers.fr\/?page_id=5"},{"@type":"ListItem","position":3,"name":"Huile de CBD &#8211; Lemon Ginger Bio 20%"}]},{"@type":"WebSite","@id":"https:\/\/spicyflowers.fr\/#website","url":"https:\/\/spicyflowers.fr\/","name":"SPICYFLOWERS","description":"","publisher":{"@id":"https:\/\/spicyflowers.fr\/#organization"},"potentialAction":[{"@type":"SearchAction","target":{"@type":"EntryPoint","urlTemplate":"https:\/\/spicyflowers.fr\/?s={search_term_string}"},"query-input":{"@type":"PropertyValueSpecification","valueRequired":true,"valueName":"search_term_string"}}],"inLanguage":"fr-FR"},{"@type":"Organization","@id":"https:\/\/spicyflowers.fr\/#organization","name":"SPICYFLOWERS","url":"https:\/\/spicyflowers.fr\/","logo":{"@type":"ImageObject","inLanguage":"fr-FR","@id":"https:\/\/spicyflowers.fr\/#\/schema\/logo\/image\/","url":"https:\/\/spicyflowers.fr\/wp-content\/uploads\/2025\/02\/cropped-spicy-flowers.png","contentUrl":"https:\/\/spicyflowers.fr\/wp-content\/uploads\/2025\/02\/cropped-spicy-flowers.png","width":1792,"height":1792,"caption":"SPICYFLOWERS"},"image":{"@id":"https:\/\/spicyflowers.fr\/#\/schema\/logo\/image\/"}}]}},"_links":{"self":[{"href":"https:\/\/spicyflowers.fr\/index.php?rest_route=\/wp\/v2\/product\/394","targetHints":{"allow":["GET"]}}],"collection":[{"href":"https:\/\/spicyflowers.fr\/index.php?rest_route=\/wp\/v2\/product"}],"about":[{"href":"https:\/\/spicyflowers.fr\/index.php?rest_route=\/wp\/v2\/types\/product"}],"replies":[{"embeddable":true,"href":"https:\/\/spicyflowers.fr\/index.php?rest_route=%2Fwp%2Fv2%2Fcomments&post=394"}],"version-history":[{"count":1,"href":"https:\/\/spicyflowers.fr\/index.php?rest_route=\/wp\/v2\/product\/394\/revisions"}],"predecessor-version":[{"id":894,"href":"https:\/\/spicyflowers.fr\/index.php?rest_route=\/wp\/v2\/product\/394\/revisions\/894"}],"wp:featuredmedia":[{"embeddable":true,"href":"https:\/\/spicyflowers.fr\/index.php?rest_route=\/wp\/v2\/media\/377"}],"wp:attachment":[{"href":"https:\/\/spicyflowers.fr\/index.php?rest_route=%2Fwp%2Fv2%2Fmedia&parent=394"}],"wp:term":[{"taxonomy":"product_brand","embeddable":true,"href":"https:\/\/spicyflowers.fr\/index.php?rest_route=%2Fwp%2Fv2%2Fproduct_brand&post=394"},{"taxonomy":"product_cat","embeddable":true,"href":"https:\/\/spicyflowers.fr\/index.php?rest_route=%2Fwp%2Fv2%2Fproduct_cat&post=394"},{"taxonomy":"product_tag","embeddable":true,"href":"https:\/\/spicyflowers.fr\/index.php?rest_route=%2Fwp%2Fv2%2Fproduct_tag&post=394"}],"curies":[{"name":"wp","href":"https:\/\/api.w.org\/{rel}","templated":true}]}}