{"id":368,"date":"2023-01-21T15:46:34","date_gmt":"2023-01-21T15:46:34","guid":{"rendered":"https:\/\/spicyflowers.fr\/?post_type=product&#038;p=368"},"modified":"2023-02-15T13:40:38","modified_gmt":"2023-02-15T13:40:38","slug":"raspberry-massage-oil","status":"publish","type":"product","link":"https:\/\/spicyflowers.fr\/?product=raspberry-massage-oil","title":{"rendered":"Raspberry massage oil"},"content":{"rendered":"<p>Notre huile de massage \u00e0 la framboise est con\u00e7ue pour offrir une hydratation agr\u00e9able, un effet raffermissant et nourrissant. Elle est compos\u00e9e principalement d&rsquo;huile de chanvre press\u00e9e \u00e0 froid, connue pour ses propri\u00e9t\u00e9s apaisantes et hydratantes, ainsi que de sept autres huiles naturelles id\u00e9ales pour tous les types de peau. L&rsquo;exp\u00e9rience de massage est renforc\u00e9e par un doux parfum de framboise (compos\u00e9 d&rsquo;huiles essentielles de framboises).<\/p>\n<p>Elle peut \u00eatre utilis\u00e9e pour des massages relaxants et th\u00e9rapeutiques. Les ingr\u00e9dients incluent de l&rsquo;huile de chanvre, de l&rsquo;huile de noyau d&rsquo;abricot, de l&rsquo;huile de s\u00e9same, de l&rsquo;huile d&rsquo;amande douce, de l&rsquo;huile d&rsquo;avocat, de l&rsquo;huile de graines de past\u00e8que, de l&rsquo;huile de menthe poivr\u00e9e et de l&rsquo;huile de framboise.<\/p>\n","protected":false},"excerpt":{"rendered":"<p>Notre huile de massage \u00e0 la framboise est con\u00e7ue pour offrir une hydratation agr\u00e9able, un effet raffermissant et nourrissant. Elle est compos\u00e9e principalement d&rsquo;huile de chanvre press\u00e9e \u00e0 froid, connue pour ses propri\u00e9t\u00e9s apaisantes et hydratantes, ainsi que de sept autres huiles naturelles id\u00e9ales pour tous les types de peau. L&rsquo;exp\u00e9rience de massage est renforc\u00e9e par un doux parfum de framboise (compos\u00e9 d&rsquo;huiles essentielles de framboises).<\/p>\n<p>&nbsp;<\/p>\n","protected":false},"featured_media":369,"comment_status":"open","ping_status":"closed","template":"","meta":{"site-sidebar-layout":"default","site-content-layout":"","ast-site-content-layout":"default","site-content-style":"default","site-sidebar-style":"default","ast-global-header-display":"","ast-banner-title-visibility":"","ast-main-header-display":"","ast-hfb-above-header-display":"","ast-hfb-below-header-display":"","ast-hfb-mobile-header-display":"","site-post-title":"","ast-breadcrumbs-content":"","ast-featured-img":"","footer-sml-layout":"","ast-disable-related-posts":"","theme-transparent-header-meta":"","adv-header-id-meta":"","stick-header-meta":"","header-above-stick-meta":"","header-main-stick-meta":"","header-below-stick-meta":"","astra-migrate-meta-layouts":"default","ast-page-background-enabled":"default","ast-page-background-meta":{"desktop":{"background-color":"var(--ast-global-color-4)","background-image":"","background-repeat":"repeat","background-position":"center center","background-size":"auto","background-attachment":"scroll","background-type":"","background-media":"","overlay-type":"","overlay-color":"","overlay-opacity":"","overlay-gradient":""},"tablet":{"background-color":"","background-image":"","background-repeat":"repeat","background-position":"center center","background-size":"auto","background-attachment":"scroll","background-type":"","background-media":"","overlay-type":"","overlay-color":"","overlay-opacity":"","overlay-gradient":""},"mobile":{"background-color":"","background-image":"","background-repeat":"repeat","background-position":"center center","background-size":"auto","background-attachment":"scroll","background-type":"","background-media":"","overlay-type":"","overlay-color":"","overlay-opacity":"","overlay-gradient":""}},"ast-content-background-meta":{"desktop":{"background-color":"var(--ast-global-color-5)","background-image":"","background-repeat":"repeat","background-position":"center center","background-size":"auto","background-attachment":"scroll","background-type":"","background-media":"","overlay-type":"","overlay-color":"","overlay-opacity":"","overlay-gradient":""},"tablet":{"background-color":"var(--ast-global-color-5)","background-image":"","background-repeat":"repeat","background-position":"center center","background-size":"auto","background-attachment":"scroll","background-type":"","background-media":"","overlay-type":"","overlay-color":"","overlay-opacity":"","overlay-gradient":""},"mobile":{"background-color":"var(--ast-global-color-5)","background-image":"","background-repeat":"repeat","background-position":"center center","background-size":"auto","background-attachment":"scroll","background-type":"","background-media":"","overlay-type":"","overlay-color":"","overlay-opacity":"","overlay-gradient":""}}},"product_brand":[],"product_cat":[41],"product_tag":[],"class_list":{"0":"post-368","1":"product","2":"type-product","3":"status-publish","4":"has-post-thumbnail","6":"product_cat-cosmetiques-cbd","7":"desktop-align-left","8":"tablet-align-left","9":"mobile-align-left","11":"first","12":"instock","13":"taxable","14":"shipping-taxable","15":"purchasable","16":"product-type-simple"},"yoast_head":"<!-- This site is optimized with the Yoast SEO plugin v27.3 - https:\/\/yoast.com\/product\/yoast-seo-wordpress\/ -->\n<title>Raspberry massage oil -<\/title>\n<meta name=\"description\" content=\"Notre huile de massage \u00e0 la framboise est con\u00e7ue pour offrir une hydratation agr\u00e9able, un effet raffermissant et nourrissant. Elle est compos\u00e9e principalement d&#039;huile de chanvre press\u00e9e \u00e0 froid, connue pour ses propri\u00e9t\u00e9s apaisantes et hydratantes, ainsi que de sept autres huiles naturelles id\u00e9ales pour tous les types de peau. L&#039;exp\u00e9rience de massage est renforc\u00e9e par un doux parfum de framboise (compos\u00e9 d&#039;huiles essentielles de framboises).\" \/>\n<meta name=\"robots\" content=\"index, follow, max-snippet:-1, max-image-preview:large, max-video-preview:-1\" \/>\n<link rel=\"canonical\" href=\"https:\/\/spicyflowers.fr\/?product=raspberry-massage-oil\" \/>\n<meta property=\"og:locale\" content=\"fr_FR\" \/>\n<meta property=\"og:type\" content=\"article\" \/>\n<meta property=\"og:title\" content=\"Raspberry massage oil -\" \/>\n<meta property=\"og:description\" content=\"Notre huile de massage \u00e0 la framboise est con\u00e7ue pour offrir une hydratation agr\u00e9able, un effet raffermissant et nourrissant. Elle est compos\u00e9e principalement d&#039;huile de chanvre press\u00e9e \u00e0 froid, connue pour ses propri\u00e9t\u00e9s apaisantes et hydratantes, ainsi que de sept autres huiles naturelles id\u00e9ales pour tous les types de peau. L&#039;exp\u00e9rience de massage est renforc\u00e9e par un doux parfum de framboise (compos\u00e9 d&#039;huiles essentielles de framboises).\" \/>\n<meta property=\"og:url\" content=\"https:\/\/spicyflowers.fr\/?product=raspberry-massage-oil\" \/>\n<meta property=\"article:modified_time\" content=\"2023-02-15T13:40:38+00:00\" \/>\n<meta property=\"og:image\" content=\"https:\/\/spicyflowers.fr\/wp-content\/uploads\/2023\/01\/316252942_821942469058651_6086480701176038653_n-scaled.jpg\" \/>\n\t<meta property=\"og:image:width\" content=\"1920\" \/>\n\t<meta property=\"og:image:height\" content=\"2560\" \/>\n\t<meta property=\"og:image:type\" content=\"image\/jpeg\" \/>\n<meta name=\"twitter:card\" content=\"summary_large_image\" \/>\n<meta name=\"twitter:label1\" content=\"Dur\u00e9e de lecture estim\u00e9e\" \/>\n\t<meta name=\"twitter:data1\" content=\"1 minute\" \/>\n<script type=\"application\/ld+json\" class=\"yoast-schema-graph\">{\"@context\":\"https:\\\/\\\/schema.org\",\"@graph\":[{\"@type\":\"WebPage\",\"@id\":\"https:\\\/\\\/spicyflowers.fr\\\/?product=raspberry-massage-oil\",\"url\":\"https:\\\/\\\/spicyflowers.fr\\\/?product=raspberry-massage-oil\",\"name\":\"Raspberry massage oil -\",\"isPartOf\":{\"@id\":\"https:\\\/\\\/spicyflowers.fr\\\/#website\"},\"primaryImageOfPage\":{\"@id\":\"https:\\\/\\\/spicyflowers.fr\\\/?product=raspberry-massage-oil#primaryimage\"},\"image\":{\"@id\":\"https:\\\/\\\/spicyflowers.fr\\\/?product=raspberry-massage-oil#primaryimage\"},\"thumbnailUrl\":\"https:\\\/\\\/spicyflowers.fr\\\/wp-content\\\/uploads\\\/2023\\\/01\\\/316252942_821942469058651_6086480701176038653_n-scaled.jpg\",\"datePublished\":\"2023-01-21T15:46:34+00:00\",\"dateModified\":\"2023-02-15T13:40:38+00:00\",\"description\":\"Notre huile de massage \u00e0 la framboise est con\u00e7ue pour offrir une hydratation agr\u00e9able, un effet raffermissant et nourrissant. Elle est compos\u00e9e principalement d'huile de chanvre press\u00e9e \u00e0 froid, connue pour ses propri\u00e9t\u00e9s apaisantes et hydratantes, ainsi que de sept autres huiles naturelles id\u00e9ales pour tous les types de peau. L'exp\u00e9rience de massage est renforc\u00e9e par un doux parfum de framboise (compos\u00e9 d'huiles essentielles de framboises).\",\"breadcrumb\":{\"@id\":\"https:\\\/\\\/spicyflowers.fr\\\/?product=raspberry-massage-oil#breadcrumb\"},\"inLanguage\":\"fr-FR\",\"potentialAction\":[{\"@type\":\"ReadAction\",\"target\":[\"https:\\\/\\\/spicyflowers.fr\\\/?product=raspberry-massage-oil\"]}]},{\"@type\":\"ImageObject\",\"inLanguage\":\"fr-FR\",\"@id\":\"https:\\\/\\\/spicyflowers.fr\\\/?product=raspberry-massage-oil#primaryimage\",\"url\":\"https:\\\/\\\/spicyflowers.fr\\\/wp-content\\\/uploads\\\/2023\\\/01\\\/316252942_821942469058651_6086480701176038653_n-scaled.jpg\",\"contentUrl\":\"https:\\\/\\\/spicyflowers.fr\\\/wp-content\\\/uploads\\\/2023\\\/01\\\/316252942_821942469058651_6086480701176038653_n-scaled.jpg\",\"width\":1920,\"height\":2560,\"caption\":\"Raspberry massage oil\"},{\"@type\":\"BreadcrumbList\",\"@id\":\"https:\\\/\\\/spicyflowers.fr\\\/?product=raspberry-massage-oil#breadcrumb\",\"itemListElement\":[{\"@type\":\"ListItem\",\"position\":1,\"name\":\"Accueil\",\"item\":\"https:\\\/\\\/spicyflowers.fr\\\/\"},{\"@type\":\"ListItem\",\"position\":2,\"name\":\"La boutique Spicy Flowers\",\"item\":\"https:\\\/\\\/spicyflowers.fr\\\/?page_id=5\"},{\"@type\":\"ListItem\",\"position\":3,\"name\":\"Raspberry massage oil\"}]},{\"@type\":\"WebSite\",\"@id\":\"https:\\\/\\\/spicyflowers.fr\\\/#website\",\"url\":\"https:\\\/\\\/spicyflowers.fr\\\/\",\"name\":\"SPICYFLOWERS\",\"description\":\"\",\"publisher\":{\"@id\":\"https:\\\/\\\/spicyflowers.fr\\\/#organization\"},\"potentialAction\":[{\"@type\":\"SearchAction\",\"target\":{\"@type\":\"EntryPoint\",\"urlTemplate\":\"https:\\\/\\\/spicyflowers.fr\\\/?s={search_term_string}\"},\"query-input\":{\"@type\":\"PropertyValueSpecification\",\"valueRequired\":true,\"valueName\":\"search_term_string\"}}],\"inLanguage\":\"fr-FR\"},{\"@type\":\"Organization\",\"@id\":\"https:\\\/\\\/spicyflowers.fr\\\/#organization\",\"name\":\"SPICYFLOWERS\",\"url\":\"https:\\\/\\\/spicyflowers.fr\\\/\",\"logo\":{\"@type\":\"ImageObject\",\"inLanguage\":\"fr-FR\",\"@id\":\"https:\\\/\\\/spicyflowers.fr\\\/#\\\/schema\\\/logo\\\/image\\\/\",\"url\":\"https:\\\/\\\/spicyflowers.fr\\\/wp-content\\\/uploads\\\/2025\\\/02\\\/cropped-spicy-flowers.png\",\"contentUrl\":\"https:\\\/\\\/spicyflowers.fr\\\/wp-content\\\/uploads\\\/2025\\\/02\\\/cropped-spicy-flowers.png\",\"width\":1792,\"height\":1792,\"caption\":\"SPICYFLOWERS\"},\"image\":{\"@id\":\"https:\\\/\\\/spicyflowers.fr\\\/#\\\/schema\\\/logo\\\/image\\\/\"}}]}<\/script>\n<!-- \/ Yoast SEO plugin. -->","yoast_head_json":{"title":"Raspberry massage oil -","description":"Notre huile de massage \u00e0 la framboise est con\u00e7ue pour offrir une hydratation agr\u00e9able, un effet raffermissant et nourrissant. Elle est compos\u00e9e principalement d'huile de chanvre press\u00e9e \u00e0 froid, connue pour ses propri\u00e9t\u00e9s apaisantes et hydratantes, ainsi que de sept autres huiles naturelles id\u00e9ales pour tous les types de peau. L'exp\u00e9rience de massage est renforc\u00e9e par un doux parfum de framboise (compos\u00e9 d'huiles essentielles de framboises).","robots":{"index":"index","follow":"follow","max-snippet":"max-snippet:-1","max-image-preview":"max-image-preview:large","max-video-preview":"max-video-preview:-1"},"canonical":"https:\/\/spicyflowers.fr\/?product=raspberry-massage-oil","og_locale":"fr_FR","og_type":"article","og_title":"Raspberry massage oil -","og_description":"Notre huile de massage \u00e0 la framboise est con\u00e7ue pour offrir une hydratation agr\u00e9able, un effet raffermissant et nourrissant. Elle est compos\u00e9e principalement d'huile de chanvre press\u00e9e \u00e0 froid, connue pour ses propri\u00e9t\u00e9s apaisantes et hydratantes, ainsi que de sept autres huiles naturelles id\u00e9ales pour tous les types de peau. L'exp\u00e9rience de massage est renforc\u00e9e par un doux parfum de framboise (compos\u00e9 d'huiles essentielles de framboises).","og_url":"https:\/\/spicyflowers.fr\/?product=raspberry-massage-oil","article_modified_time":"2023-02-15T13:40:38+00:00","og_image":[{"width":1920,"height":2560,"url":"https:\/\/spicyflowers.fr\/wp-content\/uploads\/2023\/01\/316252942_821942469058651_6086480701176038653_n-scaled.jpg","type":"image\/jpeg"}],"twitter_card":"summary_large_image","twitter_misc":{"Dur\u00e9e de lecture estim\u00e9e":"1 minute"},"schema":{"@context":"https:\/\/schema.org","@graph":[{"@type":"WebPage","@id":"https:\/\/spicyflowers.fr\/?product=raspberry-massage-oil","url":"https:\/\/spicyflowers.fr\/?product=raspberry-massage-oil","name":"Raspberry massage oil -","isPartOf":{"@id":"https:\/\/spicyflowers.fr\/#website"},"primaryImageOfPage":{"@id":"https:\/\/spicyflowers.fr\/?product=raspberry-massage-oil#primaryimage"},"image":{"@id":"https:\/\/spicyflowers.fr\/?product=raspberry-massage-oil#primaryimage"},"thumbnailUrl":"https:\/\/spicyflowers.fr\/wp-content\/uploads\/2023\/01\/316252942_821942469058651_6086480701176038653_n-scaled.jpg","datePublished":"2023-01-21T15:46:34+00:00","dateModified":"2023-02-15T13:40:38+00:00","description":"Notre huile de massage \u00e0 la framboise est con\u00e7ue pour offrir une hydratation agr\u00e9able, un effet raffermissant et nourrissant. Elle est compos\u00e9e principalement d'huile de chanvre press\u00e9e \u00e0 froid, connue pour ses propri\u00e9t\u00e9s apaisantes et hydratantes, ainsi que de sept autres huiles naturelles id\u00e9ales pour tous les types de peau. L'exp\u00e9rience de massage est renforc\u00e9e par un doux parfum de framboise (compos\u00e9 d'huiles essentielles de framboises).","breadcrumb":{"@id":"https:\/\/spicyflowers.fr\/?product=raspberry-massage-oil#breadcrumb"},"inLanguage":"fr-FR","potentialAction":[{"@type":"ReadAction","target":["https:\/\/spicyflowers.fr\/?product=raspberry-massage-oil"]}]},{"@type":"ImageObject","inLanguage":"fr-FR","@id":"https:\/\/spicyflowers.fr\/?product=raspberry-massage-oil#primaryimage","url":"https:\/\/spicyflowers.fr\/wp-content\/uploads\/2023\/01\/316252942_821942469058651_6086480701176038653_n-scaled.jpg","contentUrl":"https:\/\/spicyflowers.fr\/wp-content\/uploads\/2023\/01\/316252942_821942469058651_6086480701176038653_n-scaled.jpg","width":1920,"height":2560,"caption":"Raspberry massage oil"},{"@type":"BreadcrumbList","@id":"https:\/\/spicyflowers.fr\/?product=raspberry-massage-oil#breadcrumb","itemListElement":[{"@type":"ListItem","position":1,"name":"Accueil","item":"https:\/\/spicyflowers.fr\/"},{"@type":"ListItem","position":2,"name":"La boutique Spicy Flowers","item":"https:\/\/spicyflowers.fr\/?page_id=5"},{"@type":"ListItem","position":3,"name":"Raspberry massage oil"}]},{"@type":"WebSite","@id":"https:\/\/spicyflowers.fr\/#website","url":"https:\/\/spicyflowers.fr\/","name":"SPICYFLOWERS","description":"","publisher":{"@id":"https:\/\/spicyflowers.fr\/#organization"},"potentialAction":[{"@type":"SearchAction","target":{"@type":"EntryPoint","urlTemplate":"https:\/\/spicyflowers.fr\/?s={search_term_string}"},"query-input":{"@type":"PropertyValueSpecification","valueRequired":true,"valueName":"search_term_string"}}],"inLanguage":"fr-FR"},{"@type":"Organization","@id":"https:\/\/spicyflowers.fr\/#organization","name":"SPICYFLOWERS","url":"https:\/\/spicyflowers.fr\/","logo":{"@type":"ImageObject","inLanguage":"fr-FR","@id":"https:\/\/spicyflowers.fr\/#\/schema\/logo\/image\/","url":"https:\/\/spicyflowers.fr\/wp-content\/uploads\/2025\/02\/cropped-spicy-flowers.png","contentUrl":"https:\/\/spicyflowers.fr\/wp-content\/uploads\/2025\/02\/cropped-spicy-flowers.png","width":1792,"height":1792,"caption":"SPICYFLOWERS"},"image":{"@id":"https:\/\/spicyflowers.fr\/#\/schema\/logo\/image\/"}}]}},"_links":{"self":[{"href":"https:\/\/spicyflowers.fr\/index.php?rest_route=\/wp\/v2\/product\/368","targetHints":{"allow":["GET"]}}],"collection":[{"href":"https:\/\/spicyflowers.fr\/index.php?rest_route=\/wp\/v2\/product"}],"about":[{"href":"https:\/\/spicyflowers.fr\/index.php?rest_route=\/wp\/v2\/types\/product"}],"replies":[{"embeddable":true,"href":"https:\/\/spicyflowers.fr\/index.php?rest_route=%2Fwp%2Fv2%2Fcomments&post=368"}],"version-history":[{"count":1,"href":"https:\/\/spicyflowers.fr\/index.php?rest_route=\/wp\/v2\/product\/368\/revisions"}],"predecessor-version":[{"id":1439,"href":"https:\/\/spicyflowers.fr\/index.php?rest_route=\/wp\/v2\/product\/368\/revisions\/1439"}],"wp:featuredmedia":[{"embeddable":true,"href":"https:\/\/spicyflowers.fr\/index.php?rest_route=\/wp\/v2\/media\/369"}],"wp:attachment":[{"href":"https:\/\/spicyflowers.fr\/index.php?rest_route=%2Fwp%2Fv2%2Fmedia&parent=368"}],"wp:term":[{"taxonomy":"product_brand","embeddable":true,"href":"https:\/\/spicyflowers.fr\/index.php?rest_route=%2Fwp%2Fv2%2Fproduct_brand&post=368"},{"taxonomy":"product_cat","embeddable":true,"href":"https:\/\/spicyflowers.fr\/index.php?rest_route=%2Fwp%2Fv2%2Fproduct_cat&post=368"},{"taxonomy":"product_tag","embeddable":true,"href":"https:\/\/spicyflowers.fr\/index.php?rest_route=%2Fwp%2Fv2%2Fproduct_tag&post=368"}],"curies":[{"name":"wp","href":"https:\/\/api.w.org\/{rel}","templated":true}]}}