{"id":364,"date":"2023-01-21T15:40:58","date_gmt":"2023-01-21T15:40:58","guid":{"rendered":"https:\/\/spicyflowers.fr\/?post_type=product&#038;p=364"},"modified":"2023-02-15T13:40:39","modified_gmt":"2023-02-15T13:40:39","slug":"pommade-a-lhuile-de-chanvre","status":"publish","type":"product","link":"https:\/\/spicyflowers.fr\/?product=pommade-a-lhuile-de-chanvre","title":{"rendered":"Pommade \u00e0 l&rsquo;huile de chanvre"},"content":{"rendered":"<p>Pommade \u00e0 l&rsquo;huile de chanvre &#8211; 50 ml<\/p>\n<p>Notre pommade \u00e0 l&rsquo;huile de chanvre est maintenant disponible en une nouvelle formule am\u00e9lior\u00e9e ! Elle est riche en huile de chanvre de qualit\u00e9 sup\u00e9rieure qui soulage, nourrit et r\u00e9g\u00e9n\u00e8re les zones de la peau sur lesquelles elle est appliqu\u00e9e. Elle est naturellement enrichie en vitamine E qui pr\u00e9vient les inflammations, renforce les parois des vaisseaux sanguins et am\u00e9liore l&rsquo;approvisionnement sanguin du corps.<\/p>\n<p>Elle est parfaite pour les types de peau rugueuse, s\u00e8che, craquel\u00e9e, d\u00e9shydrat\u00e9e, avec des rougeurs. Des tests dermatologiques ont confirm\u00e9 qu&rsquo;elle ne cause pas de r\u00e9actions allergiques. Commandez d\u00e8s maintenant pour d\u00e9couvrir les bienfaits de notre pommade \u00e0 l&rsquo;huile de chanvre am\u00e9lior\u00e9e !<\/p>\n","protected":false},"excerpt":{"rendered":"<p>Notre pommade \u00e0 l&rsquo;huile de chanvre est maintenant disponible en une nouvelle formule am\u00e9lior\u00e9e ! Elle est riche en huile de chanvre de qualit\u00e9 sup\u00e9rieure qui soulage, nourrit et r\u00e9g\u00e9n\u00e8re les zones de la peau sur lesquelles elle est appliqu\u00e9e. Elle est naturellement enrichie en vitamine E qui pr\u00e9vient les inflammations, renforce les parois des vaisseaux sanguins et am\u00e9liore l&rsquo;approvisionnement sanguin du corps.<\/p>\n","protected":false},"featured_media":365,"comment_status":"open","ping_status":"closed","template":"","meta":{"site-sidebar-layout":"default","site-content-layout":"","ast-site-content-layout":"default","site-content-style":"default","site-sidebar-style":"default","ast-global-header-display":"","ast-banner-title-visibility":"","ast-main-header-display":"","ast-hfb-above-header-display":"","ast-hfb-below-header-display":"","ast-hfb-mobile-header-display":"","site-post-title":"","ast-breadcrumbs-content":"","ast-featured-img":"","footer-sml-layout":"","ast-disable-related-posts":"","theme-transparent-header-meta":"","adv-header-id-meta":"","stick-header-meta":"","header-above-stick-meta":"","header-main-stick-meta":"","header-below-stick-meta":"","astra-migrate-meta-layouts":"default","ast-page-background-enabled":"default","ast-page-background-meta":{"desktop":{"background-color":"var(--ast-global-color-4)","background-image":"","background-repeat":"repeat","background-position":"center center","background-size":"auto","background-attachment":"scroll","background-type":"","background-media":"","overlay-type":"","overlay-color":"","overlay-opacity":"","overlay-gradient":""},"tablet":{"background-color":"","background-image":"","background-repeat":"repeat","background-position":"center center","background-size":"auto","background-attachment":"scroll","background-type":"","background-media":"","overlay-type":"","overlay-color":"","overlay-opacity":"","overlay-gradient":""},"mobile":{"background-color":"","background-image":"","background-repeat":"repeat","background-position":"center center","background-size":"auto","background-attachment":"scroll","background-type":"","background-media":"","overlay-type":"","overlay-color":"","overlay-opacity":"","overlay-gradient":""}},"ast-content-background-meta":{"desktop":{"background-color":"var(--ast-global-color-5)","background-image":"","background-repeat":"repeat","background-position":"center center","background-size":"auto","background-attachment":"scroll","background-type":"","background-media":"","overlay-type":"","overlay-color":"","overlay-opacity":"","overlay-gradient":""},"tablet":{"background-color":"var(--ast-global-color-5)","background-image":"","background-repeat":"repeat","background-position":"center center","background-size":"auto","background-attachment":"scroll","background-type":"","background-media":"","overlay-type":"","overlay-color":"","overlay-opacity":"","overlay-gradient":""},"mobile":{"background-color":"var(--ast-global-color-5)","background-image":"","background-repeat":"repeat","background-position":"center center","background-size":"auto","background-attachment":"scroll","background-type":"","background-media":"","overlay-type":"","overlay-color":"","overlay-opacity":"","overlay-gradient":""}}},"product_brand":[],"product_cat":[41],"product_tag":[],"class_list":{"0":"post-364","1":"product","2":"type-product","3":"status-publish","4":"has-post-thumbnail","6":"product_cat-cosmetiques-cbd","7":"desktop-align-left","8":"tablet-align-left","9":"mobile-align-left","11":"first","12":"instock","13":"taxable","14":"shipping-taxable","15":"purchasable","16":"product-type-simple"},"yoast_head":"<!-- This site is optimized with the Yoast SEO plugin v27.3 - https:\/\/yoast.com\/product\/yoast-seo-wordpress\/ -->\n<title>Pommade \u00e0 l&#039;huile de chanvre -<\/title>\n<meta name=\"description\" content=\"Notre pommade \u00e0 l&#039;huile de chanvre est maintenant disponible en une nouvelle formule am\u00e9lior\u00e9e ! Elle est riche en huile de chanvre de qualit\u00e9 sup\u00e9rieure qui soulage, nourrit et r\u00e9g\u00e9n\u00e8re les zones de la peau sur lesquelles elle est appliqu\u00e9e. Elle est naturellement enrichie en vitamine E qui pr\u00e9vient les inflammations, renforce les parois des vaisseaux sanguins et am\u00e9liore l&#039;approvisionnement sanguin du corps.\" \/>\n<meta name=\"robots\" content=\"index, follow, max-snippet:-1, max-image-preview:large, max-video-preview:-1\" \/>\n<link rel=\"canonical\" href=\"https:\/\/spicyflowers.fr\/?product=pommade-a-lhuile-de-chanvre\" \/>\n<meta property=\"og:locale\" content=\"fr_FR\" \/>\n<meta property=\"og:type\" content=\"article\" \/>\n<meta property=\"og:title\" content=\"Pommade \u00e0 l&#039;huile de chanvre -\" \/>\n<meta property=\"og:description\" content=\"Notre pommade \u00e0 l&#039;huile de chanvre est maintenant disponible en une nouvelle formule am\u00e9lior\u00e9e ! Elle est riche en huile de chanvre de qualit\u00e9 sup\u00e9rieure qui soulage, nourrit et r\u00e9g\u00e9n\u00e8re les zones de la peau sur lesquelles elle est appliqu\u00e9e. Elle est naturellement enrichie en vitamine E qui pr\u00e9vient les inflammations, renforce les parois des vaisseaux sanguins et am\u00e9liore l&#039;approvisionnement sanguin du corps.\" \/>\n<meta property=\"og:url\" content=\"https:\/\/spicyflowers.fr\/?product=pommade-a-lhuile-de-chanvre\" \/>\n<meta property=\"article:modified_time\" content=\"2023-02-15T13:40:39+00:00\" \/>\n<meta property=\"og:image\" content=\"https:\/\/spicyflowers.fr\/wp-content\/uploads\/2023\/01\/315993192_866785091346191_4084264533050454716_n-scaled.jpg\" \/>\n\t<meta property=\"og:image:width\" content=\"1920\" \/>\n\t<meta property=\"og:image:height\" content=\"2560\" \/>\n\t<meta property=\"og:image:type\" content=\"image\/jpeg\" \/>\n<meta name=\"twitter:card\" content=\"summary_large_image\" \/>\n<meta name=\"twitter:label1\" content=\"Dur\u00e9e de lecture estim\u00e9e\" \/>\n\t<meta name=\"twitter:data1\" content=\"1 minute\" \/>\n<script type=\"application\/ld+json\" class=\"yoast-schema-graph\">{\"@context\":\"https:\\\/\\\/schema.org\",\"@graph\":[{\"@type\":\"WebPage\",\"@id\":\"https:\\\/\\\/spicyflowers.fr\\\/?product=pommade-a-lhuile-de-chanvre\",\"url\":\"https:\\\/\\\/spicyflowers.fr\\\/?product=pommade-a-lhuile-de-chanvre\",\"name\":\"Pommade \u00e0 l'huile de chanvre -\",\"isPartOf\":{\"@id\":\"https:\\\/\\\/spicyflowers.fr\\\/#website\"},\"primaryImageOfPage\":{\"@id\":\"https:\\\/\\\/spicyflowers.fr\\\/?product=pommade-a-lhuile-de-chanvre#primaryimage\"},\"image\":{\"@id\":\"https:\\\/\\\/spicyflowers.fr\\\/?product=pommade-a-lhuile-de-chanvre#primaryimage\"},\"thumbnailUrl\":\"https:\\\/\\\/spicyflowers.fr\\\/wp-content\\\/uploads\\\/2023\\\/01\\\/315993192_866785091346191_4084264533050454716_n-scaled.jpg\",\"datePublished\":\"2023-01-21T15:40:58+00:00\",\"dateModified\":\"2023-02-15T13:40:39+00:00\",\"description\":\"Notre pommade \u00e0 l'huile de chanvre est maintenant disponible en une nouvelle formule am\u00e9lior\u00e9e ! Elle est riche en huile de chanvre de qualit\u00e9 sup\u00e9rieure qui soulage, nourrit et r\u00e9g\u00e9n\u00e8re les zones de la peau sur lesquelles elle est appliqu\u00e9e. Elle est naturellement enrichie en vitamine E qui pr\u00e9vient les inflammations, renforce les parois des vaisseaux sanguins et am\u00e9liore l'approvisionnement sanguin du corps.\",\"breadcrumb\":{\"@id\":\"https:\\\/\\\/spicyflowers.fr\\\/?product=pommade-a-lhuile-de-chanvre#breadcrumb\"},\"inLanguage\":\"fr-FR\",\"potentialAction\":[{\"@type\":\"ReadAction\",\"target\":[\"https:\\\/\\\/spicyflowers.fr\\\/?product=pommade-a-lhuile-de-chanvre\"]}]},{\"@type\":\"ImageObject\",\"inLanguage\":\"fr-FR\",\"@id\":\"https:\\\/\\\/spicyflowers.fr\\\/?product=pommade-a-lhuile-de-chanvre#primaryimage\",\"url\":\"https:\\\/\\\/spicyflowers.fr\\\/wp-content\\\/uploads\\\/2023\\\/01\\\/315993192_866785091346191_4084264533050454716_n-scaled.jpg\",\"contentUrl\":\"https:\\\/\\\/spicyflowers.fr\\\/wp-content\\\/uploads\\\/2023\\\/01\\\/315993192_866785091346191_4084264533050454716_n-scaled.jpg\",\"width\":1920,\"height\":2560,\"caption\":\"Pommade \u00e0 l'huile de chanvre 50 ml\"},{\"@type\":\"BreadcrumbList\",\"@id\":\"https:\\\/\\\/spicyflowers.fr\\\/?product=pommade-a-lhuile-de-chanvre#breadcrumb\",\"itemListElement\":[{\"@type\":\"ListItem\",\"position\":1,\"name\":\"Accueil\",\"item\":\"https:\\\/\\\/spicyflowers.fr\\\/\"},{\"@type\":\"ListItem\",\"position\":2,\"name\":\"La boutique Spicy Flowers\",\"item\":\"https:\\\/\\\/spicyflowers.fr\\\/?page_id=5\"},{\"@type\":\"ListItem\",\"position\":3,\"name\":\"Pommade \u00e0 l&rsquo;huile de chanvre\"}]},{\"@type\":\"WebSite\",\"@id\":\"https:\\\/\\\/spicyflowers.fr\\\/#website\",\"url\":\"https:\\\/\\\/spicyflowers.fr\\\/\",\"name\":\"SPICYFLOWERS\",\"description\":\"\",\"publisher\":{\"@id\":\"https:\\\/\\\/spicyflowers.fr\\\/#organization\"},\"potentialAction\":[{\"@type\":\"SearchAction\",\"target\":{\"@type\":\"EntryPoint\",\"urlTemplate\":\"https:\\\/\\\/spicyflowers.fr\\\/?s={search_term_string}\"},\"query-input\":{\"@type\":\"PropertyValueSpecification\",\"valueRequired\":true,\"valueName\":\"search_term_string\"}}],\"inLanguage\":\"fr-FR\"},{\"@type\":\"Organization\",\"@id\":\"https:\\\/\\\/spicyflowers.fr\\\/#organization\",\"name\":\"SPICYFLOWERS\",\"url\":\"https:\\\/\\\/spicyflowers.fr\\\/\",\"logo\":{\"@type\":\"ImageObject\",\"inLanguage\":\"fr-FR\",\"@id\":\"https:\\\/\\\/spicyflowers.fr\\\/#\\\/schema\\\/logo\\\/image\\\/\",\"url\":\"https:\\\/\\\/spicyflowers.fr\\\/wp-content\\\/uploads\\\/2025\\\/02\\\/cropped-spicy-flowers.png\",\"contentUrl\":\"https:\\\/\\\/spicyflowers.fr\\\/wp-content\\\/uploads\\\/2025\\\/02\\\/cropped-spicy-flowers.png\",\"width\":1792,\"height\":1792,\"caption\":\"SPICYFLOWERS\"},\"image\":{\"@id\":\"https:\\\/\\\/spicyflowers.fr\\\/#\\\/schema\\\/logo\\\/image\\\/\"}}]}<\/script>\n<!-- \/ Yoast SEO plugin. -->","yoast_head_json":{"title":"Pommade \u00e0 l'huile de chanvre -","description":"Notre pommade \u00e0 l'huile de chanvre est maintenant disponible en une nouvelle formule am\u00e9lior\u00e9e ! Elle est riche en huile de chanvre de qualit\u00e9 sup\u00e9rieure qui soulage, nourrit et r\u00e9g\u00e9n\u00e8re les zones de la peau sur lesquelles elle est appliqu\u00e9e. Elle est naturellement enrichie en vitamine E qui pr\u00e9vient les inflammations, renforce les parois des vaisseaux sanguins et am\u00e9liore l'approvisionnement sanguin du corps.","robots":{"index":"index","follow":"follow","max-snippet":"max-snippet:-1","max-image-preview":"max-image-preview:large","max-video-preview":"max-video-preview:-1"},"canonical":"https:\/\/spicyflowers.fr\/?product=pommade-a-lhuile-de-chanvre","og_locale":"fr_FR","og_type":"article","og_title":"Pommade \u00e0 l'huile de chanvre -","og_description":"Notre pommade \u00e0 l'huile de chanvre est maintenant disponible en une nouvelle formule am\u00e9lior\u00e9e ! Elle est riche en huile de chanvre de qualit\u00e9 sup\u00e9rieure qui soulage, nourrit et r\u00e9g\u00e9n\u00e8re les zones de la peau sur lesquelles elle est appliqu\u00e9e. Elle est naturellement enrichie en vitamine E qui pr\u00e9vient les inflammations, renforce les parois des vaisseaux sanguins et am\u00e9liore l'approvisionnement sanguin du corps.","og_url":"https:\/\/spicyflowers.fr\/?product=pommade-a-lhuile-de-chanvre","article_modified_time":"2023-02-15T13:40:39+00:00","og_image":[{"width":1920,"height":2560,"url":"https:\/\/spicyflowers.fr\/wp-content\/uploads\/2023\/01\/315993192_866785091346191_4084264533050454716_n-scaled.jpg","type":"image\/jpeg"}],"twitter_card":"summary_large_image","twitter_misc":{"Dur\u00e9e de lecture estim\u00e9e":"1 minute"},"schema":{"@context":"https:\/\/schema.org","@graph":[{"@type":"WebPage","@id":"https:\/\/spicyflowers.fr\/?product=pommade-a-lhuile-de-chanvre","url":"https:\/\/spicyflowers.fr\/?product=pommade-a-lhuile-de-chanvre","name":"Pommade \u00e0 l'huile de chanvre -","isPartOf":{"@id":"https:\/\/spicyflowers.fr\/#website"},"primaryImageOfPage":{"@id":"https:\/\/spicyflowers.fr\/?product=pommade-a-lhuile-de-chanvre#primaryimage"},"image":{"@id":"https:\/\/spicyflowers.fr\/?product=pommade-a-lhuile-de-chanvre#primaryimage"},"thumbnailUrl":"https:\/\/spicyflowers.fr\/wp-content\/uploads\/2023\/01\/315993192_866785091346191_4084264533050454716_n-scaled.jpg","datePublished":"2023-01-21T15:40:58+00:00","dateModified":"2023-02-15T13:40:39+00:00","description":"Notre pommade \u00e0 l'huile de chanvre est maintenant disponible en une nouvelle formule am\u00e9lior\u00e9e ! Elle est riche en huile de chanvre de qualit\u00e9 sup\u00e9rieure qui soulage, nourrit et r\u00e9g\u00e9n\u00e8re les zones de la peau sur lesquelles elle est appliqu\u00e9e. Elle est naturellement enrichie en vitamine E qui pr\u00e9vient les inflammations, renforce les parois des vaisseaux sanguins et am\u00e9liore l'approvisionnement sanguin du corps.","breadcrumb":{"@id":"https:\/\/spicyflowers.fr\/?product=pommade-a-lhuile-de-chanvre#breadcrumb"},"inLanguage":"fr-FR","potentialAction":[{"@type":"ReadAction","target":["https:\/\/spicyflowers.fr\/?product=pommade-a-lhuile-de-chanvre"]}]},{"@type":"ImageObject","inLanguage":"fr-FR","@id":"https:\/\/spicyflowers.fr\/?product=pommade-a-lhuile-de-chanvre#primaryimage","url":"https:\/\/spicyflowers.fr\/wp-content\/uploads\/2023\/01\/315993192_866785091346191_4084264533050454716_n-scaled.jpg","contentUrl":"https:\/\/spicyflowers.fr\/wp-content\/uploads\/2023\/01\/315993192_866785091346191_4084264533050454716_n-scaled.jpg","width":1920,"height":2560,"caption":"Pommade \u00e0 l'huile de chanvre 50 ml"},{"@type":"BreadcrumbList","@id":"https:\/\/spicyflowers.fr\/?product=pommade-a-lhuile-de-chanvre#breadcrumb","itemListElement":[{"@type":"ListItem","position":1,"name":"Accueil","item":"https:\/\/spicyflowers.fr\/"},{"@type":"ListItem","position":2,"name":"La boutique Spicy Flowers","item":"https:\/\/spicyflowers.fr\/?page_id=5"},{"@type":"ListItem","position":3,"name":"Pommade \u00e0 l&rsquo;huile de chanvre"}]},{"@type":"WebSite","@id":"https:\/\/spicyflowers.fr\/#website","url":"https:\/\/spicyflowers.fr\/","name":"SPICYFLOWERS","description":"","publisher":{"@id":"https:\/\/spicyflowers.fr\/#organization"},"potentialAction":[{"@type":"SearchAction","target":{"@type":"EntryPoint","urlTemplate":"https:\/\/spicyflowers.fr\/?s={search_term_string}"},"query-input":{"@type":"PropertyValueSpecification","valueRequired":true,"valueName":"search_term_string"}}],"inLanguage":"fr-FR"},{"@type":"Organization","@id":"https:\/\/spicyflowers.fr\/#organization","name":"SPICYFLOWERS","url":"https:\/\/spicyflowers.fr\/","logo":{"@type":"ImageObject","inLanguage":"fr-FR","@id":"https:\/\/spicyflowers.fr\/#\/schema\/logo\/image\/","url":"https:\/\/spicyflowers.fr\/wp-content\/uploads\/2025\/02\/cropped-spicy-flowers.png","contentUrl":"https:\/\/spicyflowers.fr\/wp-content\/uploads\/2025\/02\/cropped-spicy-flowers.png","width":1792,"height":1792,"caption":"SPICYFLOWERS"},"image":{"@id":"https:\/\/spicyflowers.fr\/#\/schema\/logo\/image\/"}}]}},"_links":{"self":[{"href":"https:\/\/spicyflowers.fr\/index.php?rest_route=\/wp\/v2\/product\/364","targetHints":{"allow":["GET"]}}],"collection":[{"href":"https:\/\/spicyflowers.fr\/index.php?rest_route=\/wp\/v2\/product"}],"about":[{"href":"https:\/\/spicyflowers.fr\/index.php?rest_route=\/wp\/v2\/types\/product"}],"replies":[{"embeddable":true,"href":"https:\/\/spicyflowers.fr\/index.php?rest_route=%2Fwp%2Fv2%2Fcomments&post=364"}],"version-history":[{"count":1,"href":"https:\/\/spicyflowers.fr\/index.php?rest_route=\/wp\/v2\/product\/364\/revisions"}],"predecessor-version":[{"id":554,"href":"https:\/\/spicyflowers.fr\/index.php?rest_route=\/wp\/v2\/product\/364\/revisions\/554"}],"wp:featuredmedia":[{"embeddable":true,"href":"https:\/\/spicyflowers.fr\/index.php?rest_route=\/wp\/v2\/media\/365"}],"wp:attachment":[{"href":"https:\/\/spicyflowers.fr\/index.php?rest_route=%2Fwp%2Fv2%2Fmedia&parent=364"}],"wp:term":[{"taxonomy":"product_brand","embeddable":true,"href":"https:\/\/spicyflowers.fr\/index.php?rest_route=%2Fwp%2Fv2%2Fproduct_brand&post=364"},{"taxonomy":"product_cat","embeddable":true,"href":"https:\/\/spicyflowers.fr\/index.php?rest_route=%2Fwp%2Fv2%2Fproduct_cat&post=364"},{"taxonomy":"product_tag","embeddable":true,"href":"https:\/\/spicyflowers.fr\/index.php?rest_route=%2Fwp%2Fv2%2Fproduct_tag&post=364"}],"curies":[{"name":"wp","href":"https:\/\/api.w.org\/{rel}","templated":true}]}}