{"id":360,"date":"2023-01-21T15:33:19","date_gmt":"2023-01-21T15:33:19","guid":{"rendered":"https:\/\/spicyflowers.fr\/?post_type=product&#038;p=360"},"modified":"2023-02-15T13:40:40","modified_gmt":"2023-02-15T13:40:40","slug":"le-gommage-naturel-au-sucre","status":"publish","type":"product","link":"https:\/\/spicyflowers.fr\/?product=le-gommage-naturel-au-sucre","title":{"rendered":"Le gommage naturel au sucre"},"content":{"rendered":"<p>Le gommage naturel au sucre est un produit 100% naturel, disponible en pot en verre \u00e9cologique qui peut \u00eatre r\u00e9utilis\u00e9. Il a des propri\u00e9t\u00e9s exfoliantes et raffermissantes pour la peau, am\u00e9liorant le teint et la microcirculation, aidant \u00e0 lutter contre la cellulite et les vergetures. Il stimule la production d&rsquo;\u00e9lastine et de collag\u00e8ne qui r\u00e9g\u00e9n\u00e8rent la peau. Il peut \u00eatre utilis\u00e9 pour traiter l&rsquo;acn\u00e9, lisser la peau, nettoyer les pores et emp\u00eacher l&rsquo;apparition de boutons. Il peut aussi limiter les poils incarnes apr\u00e8s l&rsquo;\u00e9pilation.<\/p>\n<p>Il contient des huiles essentielles d&rsquo;agrumes et de noix de coco qui lui donnent une fragrance juteuse et exotique agr\u00e9able \u00e0 utiliser. Il est disponible en deux parfums: agrumes rafra\u00eechissants et noix de coco exotique. Le gommage naturel biologique au sucre aux agrumes pour visage et corps contient de l&rsquo;huile de chanvre, du sucre blanc, de l&rsquo;huile d&rsquo;orange biologique, de l&rsquo;huile de pamplemousse blanc biologique, de l&rsquo;huile d&rsquo;amande et du miel.<\/p>\n","protected":false},"excerpt":{"rendered":"<p>Le gommage naturel au sucre est un produit 100% naturel, disponible en pot en verre \u00e9cologique qui peut \u00eatre r\u00e9utilis\u00e9. Il a des propri\u00e9t\u00e9s exfoliantes et raffermissantes pour la peau, am\u00e9liorant le teint et la microcirculation, aidant \u00e0 lutter contre la cellulite et les vergetures. Il stimule la production d&rsquo;\u00e9lastine et de collag\u00e8ne qui r\u00e9g\u00e9n\u00e8rent la peau. Il peut \u00eatre utilis\u00e9 pour traiter l&rsquo;acn\u00e9, lisser la peau, nettoyer les pores et emp\u00eacher l&rsquo;apparition de boutons. Il peut aussi limiter les poils incarnes apr\u00e8s l&rsquo;\u00e9pilation.<\/p>\n","protected":false},"featured_media":361,"comment_status":"open","ping_status":"closed","template":"","meta":{"site-sidebar-layout":"default","site-content-layout":"","ast-site-content-layout":"default","site-content-style":"default","site-sidebar-style":"default","ast-global-header-display":"","ast-banner-title-visibility":"","ast-main-header-display":"","ast-hfb-above-header-display":"","ast-hfb-below-header-display":"","ast-hfb-mobile-header-display":"","site-post-title":"","ast-breadcrumbs-content":"","ast-featured-img":"","footer-sml-layout":"","ast-disable-related-posts":"","theme-transparent-header-meta":"","adv-header-id-meta":"","stick-header-meta":"","header-above-stick-meta":"","header-main-stick-meta":"","header-below-stick-meta":"","astra-migrate-meta-layouts":"default","ast-page-background-enabled":"default","ast-page-background-meta":{"desktop":{"background-color":"var(--ast-global-color-4)","background-image":"","background-repeat":"repeat","background-position":"center center","background-size":"auto","background-attachment":"scroll","background-type":"","background-media":"","overlay-type":"","overlay-color":"","overlay-opacity":"","overlay-gradient":""},"tablet":{"background-color":"","background-image":"","background-repeat":"repeat","background-position":"center center","background-size":"auto","background-attachment":"scroll","background-type":"","background-media":"","overlay-type":"","overlay-color":"","overlay-opacity":"","overlay-gradient":""},"mobile":{"background-color":"","background-image":"","background-repeat":"repeat","background-position":"center center","background-size":"auto","background-attachment":"scroll","background-type":"","background-media":"","overlay-type":"","overlay-color":"","overlay-opacity":"","overlay-gradient":""}},"ast-content-background-meta":{"desktop":{"background-color":"var(--ast-global-color-5)","background-image":"","background-repeat":"repeat","background-position":"center center","background-size":"auto","background-attachment":"scroll","background-type":"","background-media":"","overlay-type":"","overlay-color":"","overlay-opacity":"","overlay-gradient":""},"tablet":{"background-color":"var(--ast-global-color-5)","background-image":"","background-repeat":"repeat","background-position":"center center","background-size":"auto","background-attachment":"scroll","background-type":"","background-media":"","overlay-type":"","overlay-color":"","overlay-opacity":"","overlay-gradient":""},"mobile":{"background-color":"var(--ast-global-color-5)","background-image":"","background-repeat":"repeat","background-position":"center center","background-size":"auto","background-attachment":"scroll","background-type":"","background-media":"","overlay-type":"","overlay-color":"","overlay-opacity":"","overlay-gradient":""}}},"product_brand":[],"product_cat":[41],"product_tag":[],"class_list":{"0":"post-360","1":"product","2":"type-product","3":"status-publish","4":"has-post-thumbnail","6":"product_cat-cosmetiques-cbd","7":"desktop-align-left","8":"tablet-align-left","9":"mobile-align-left","11":"first","12":"instock","13":"taxable","14":"shipping-taxable","15":"purchasable","16":"product-type-simple"},"yoast_head":"<!-- This site is optimized with the Yoast SEO plugin v27.3 - https:\/\/yoast.com\/product\/yoast-seo-wordpress\/ -->\n<title>Le gommage naturel au sucre -<\/title>\n<meta name=\"description\" content=\"Le gommage naturel au sucre est un produit 100% naturel, disponible en pot en verre \u00e9cologique qui peut \u00eatre r\u00e9utilis\u00e9. Il a des propri\u00e9t\u00e9s exfoliantes et raffermissantes pour la peau, am\u00e9liorant le teint et la microcirculation, aidant \u00e0 lutter contre la cellulite et les vergetures. Il stimule la production d&#039;\u00e9lastine et de collag\u00e8ne qui r\u00e9g\u00e9n\u00e8rent la peau. Il peut \u00eatre utilis\u00e9 pour traiter l&#039;acn\u00e9, lisser la peau, nettoyer les pores et emp\u00eacher l&#039;apparition de boutons. Il peut aussi limiter les poils incarnes apr\u00e8s l&#039;\u00e9pilation.\" \/>\n<meta name=\"robots\" content=\"index, follow, max-snippet:-1, max-image-preview:large, max-video-preview:-1\" \/>\n<link rel=\"canonical\" href=\"https:\/\/spicyflowers.fr\/?product=le-gommage-naturel-au-sucre\" \/>\n<meta property=\"og:locale\" content=\"fr_FR\" \/>\n<meta property=\"og:type\" content=\"article\" \/>\n<meta property=\"og:title\" content=\"Le gommage naturel au sucre -\" \/>\n<meta property=\"og:description\" content=\"Le gommage naturel au sucre est un produit 100% naturel, disponible en pot en verre \u00e9cologique qui peut \u00eatre r\u00e9utilis\u00e9. Il a des propri\u00e9t\u00e9s exfoliantes et raffermissantes pour la peau, am\u00e9liorant le teint et la microcirculation, aidant \u00e0 lutter contre la cellulite et les vergetures. Il stimule la production d&#039;\u00e9lastine et de collag\u00e8ne qui r\u00e9g\u00e9n\u00e8rent la peau. Il peut \u00eatre utilis\u00e9 pour traiter l&#039;acn\u00e9, lisser la peau, nettoyer les pores et emp\u00eacher l&#039;apparition de boutons. Il peut aussi limiter les poils incarnes apr\u00e8s l&#039;\u00e9pilation.\" \/>\n<meta property=\"og:url\" content=\"https:\/\/spicyflowers.fr\/?product=le-gommage-naturel-au-sucre\" \/>\n<meta property=\"article:modified_time\" content=\"2023-02-15T13:40:40+00:00\" \/>\n<meta property=\"og:image\" content=\"https:\/\/spicyflowers.fr\/wp-content\/uploads\/2023\/01\/316245403_5601083419945200_4337295451738627150_n-scaled.jpg\" \/>\n\t<meta property=\"og:image:width\" content=\"1920\" \/>\n\t<meta property=\"og:image:height\" content=\"2560\" \/>\n\t<meta property=\"og:image:type\" content=\"image\/jpeg\" \/>\n<meta name=\"twitter:card\" content=\"summary_large_image\" \/>\n<meta name=\"twitter:label1\" content=\"Dur\u00e9e de lecture estim\u00e9e\" \/>\n\t<meta name=\"twitter:data1\" content=\"1 minute\" \/>\n<script type=\"application\/ld+json\" class=\"yoast-schema-graph\">{\"@context\":\"https:\\\/\\\/schema.org\",\"@graph\":[{\"@type\":\"WebPage\",\"@id\":\"https:\\\/\\\/spicyflowers.fr\\\/?product=le-gommage-naturel-au-sucre\",\"url\":\"https:\\\/\\\/spicyflowers.fr\\\/?product=le-gommage-naturel-au-sucre\",\"name\":\"Le gommage naturel au sucre -\",\"isPartOf\":{\"@id\":\"https:\\\/\\\/spicyflowers.fr\\\/#website\"},\"primaryImageOfPage\":{\"@id\":\"https:\\\/\\\/spicyflowers.fr\\\/?product=le-gommage-naturel-au-sucre#primaryimage\"},\"image\":{\"@id\":\"https:\\\/\\\/spicyflowers.fr\\\/?product=le-gommage-naturel-au-sucre#primaryimage\"},\"thumbnailUrl\":\"https:\\\/\\\/spicyflowers.fr\\\/wp-content\\\/uploads\\\/2023\\\/01\\\/316245403_5601083419945200_4337295451738627150_n-scaled.jpg\",\"datePublished\":\"2023-01-21T15:33:19+00:00\",\"dateModified\":\"2023-02-15T13:40:40+00:00\",\"description\":\"Le gommage naturel au sucre est un produit 100% naturel, disponible en pot en verre \u00e9cologique qui peut \u00eatre r\u00e9utilis\u00e9. Il a des propri\u00e9t\u00e9s exfoliantes et raffermissantes pour la peau, am\u00e9liorant le teint et la microcirculation, aidant \u00e0 lutter contre la cellulite et les vergetures. Il stimule la production d'\u00e9lastine et de collag\u00e8ne qui r\u00e9g\u00e9n\u00e8rent la peau. Il peut \u00eatre utilis\u00e9 pour traiter l'acn\u00e9, lisser la peau, nettoyer les pores et emp\u00eacher l'apparition de boutons. Il peut aussi limiter les poils incarnes apr\u00e8s l'\u00e9pilation.\",\"breadcrumb\":{\"@id\":\"https:\\\/\\\/spicyflowers.fr\\\/?product=le-gommage-naturel-au-sucre#breadcrumb\"},\"inLanguage\":\"fr-FR\",\"potentialAction\":[{\"@type\":\"ReadAction\",\"target\":[\"https:\\\/\\\/spicyflowers.fr\\\/?product=le-gommage-naturel-au-sucre\"]}]},{\"@type\":\"ImageObject\",\"inLanguage\":\"fr-FR\",\"@id\":\"https:\\\/\\\/spicyflowers.fr\\\/?product=le-gommage-naturel-au-sucre#primaryimage\",\"url\":\"https:\\\/\\\/spicyflowers.fr\\\/wp-content\\\/uploads\\\/2023\\\/01\\\/316245403_5601083419945200_4337295451738627150_n-scaled.jpg\",\"contentUrl\":\"https:\\\/\\\/spicyflowers.fr\\\/wp-content\\\/uploads\\\/2023\\\/01\\\/316245403_5601083419945200_4337295451738627150_n-scaled.jpg\",\"width\":1920,\"height\":2560,\"caption\":\"Le gommage naturel au sucre\"},{\"@type\":\"BreadcrumbList\",\"@id\":\"https:\\\/\\\/spicyflowers.fr\\\/?product=le-gommage-naturel-au-sucre#breadcrumb\",\"itemListElement\":[{\"@type\":\"ListItem\",\"position\":1,\"name\":\"Accueil\",\"item\":\"https:\\\/\\\/spicyflowers.fr\\\/\"},{\"@type\":\"ListItem\",\"position\":2,\"name\":\"La boutique Spicy Flowers\",\"item\":\"https:\\\/\\\/spicyflowers.fr\\\/?page_id=5\"},{\"@type\":\"ListItem\",\"position\":3,\"name\":\"Le gommage naturel au sucre\"}]},{\"@type\":\"WebSite\",\"@id\":\"https:\\\/\\\/spicyflowers.fr\\\/#website\",\"url\":\"https:\\\/\\\/spicyflowers.fr\\\/\",\"name\":\"SPICYFLOWERS\",\"description\":\"\",\"publisher\":{\"@id\":\"https:\\\/\\\/spicyflowers.fr\\\/#organization\"},\"potentialAction\":[{\"@type\":\"SearchAction\",\"target\":{\"@type\":\"EntryPoint\",\"urlTemplate\":\"https:\\\/\\\/spicyflowers.fr\\\/?s={search_term_string}\"},\"query-input\":{\"@type\":\"PropertyValueSpecification\",\"valueRequired\":true,\"valueName\":\"search_term_string\"}}],\"inLanguage\":\"fr-FR\"},{\"@type\":\"Organization\",\"@id\":\"https:\\\/\\\/spicyflowers.fr\\\/#organization\",\"name\":\"SPICYFLOWERS\",\"url\":\"https:\\\/\\\/spicyflowers.fr\\\/\",\"logo\":{\"@type\":\"ImageObject\",\"inLanguage\":\"fr-FR\",\"@id\":\"https:\\\/\\\/spicyflowers.fr\\\/#\\\/schema\\\/logo\\\/image\\\/\",\"url\":\"https:\\\/\\\/spicyflowers.fr\\\/wp-content\\\/uploads\\\/2025\\\/02\\\/cropped-spicy-flowers.png\",\"contentUrl\":\"https:\\\/\\\/spicyflowers.fr\\\/wp-content\\\/uploads\\\/2025\\\/02\\\/cropped-spicy-flowers.png\",\"width\":1792,\"height\":1792,\"caption\":\"SPICYFLOWERS\"},\"image\":{\"@id\":\"https:\\\/\\\/spicyflowers.fr\\\/#\\\/schema\\\/logo\\\/image\\\/\"}}]}<\/script>\n<!-- \/ Yoast SEO plugin. -->","yoast_head_json":{"title":"Le gommage naturel au sucre -","description":"Le gommage naturel au sucre est un produit 100% naturel, disponible en pot en verre \u00e9cologique qui peut \u00eatre r\u00e9utilis\u00e9. Il a des propri\u00e9t\u00e9s exfoliantes et raffermissantes pour la peau, am\u00e9liorant le teint et la microcirculation, aidant \u00e0 lutter contre la cellulite et les vergetures. Il stimule la production d'\u00e9lastine et de collag\u00e8ne qui r\u00e9g\u00e9n\u00e8rent la peau. Il peut \u00eatre utilis\u00e9 pour traiter l'acn\u00e9, lisser la peau, nettoyer les pores et emp\u00eacher l'apparition de boutons. Il peut aussi limiter les poils incarnes apr\u00e8s l'\u00e9pilation.","robots":{"index":"index","follow":"follow","max-snippet":"max-snippet:-1","max-image-preview":"max-image-preview:large","max-video-preview":"max-video-preview:-1"},"canonical":"https:\/\/spicyflowers.fr\/?product=le-gommage-naturel-au-sucre","og_locale":"fr_FR","og_type":"article","og_title":"Le gommage naturel au sucre -","og_description":"Le gommage naturel au sucre est un produit 100% naturel, disponible en pot en verre \u00e9cologique qui peut \u00eatre r\u00e9utilis\u00e9. Il a des propri\u00e9t\u00e9s exfoliantes et raffermissantes pour la peau, am\u00e9liorant le teint et la microcirculation, aidant \u00e0 lutter contre la cellulite et les vergetures. Il stimule la production d'\u00e9lastine et de collag\u00e8ne qui r\u00e9g\u00e9n\u00e8rent la peau. Il peut \u00eatre utilis\u00e9 pour traiter l'acn\u00e9, lisser la peau, nettoyer les pores et emp\u00eacher l'apparition de boutons. Il peut aussi limiter les poils incarnes apr\u00e8s l'\u00e9pilation.","og_url":"https:\/\/spicyflowers.fr\/?product=le-gommage-naturel-au-sucre","article_modified_time":"2023-02-15T13:40:40+00:00","og_image":[{"width":1920,"height":2560,"url":"https:\/\/spicyflowers.fr\/wp-content\/uploads\/2023\/01\/316245403_5601083419945200_4337295451738627150_n-scaled.jpg","type":"image\/jpeg"}],"twitter_card":"summary_large_image","twitter_misc":{"Dur\u00e9e de lecture estim\u00e9e":"1 minute"},"schema":{"@context":"https:\/\/schema.org","@graph":[{"@type":"WebPage","@id":"https:\/\/spicyflowers.fr\/?product=le-gommage-naturel-au-sucre","url":"https:\/\/spicyflowers.fr\/?product=le-gommage-naturel-au-sucre","name":"Le gommage naturel au sucre -","isPartOf":{"@id":"https:\/\/spicyflowers.fr\/#website"},"primaryImageOfPage":{"@id":"https:\/\/spicyflowers.fr\/?product=le-gommage-naturel-au-sucre#primaryimage"},"image":{"@id":"https:\/\/spicyflowers.fr\/?product=le-gommage-naturel-au-sucre#primaryimage"},"thumbnailUrl":"https:\/\/spicyflowers.fr\/wp-content\/uploads\/2023\/01\/316245403_5601083419945200_4337295451738627150_n-scaled.jpg","datePublished":"2023-01-21T15:33:19+00:00","dateModified":"2023-02-15T13:40:40+00:00","description":"Le gommage naturel au sucre est un produit 100% naturel, disponible en pot en verre \u00e9cologique qui peut \u00eatre r\u00e9utilis\u00e9. Il a des propri\u00e9t\u00e9s exfoliantes et raffermissantes pour la peau, am\u00e9liorant le teint et la microcirculation, aidant \u00e0 lutter contre la cellulite et les vergetures. Il stimule la production d'\u00e9lastine et de collag\u00e8ne qui r\u00e9g\u00e9n\u00e8rent la peau. Il peut \u00eatre utilis\u00e9 pour traiter l'acn\u00e9, lisser la peau, nettoyer les pores et emp\u00eacher l'apparition de boutons. Il peut aussi limiter les poils incarnes apr\u00e8s l'\u00e9pilation.","breadcrumb":{"@id":"https:\/\/spicyflowers.fr\/?product=le-gommage-naturel-au-sucre#breadcrumb"},"inLanguage":"fr-FR","potentialAction":[{"@type":"ReadAction","target":["https:\/\/spicyflowers.fr\/?product=le-gommage-naturel-au-sucre"]}]},{"@type":"ImageObject","inLanguage":"fr-FR","@id":"https:\/\/spicyflowers.fr\/?product=le-gommage-naturel-au-sucre#primaryimage","url":"https:\/\/spicyflowers.fr\/wp-content\/uploads\/2023\/01\/316245403_5601083419945200_4337295451738627150_n-scaled.jpg","contentUrl":"https:\/\/spicyflowers.fr\/wp-content\/uploads\/2023\/01\/316245403_5601083419945200_4337295451738627150_n-scaled.jpg","width":1920,"height":2560,"caption":"Le gommage naturel au sucre"},{"@type":"BreadcrumbList","@id":"https:\/\/spicyflowers.fr\/?product=le-gommage-naturel-au-sucre#breadcrumb","itemListElement":[{"@type":"ListItem","position":1,"name":"Accueil","item":"https:\/\/spicyflowers.fr\/"},{"@type":"ListItem","position":2,"name":"La boutique Spicy Flowers","item":"https:\/\/spicyflowers.fr\/?page_id=5"},{"@type":"ListItem","position":3,"name":"Le gommage naturel au sucre"}]},{"@type":"WebSite","@id":"https:\/\/spicyflowers.fr\/#website","url":"https:\/\/spicyflowers.fr\/","name":"SPICYFLOWERS","description":"","publisher":{"@id":"https:\/\/spicyflowers.fr\/#organization"},"potentialAction":[{"@type":"SearchAction","target":{"@type":"EntryPoint","urlTemplate":"https:\/\/spicyflowers.fr\/?s={search_term_string}"},"query-input":{"@type":"PropertyValueSpecification","valueRequired":true,"valueName":"search_term_string"}}],"inLanguage":"fr-FR"},{"@type":"Organization","@id":"https:\/\/spicyflowers.fr\/#organization","name":"SPICYFLOWERS","url":"https:\/\/spicyflowers.fr\/","logo":{"@type":"ImageObject","inLanguage":"fr-FR","@id":"https:\/\/spicyflowers.fr\/#\/schema\/logo\/image\/","url":"https:\/\/spicyflowers.fr\/wp-content\/uploads\/2025\/02\/cropped-spicy-flowers.png","contentUrl":"https:\/\/spicyflowers.fr\/wp-content\/uploads\/2025\/02\/cropped-spicy-flowers.png","width":1792,"height":1792,"caption":"SPICYFLOWERS"},"image":{"@id":"https:\/\/spicyflowers.fr\/#\/schema\/logo\/image\/"}}]}},"_links":{"self":[{"href":"https:\/\/spicyflowers.fr\/index.php?rest_route=\/wp\/v2\/product\/360","targetHints":{"allow":["GET"]}}],"collection":[{"href":"https:\/\/spicyflowers.fr\/index.php?rest_route=\/wp\/v2\/product"}],"about":[{"href":"https:\/\/spicyflowers.fr\/index.php?rest_route=\/wp\/v2\/types\/product"}],"replies":[{"embeddable":true,"href":"https:\/\/spicyflowers.fr\/index.php?rest_route=%2Fwp%2Fv2%2Fcomments&post=360"}],"version-history":[{"count":1,"href":"https:\/\/spicyflowers.fr\/index.php?rest_route=\/wp\/v2\/product\/360\/revisions"}],"predecessor-version":[{"id":1442,"href":"https:\/\/spicyflowers.fr\/index.php?rest_route=\/wp\/v2\/product\/360\/revisions\/1442"}],"wp:featuredmedia":[{"embeddable":true,"href":"https:\/\/spicyflowers.fr\/index.php?rest_route=\/wp\/v2\/media\/361"}],"wp:attachment":[{"href":"https:\/\/spicyflowers.fr\/index.php?rest_route=%2Fwp%2Fv2%2Fmedia&parent=360"}],"wp:term":[{"taxonomy":"product_brand","embeddable":true,"href":"https:\/\/spicyflowers.fr\/index.php?rest_route=%2Fwp%2Fv2%2Fproduct_brand&post=360"},{"taxonomy":"product_cat","embeddable":true,"href":"https:\/\/spicyflowers.fr\/index.php?rest_route=%2Fwp%2Fv2%2Fproduct_cat&post=360"},{"taxonomy":"product_tag","embeddable":true,"href":"https:\/\/spicyflowers.fr\/index.php?rest_route=%2Fwp%2Fv2%2Fproduct_tag&post=360"}],"curies":[{"name":"wp","href":"https:\/\/api.w.org\/{rel}","templated":true}]}}