{"id":344,"date":"2023-01-21T15:11:18","date_gmt":"2023-01-21T15:11:18","guid":{"rendered":"https:\/\/spicyflowers.fr\/?post_type=product&#038;p=344"},"modified":"2023-02-15T13:40:43","modified_gmt":"2023-02-15T13:40:43","slug":"creme-protectrice-pour-les-mains","status":"publish","type":"product","link":"https:\/\/spicyflowers.fr\/?product=creme-protectrice-pour-les-mains","title":{"rendered":"Cr\u00e8me protectrice pour les mains"},"content":{"rendered":"<p>Cr\u00e8me protectrice pour les mains &#8211; 100 ml<\/p>\n<p>La formule l\u00e9g\u00e8re de la cr\u00e8me lui permet d&rsquo;\u00eatre absorb\u00e9e rapidement, sans laisser de sensation collante d\u00e9sagr\u00e9able ou de marques grasses, tout en donnant une sensation<br \/>\nd&rsquo;hydratation profonde et de fraicheur qui dure longtemps apr\u00e8s application. Les ingr\u00e9dients sont sp\u00e9cialement s\u00e9lectionn\u00e9s pour leurs propri\u00e9t\u00e9s bact\u00e9ricides, ce qui permet \u00e0 la cr\u00e8me d&rsquo;apaiser les irritations. Apr\u00e8s utilisation, la peau est plus douce, lisse et brillante<\/p>\n<p>&#8211; Huile de chanvre : hydrate. nourrit et apaise la peau irrit\u00e9e, acc\u00e9l\u00e9rant sa r\u00e9g\u00e9n\u00e9ration. Elle am\u00e9liore la r\u00e9sistance de la peau aux facteurs exterieurs comme le froid, le vent ou a lumiere au soleil<br \/>\n&#8211; Cire d&rsquo;abeille : lubrifie. cr\u00e9e une couche protectrice sur la surface de la peau tout en avant des propri\u00e9t\u00e9s raffermissantes et lissantes<br \/>\n&#8211; Extrait de sauge : prot\u00e8ge et nourrit la peau, tout en ayant des propri\u00e9t\u00e9s antioxydante, nettovante et anti-Inflammatoires.<br \/>\n&#8211; Extrait d&rsquo;\u00e9corces de ch\u00eane : a des propri\u00e9t\u00e9s bact\u00e9ricides, astringentes et nettoyante<br \/>\n&#8211; Glyc\u00e9rine : Apporte une protection suppl\u00e9mentaire \u00e0 l&rsquo;\u00e9piderme contre les facteurs<\/p>\n","protected":false},"excerpt":{"rendered":"<p>La formule l\u00e9g\u00e8re de la cr\u00e8me lui permet d&rsquo;\u00eatre absorb\u00e9e rapidement, sans laisser de sensation collante d\u00e9sagr\u00e9able ou de marques grasses, tout en donnant une sensation<br \/>\nd&rsquo;hydratation profonde et de fraicheur qui dure longtemps apr\u00e8s application. Les ingr\u00e9dients sont sp\u00e9cialement s\u00e9lectionn\u00e9s pour leurs propri\u00e9t\u00e9s bact\u00e9ricides, ce qui permet \u00e0 la cr\u00e8me d&rsquo;apaiser les irritations. Apr\u00e8s utilisation, la peau est plus douce, lisse et brillante<\/p>\n","protected":false},"featured_media":345,"comment_status":"open","ping_status":"closed","template":"","meta":{"site-sidebar-layout":"default","site-content-layout":"","ast-site-content-layout":"default","site-content-style":"default","site-sidebar-style":"default","ast-global-header-display":"","ast-banner-title-visibility":"","ast-main-header-display":"","ast-hfb-above-header-display":"","ast-hfb-below-header-display":"","ast-hfb-mobile-header-display":"","site-post-title":"","ast-breadcrumbs-content":"","ast-featured-img":"","footer-sml-layout":"","ast-disable-related-posts":"","theme-transparent-header-meta":"","adv-header-id-meta":"","stick-header-meta":"","header-above-stick-meta":"","header-main-stick-meta":"","header-below-stick-meta":"","astra-migrate-meta-layouts":"default","ast-page-background-enabled":"default","ast-page-background-meta":{"desktop":{"background-color":"var(--ast-global-color-4)","background-image":"","background-repeat":"repeat","background-position":"center center","background-size":"auto","background-attachment":"scroll","background-type":"","background-media":"","overlay-type":"","overlay-color":"","overlay-opacity":"","overlay-gradient":""},"tablet":{"background-color":"","background-image":"","background-repeat":"repeat","background-position":"center center","background-size":"auto","background-attachment":"scroll","background-type":"","background-media":"","overlay-type":"","overlay-color":"","overlay-opacity":"","overlay-gradient":""},"mobile":{"background-color":"","background-image":"","background-repeat":"repeat","background-position":"center center","background-size":"auto","background-attachment":"scroll","background-type":"","background-media":"","overlay-type":"","overlay-color":"","overlay-opacity":"","overlay-gradient":""}},"ast-content-background-meta":{"desktop":{"background-color":"var(--ast-global-color-5)","background-image":"","background-repeat":"repeat","background-position":"center center","background-size":"auto","background-attachment":"scroll","background-type":"","background-media":"","overlay-type":"","overlay-color":"","overlay-opacity":"","overlay-gradient":""},"tablet":{"background-color":"var(--ast-global-color-5)","background-image":"","background-repeat":"repeat","background-position":"center center","background-size":"auto","background-attachment":"scroll","background-type":"","background-media":"","overlay-type":"","overlay-color":"","overlay-opacity":"","overlay-gradient":""},"mobile":{"background-color":"var(--ast-global-color-5)","background-image":"","background-repeat":"repeat","background-position":"center center","background-size":"auto","background-attachment":"scroll","background-type":"","background-media":"","overlay-type":"","overlay-color":"","overlay-opacity":"","overlay-gradient":""}}},"product_brand":[],"product_cat":[41],"product_tag":[],"class_list":{"0":"post-344","1":"product","2":"type-product","3":"status-publish","4":"has-post-thumbnail","6":"product_cat-cosmetiques-cbd","7":"desktop-align-left","8":"tablet-align-left","9":"mobile-align-left","11":"first","12":"instock","13":"taxable","14":"shipping-taxable","15":"purchasable","16":"product-type-simple"},"yoast_head":"<!-- This site is optimized with the Yoast SEO plugin v27.3 - https:\/\/yoast.com\/product\/yoast-seo-wordpress\/ -->\n<title>Cr\u00e8me protectrice pour les mains -<\/title>\n<meta name=\"description\" content=\"La formule l\u00e9g\u00e8re de la cr\u00e8me lui permet d&#039;\u00eatre absorb\u00e9e rapidement, sans laisser de sensation collante d\u00e9sagr\u00e9able ou de marques grasses, tout en donnant une sensationd&#039;hydratation profonde et de fraicheur qui dure longtemps apr\u00e8s application. Les ingr\u00e9dients sont sp\u00e9cialement s\u00e9lectionn\u00e9s pour leurs propri\u00e9t\u00e9s bact\u00e9ricides, ce qui permet \u00e0 la cr\u00e8me d&#039;apaiser les irritations. Apr\u00e8s utilisation, la peau est plus douce, lisse et brillante\" \/>\n<meta name=\"robots\" content=\"index, follow, max-snippet:-1, max-image-preview:large, max-video-preview:-1\" \/>\n<link rel=\"canonical\" href=\"https:\/\/spicyflowers.fr\/?product=creme-protectrice-pour-les-mains\" \/>\n<meta property=\"og:locale\" content=\"fr_FR\" \/>\n<meta property=\"og:type\" content=\"article\" \/>\n<meta property=\"og:title\" content=\"Cr\u00e8me protectrice pour les mains -\" \/>\n<meta property=\"og:description\" content=\"La formule l\u00e9g\u00e8re de la cr\u00e8me lui permet d&#039;\u00eatre absorb\u00e9e rapidement, sans laisser de sensation collante d\u00e9sagr\u00e9able ou de marques grasses, tout en donnant une sensationd&#039;hydratation profonde et de fraicheur qui dure longtemps apr\u00e8s application. Les ingr\u00e9dients sont sp\u00e9cialement s\u00e9lectionn\u00e9s pour leurs propri\u00e9t\u00e9s bact\u00e9ricides, ce qui permet \u00e0 la cr\u00e8me d&#039;apaiser les irritations. Apr\u00e8s utilisation, la peau est plus douce, lisse et brillante\" \/>\n<meta property=\"og:url\" content=\"https:\/\/spicyflowers.fr\/?product=creme-protectrice-pour-les-mains\" \/>\n<meta property=\"article:modified_time\" content=\"2023-02-15T13:40:43+00:00\" \/>\n<meta property=\"og:image\" content=\"https:\/\/spicyflowers.fr\/wp-content\/uploads\/2023\/01\/316028621_527101122613131_1011891678739347141_n-scaled.jpg\" \/>\n\t<meta property=\"og:image:width\" content=\"1920\" \/>\n\t<meta property=\"og:image:height\" content=\"2560\" \/>\n\t<meta property=\"og:image:type\" content=\"image\/jpeg\" \/>\n<meta name=\"twitter:card\" content=\"summary_large_image\" \/>\n<meta name=\"twitter:label1\" content=\"Dur\u00e9e de lecture estim\u00e9e\" \/>\n\t<meta name=\"twitter:data1\" content=\"1 minute\" \/>\n<script type=\"application\/ld+json\" class=\"yoast-schema-graph\">{\"@context\":\"https:\\\/\\\/schema.org\",\"@graph\":[{\"@type\":\"WebPage\",\"@id\":\"https:\\\/\\\/spicyflowers.fr\\\/?product=creme-protectrice-pour-les-mains\",\"url\":\"https:\\\/\\\/spicyflowers.fr\\\/?product=creme-protectrice-pour-les-mains\",\"name\":\"Cr\u00e8me protectrice pour les mains -\",\"isPartOf\":{\"@id\":\"https:\\\/\\\/spicyflowers.fr\\\/#website\"},\"primaryImageOfPage\":{\"@id\":\"https:\\\/\\\/spicyflowers.fr\\\/?product=creme-protectrice-pour-les-mains#primaryimage\"},\"image\":{\"@id\":\"https:\\\/\\\/spicyflowers.fr\\\/?product=creme-protectrice-pour-les-mains#primaryimage\"},\"thumbnailUrl\":\"https:\\\/\\\/spicyflowers.fr\\\/wp-content\\\/uploads\\\/2023\\\/01\\\/316028621_527101122613131_1011891678739347141_n-scaled.jpg\",\"datePublished\":\"2023-01-21T15:11:18+00:00\",\"dateModified\":\"2023-02-15T13:40:43+00:00\",\"description\":\"La formule l\u00e9g\u00e8re de la cr\u00e8me lui permet d'\u00eatre absorb\u00e9e rapidement, sans laisser de sensation collante d\u00e9sagr\u00e9able ou de marques grasses, tout en donnant une sensationd'hydratation profonde et de fraicheur qui dure longtemps apr\u00e8s application. Les ingr\u00e9dients sont sp\u00e9cialement s\u00e9lectionn\u00e9s pour leurs propri\u00e9t\u00e9s bact\u00e9ricides, ce qui permet \u00e0 la cr\u00e8me d'apaiser les irritations. Apr\u00e8s utilisation, la peau est plus douce, lisse et brillante\",\"breadcrumb\":{\"@id\":\"https:\\\/\\\/spicyflowers.fr\\\/?product=creme-protectrice-pour-les-mains#breadcrumb\"},\"inLanguage\":\"fr-FR\",\"potentialAction\":[{\"@type\":\"ReadAction\",\"target\":[\"https:\\\/\\\/spicyflowers.fr\\\/?product=creme-protectrice-pour-les-mains\"]}]},{\"@type\":\"ImageObject\",\"inLanguage\":\"fr-FR\",\"@id\":\"https:\\\/\\\/spicyflowers.fr\\\/?product=creme-protectrice-pour-les-mains#primaryimage\",\"url\":\"https:\\\/\\\/spicyflowers.fr\\\/wp-content\\\/uploads\\\/2023\\\/01\\\/316028621_527101122613131_1011891678739347141_n-scaled.jpg\",\"contentUrl\":\"https:\\\/\\\/spicyflowers.fr\\\/wp-content\\\/uploads\\\/2023\\\/01\\\/316028621_527101122613131_1011891678739347141_n-scaled.jpg\",\"width\":1920,\"height\":2560,\"caption\":\"Cr\u00e8me protectrice pour les mains\"},{\"@type\":\"BreadcrumbList\",\"@id\":\"https:\\\/\\\/spicyflowers.fr\\\/?product=creme-protectrice-pour-les-mains#breadcrumb\",\"itemListElement\":[{\"@type\":\"ListItem\",\"position\":1,\"name\":\"Accueil\",\"item\":\"https:\\\/\\\/spicyflowers.fr\\\/\"},{\"@type\":\"ListItem\",\"position\":2,\"name\":\"La boutique Spicy Flowers\",\"item\":\"https:\\\/\\\/spicyflowers.fr\\\/?page_id=5\"},{\"@type\":\"ListItem\",\"position\":3,\"name\":\"Cr\u00e8me protectrice pour les mains\"}]},{\"@type\":\"WebSite\",\"@id\":\"https:\\\/\\\/spicyflowers.fr\\\/#website\",\"url\":\"https:\\\/\\\/spicyflowers.fr\\\/\",\"name\":\"SPICYFLOWERS\",\"description\":\"\",\"publisher\":{\"@id\":\"https:\\\/\\\/spicyflowers.fr\\\/#organization\"},\"potentialAction\":[{\"@type\":\"SearchAction\",\"target\":{\"@type\":\"EntryPoint\",\"urlTemplate\":\"https:\\\/\\\/spicyflowers.fr\\\/?s={search_term_string}\"},\"query-input\":{\"@type\":\"PropertyValueSpecification\",\"valueRequired\":true,\"valueName\":\"search_term_string\"}}],\"inLanguage\":\"fr-FR\"},{\"@type\":\"Organization\",\"@id\":\"https:\\\/\\\/spicyflowers.fr\\\/#organization\",\"name\":\"SPICYFLOWERS\",\"url\":\"https:\\\/\\\/spicyflowers.fr\\\/\",\"logo\":{\"@type\":\"ImageObject\",\"inLanguage\":\"fr-FR\",\"@id\":\"https:\\\/\\\/spicyflowers.fr\\\/#\\\/schema\\\/logo\\\/image\\\/\",\"url\":\"https:\\\/\\\/spicyflowers.fr\\\/wp-content\\\/uploads\\\/2025\\\/02\\\/cropped-spicy-flowers.png\",\"contentUrl\":\"https:\\\/\\\/spicyflowers.fr\\\/wp-content\\\/uploads\\\/2025\\\/02\\\/cropped-spicy-flowers.png\",\"width\":1792,\"height\":1792,\"caption\":\"SPICYFLOWERS\"},\"image\":{\"@id\":\"https:\\\/\\\/spicyflowers.fr\\\/#\\\/schema\\\/logo\\\/image\\\/\"}}]}<\/script>\n<!-- \/ Yoast SEO plugin. -->","yoast_head_json":{"title":"Cr\u00e8me protectrice pour les mains -","description":"La formule l\u00e9g\u00e8re de la cr\u00e8me lui permet d'\u00eatre absorb\u00e9e rapidement, sans laisser de sensation collante d\u00e9sagr\u00e9able ou de marques grasses, tout en donnant une sensationd'hydratation profonde et de fraicheur qui dure longtemps apr\u00e8s application. Les ingr\u00e9dients sont sp\u00e9cialement s\u00e9lectionn\u00e9s pour leurs propri\u00e9t\u00e9s bact\u00e9ricides, ce qui permet \u00e0 la cr\u00e8me d'apaiser les irritations. Apr\u00e8s utilisation, la peau est plus douce, lisse et brillante","robots":{"index":"index","follow":"follow","max-snippet":"max-snippet:-1","max-image-preview":"max-image-preview:large","max-video-preview":"max-video-preview:-1"},"canonical":"https:\/\/spicyflowers.fr\/?product=creme-protectrice-pour-les-mains","og_locale":"fr_FR","og_type":"article","og_title":"Cr\u00e8me protectrice pour les mains -","og_description":"La formule l\u00e9g\u00e8re de la cr\u00e8me lui permet d'\u00eatre absorb\u00e9e rapidement, sans laisser de sensation collante d\u00e9sagr\u00e9able ou de marques grasses, tout en donnant une sensationd'hydratation profonde et de fraicheur qui dure longtemps apr\u00e8s application. Les ingr\u00e9dients sont sp\u00e9cialement s\u00e9lectionn\u00e9s pour leurs propri\u00e9t\u00e9s bact\u00e9ricides, ce qui permet \u00e0 la cr\u00e8me d'apaiser les irritations. Apr\u00e8s utilisation, la peau est plus douce, lisse et brillante","og_url":"https:\/\/spicyflowers.fr\/?product=creme-protectrice-pour-les-mains","article_modified_time":"2023-02-15T13:40:43+00:00","og_image":[{"width":1920,"height":2560,"url":"https:\/\/spicyflowers.fr\/wp-content\/uploads\/2023\/01\/316028621_527101122613131_1011891678739347141_n-scaled.jpg","type":"image\/jpeg"}],"twitter_card":"summary_large_image","twitter_misc":{"Dur\u00e9e de lecture estim\u00e9e":"1 minute"},"schema":{"@context":"https:\/\/schema.org","@graph":[{"@type":"WebPage","@id":"https:\/\/spicyflowers.fr\/?product=creme-protectrice-pour-les-mains","url":"https:\/\/spicyflowers.fr\/?product=creme-protectrice-pour-les-mains","name":"Cr\u00e8me protectrice pour les mains -","isPartOf":{"@id":"https:\/\/spicyflowers.fr\/#website"},"primaryImageOfPage":{"@id":"https:\/\/spicyflowers.fr\/?product=creme-protectrice-pour-les-mains#primaryimage"},"image":{"@id":"https:\/\/spicyflowers.fr\/?product=creme-protectrice-pour-les-mains#primaryimage"},"thumbnailUrl":"https:\/\/spicyflowers.fr\/wp-content\/uploads\/2023\/01\/316028621_527101122613131_1011891678739347141_n-scaled.jpg","datePublished":"2023-01-21T15:11:18+00:00","dateModified":"2023-02-15T13:40:43+00:00","description":"La formule l\u00e9g\u00e8re de la cr\u00e8me lui permet d'\u00eatre absorb\u00e9e rapidement, sans laisser de sensation collante d\u00e9sagr\u00e9able ou de marques grasses, tout en donnant une sensationd'hydratation profonde et de fraicheur qui dure longtemps apr\u00e8s application. Les ingr\u00e9dients sont sp\u00e9cialement s\u00e9lectionn\u00e9s pour leurs propri\u00e9t\u00e9s bact\u00e9ricides, ce qui permet \u00e0 la cr\u00e8me d'apaiser les irritations. Apr\u00e8s utilisation, la peau est plus douce, lisse et brillante","breadcrumb":{"@id":"https:\/\/spicyflowers.fr\/?product=creme-protectrice-pour-les-mains#breadcrumb"},"inLanguage":"fr-FR","potentialAction":[{"@type":"ReadAction","target":["https:\/\/spicyflowers.fr\/?product=creme-protectrice-pour-les-mains"]}]},{"@type":"ImageObject","inLanguage":"fr-FR","@id":"https:\/\/spicyflowers.fr\/?product=creme-protectrice-pour-les-mains#primaryimage","url":"https:\/\/spicyflowers.fr\/wp-content\/uploads\/2023\/01\/316028621_527101122613131_1011891678739347141_n-scaled.jpg","contentUrl":"https:\/\/spicyflowers.fr\/wp-content\/uploads\/2023\/01\/316028621_527101122613131_1011891678739347141_n-scaled.jpg","width":1920,"height":2560,"caption":"Cr\u00e8me protectrice pour les mains"},{"@type":"BreadcrumbList","@id":"https:\/\/spicyflowers.fr\/?product=creme-protectrice-pour-les-mains#breadcrumb","itemListElement":[{"@type":"ListItem","position":1,"name":"Accueil","item":"https:\/\/spicyflowers.fr\/"},{"@type":"ListItem","position":2,"name":"La boutique Spicy Flowers","item":"https:\/\/spicyflowers.fr\/?page_id=5"},{"@type":"ListItem","position":3,"name":"Cr\u00e8me protectrice pour les mains"}]},{"@type":"WebSite","@id":"https:\/\/spicyflowers.fr\/#website","url":"https:\/\/spicyflowers.fr\/","name":"SPICYFLOWERS","description":"","publisher":{"@id":"https:\/\/spicyflowers.fr\/#organization"},"potentialAction":[{"@type":"SearchAction","target":{"@type":"EntryPoint","urlTemplate":"https:\/\/spicyflowers.fr\/?s={search_term_string}"},"query-input":{"@type":"PropertyValueSpecification","valueRequired":true,"valueName":"search_term_string"}}],"inLanguage":"fr-FR"},{"@type":"Organization","@id":"https:\/\/spicyflowers.fr\/#organization","name":"SPICYFLOWERS","url":"https:\/\/spicyflowers.fr\/","logo":{"@type":"ImageObject","inLanguage":"fr-FR","@id":"https:\/\/spicyflowers.fr\/#\/schema\/logo\/image\/","url":"https:\/\/spicyflowers.fr\/wp-content\/uploads\/2025\/02\/cropped-spicy-flowers.png","contentUrl":"https:\/\/spicyflowers.fr\/wp-content\/uploads\/2025\/02\/cropped-spicy-flowers.png","width":1792,"height":1792,"caption":"SPICYFLOWERS"},"image":{"@id":"https:\/\/spicyflowers.fr\/#\/schema\/logo\/image\/"}}]}},"_links":{"self":[{"href":"https:\/\/spicyflowers.fr\/index.php?rest_route=\/wp\/v2\/product\/344","targetHints":{"allow":["GET"]}}],"collection":[{"href":"https:\/\/spicyflowers.fr\/index.php?rest_route=\/wp\/v2\/product"}],"about":[{"href":"https:\/\/spicyflowers.fr\/index.php?rest_route=\/wp\/v2\/types\/product"}],"replies":[{"embeddable":true,"href":"https:\/\/spicyflowers.fr\/index.php?rest_route=%2Fwp%2Fv2%2Fcomments&post=344"}],"version-history":[{"count":1,"href":"https:\/\/spicyflowers.fr\/index.php?rest_route=\/wp\/v2\/product\/344\/revisions"}],"predecessor-version":[{"id":556,"href":"https:\/\/spicyflowers.fr\/index.php?rest_route=\/wp\/v2\/product\/344\/revisions\/556"}],"wp:featuredmedia":[{"embeddable":true,"href":"https:\/\/spicyflowers.fr\/index.php?rest_route=\/wp\/v2\/media\/345"}],"wp:attachment":[{"href":"https:\/\/spicyflowers.fr\/index.php?rest_route=%2Fwp%2Fv2%2Fmedia&parent=344"}],"wp:term":[{"taxonomy":"product_brand","embeddable":true,"href":"https:\/\/spicyflowers.fr\/index.php?rest_route=%2Fwp%2Fv2%2Fproduct_brand&post=344"},{"taxonomy":"product_cat","embeddable":true,"href":"https:\/\/spicyflowers.fr\/index.php?rest_route=%2Fwp%2Fv2%2Fproduct_cat&post=344"},{"taxonomy":"product_tag","embeddable":true,"href":"https:\/\/spicyflowers.fr\/index.php?rest_route=%2Fwp%2Fv2%2Fproduct_tag&post=344"}],"curies":[{"name":"wp","href":"https:\/\/api.w.org\/{rel}","templated":true}]}}