{"id":34,"date":"2023-01-19T09:12:52","date_gmt":"2023-01-19T09:12:52","guid":{"rendered":"https:\/\/spicyflowers.fr\/?post_type=product&#038;p=34"},"modified":"2023-02-15T13:28:50","modified_gmt":"2023-02-15T13:28:50","slug":"fleurs-de-cbd-lemon-haze-outdoor","status":"publish","type":"product","link":"https:\/\/spicyflowers.fr\/?product=fleurs-de-cbd-lemon-haze-outdoor","title":{"rendered":"Fleurs de CBD \u2013 Lemon Haze Outdoor"},"content":{"rendered":"<p>La LEMON HAZE Outdoor, est une variante de Haze contenant 60% de Sativa et 40% d\u2019indica.<br \/>\nSes ar\u00f4mes aux caract\u00e9ristiques citronn\u00e9es et aux saveurs d\u2019agrumes, ses parfums terreux, poivr\u00e9 et musqu\u00e9.<br \/>\nL\u2019odeur est piquante, citronn\u00e9e et un peu sucr\u00e9e.<\/p>\n<p><strong><u>Mode de consommation<\/u><\/strong><\/p>\n<p>Le CBD n&rsquo;est pas un m\u00e9dicament et n&rsquo;a pas vocation \u00e0 soigner, gu\u00e9rir ou apporter une aide dans le traitement de quelconque maladie. Veuillez contacter votre m\u00e9decin avant de commencer un nouveau programme di\u00e9t\u00e9tique.<\/p>\n<p>Ce produit est destin\u00e9 \u00e0 \u00eatre infus\u00e9 uniquement<br \/>\nToutes nos infusions sont analys\u00e9es et certifi\u00e9es &lt; 0.3% de THC, en accord avec la l\u00e9gislation Europ\u00e9enne;<\/p>\n<p><strong><u>Important<\/u><\/strong><\/p>\n<ul>\n<li>Vente interdite aux mineurs.<\/li>\n<li>Nos produits ne doivent pas \u00eatre fum\u00e9.<\/li>\n<li>Ne pas conduire apr\u00e8s utilisation.<\/li>\n<li>A consomm\u00e9 avec mod\u00e9ration.<\/li>\n<li>Interdit d\u2019\u00eatre sur la voie publique avec un sachet non scell\u00e9, ouverture du sachet uniquement \u00e0 votre domicile.<\/li>\n<li>Ne convient pas aux femmes enceintes.<\/li>\n<li>Ne pas laissez ce produit \u00e0 la port\u00e9e des enfants.<\/li>\n<li>Vente interdite aux mineurs.<\/li>\n<li>Conservez-le dans un endroit de pr\u00e9f\u00e9rence frais et sec.<\/li>\n<\/ul>\n<p><strong><u>SPICY FLOWERS ne pourra \u00eatre tenu pour responsable d&rsquo;une utilisation autre que celle d\u00e9crite ci-dessus.<\/u><\/strong><\/p>\n","protected":false},"excerpt":{"rendered":"<p>La LEMON HAZE Outdoor, est une variante de Haze contenant 60% de Sativa et 40% d\u2019indica.<br \/>\nSes ar\u00f4mes aux caract\u00e9ristiques citronn\u00e9es et aux saveurs d\u2019agrumes, ses parfums terreux, poivr\u00e9 et musqu\u00e9.<br \/>\nL\u2019odeur est piquante, citronn\u00e9e et un peu sucr\u00e9e.<br \/>\nNous proposons 6 choix de quantit\u00e9s, pour chaque vari\u00e9t\u00e9s :<br \/>\n<strong><span class=\"has-inline-color\">2gr \/ 5gr \/ 10gr \/ 20gr \/ 50gr \/ 100gr<\/span><\/strong><\/p>\n","protected":false},"featured_media":47,"comment_status":"open","ping_status":"closed","template":"","meta":{"site-sidebar-layout":"default","site-content-layout":"default","ast-site-content-layout":"default","site-content-style":"default","site-sidebar-style":"default","ast-global-header-display":"","ast-banner-title-visibility":"","ast-main-header-display":"","ast-hfb-above-header-display":"","ast-hfb-below-header-display":"","ast-hfb-mobile-header-display":"","site-post-title":"","ast-breadcrumbs-content":"","ast-featured-img":"","footer-sml-layout":"","ast-disable-related-posts":"","theme-transparent-header-meta":"default","adv-header-id-meta":"","stick-header-meta":"","header-above-stick-meta":"","header-main-stick-meta":"","header-below-stick-meta":"","astra-migrate-meta-layouts":"default","ast-page-background-enabled":"default","ast-page-background-meta":{"desktop":{"background-color":"var(--ast-global-color-4)","background-image":"","background-repeat":"repeat","background-position":"center center","background-size":"auto","background-attachment":"scroll","background-type":"","background-media":"","overlay-type":"","overlay-color":"","overlay-opacity":"","overlay-gradient":""},"tablet":{"background-color":"","background-image":"","background-repeat":"repeat","background-position":"center center","background-size":"auto","background-attachment":"scroll","background-type":"","background-media":"","overlay-type":"","overlay-color":"","overlay-opacity":"","overlay-gradient":""},"mobile":{"background-color":"","background-image":"","background-repeat":"repeat","background-position":"center center","background-size":"auto","background-attachment":"scroll","background-type":"","background-media":"","overlay-type":"","overlay-color":"","overlay-opacity":"","overlay-gradient":""}},"ast-content-background-meta":{"desktop":{"background-color":"var(--ast-global-color-5)","background-image":"","background-repeat":"repeat","background-position":"center center","background-size":"auto","background-attachment":"scroll","background-type":"","background-media":"","overlay-type":"","overlay-color":"","overlay-opacity":"","overlay-gradient":""},"tablet":{"background-color":"var(--ast-global-color-5)","background-image":"","background-repeat":"repeat","background-position":"center center","background-size":"auto","background-attachment":"scroll","background-type":"","background-media":"","overlay-type":"","overlay-color":"","overlay-opacity":"","overlay-gradient":""},"mobile":{"background-color":"var(--ast-global-color-5)","background-image":"","background-repeat":"repeat","background-position":"center center","background-size":"auto","background-attachment":"scroll","background-type":"","background-media":"","overlay-type":"","overlay-color":"","overlay-opacity":"","overlay-gradient":""}}},"product_brand":[],"product_cat":[30,31],"product_tag":[],"class_list":{"0":"post-34","1":"product","2":"type-product","3":"status-publish","4":"has-post-thumbnail","6":"product_cat-fleurs-de-cbd","7":"product_cat-outdoor","8":"desktop-align-left","9":"tablet-align-left","10":"mobile-align-left","12":"first","13":"instock","14":"taxable","15":"shipping-taxable","16":"purchasable","17":"product-type-variable"},"yoast_head":"<!-- This site is optimized with the Yoast SEO plugin v27.3 - https:\/\/yoast.com\/product\/yoast-seo-wordpress\/ -->\n<title>Fleurs de CBD \u2013 Lemon Haze Outdoor -<\/title>\n<meta name=\"robots\" content=\"index, follow, max-snippet:-1, max-image-preview:large, max-video-preview:-1\" \/>\n<link rel=\"canonical\" href=\"https:\/\/spicyflowers.fr\/?product=fleurs-de-cbd-lemon-haze-outdoor\" \/>\n<meta property=\"og:locale\" content=\"fr_FR\" \/>\n<meta property=\"og:type\" content=\"article\" \/>\n<meta property=\"og:title\" content=\"Fleurs de CBD \u2013 Lemon Haze Outdoor -\" \/>\n<meta property=\"og:description\" content=\"La LEMON HAZE Outdoor, est une variante de Haze contenant 60% de Sativa et 40% d\u2019indica. Ses ar\u00f4mes aux caract\u00e9ristiques citronn\u00e9es et aux saveurs d\u2019agrumes, ses parfums terreux, poivr\u00e9 et musqu\u00e9. L\u2019odeur est piquante, citronn\u00e9e et un peu sucr\u00e9e. Nous proposons 6 choix de quantit\u00e9s, pour chaque vari\u00e9t\u00e9s : 2gr \/ 5gr \/ 10gr \/ 20gr \/ 50gr \/ 100gr\" \/>\n<meta property=\"og:url\" content=\"https:\/\/spicyflowers.fr\/?product=fleurs-de-cbd-lemon-haze-outdoor\" \/>\n<meta property=\"article:modified_time\" content=\"2023-02-15T13:28:50+00:00\" \/>\n<meta property=\"og:image\" content=\"https:\/\/spicyflowers.fr\/wp-content\/uploads\/2023\/01\/Capture-decran-2023-01-19-a-10.13.27-1018x1024.png\" \/>\n\t<meta property=\"og:image:width\" content=\"1018\" \/>\n\t<meta property=\"og:image:height\" content=\"1024\" \/>\n\t<meta property=\"og:image:type\" content=\"image\/png\" \/>\n<meta name=\"twitter:card\" content=\"summary_large_image\" \/>\n<meta name=\"twitter:label1\" content=\"Dur\u00e9e de lecture estim\u00e9e\" \/>\n\t<meta name=\"twitter:data1\" content=\"1 minute\" \/>\n<script type=\"application\/ld+json\" class=\"yoast-schema-graph\">{\"@context\":\"https:\\\/\\\/schema.org\",\"@graph\":[{\"@type\":\"WebPage\",\"@id\":\"https:\\\/\\\/spicyflowers.fr\\\/?product=fleurs-de-cbd-lemon-haze-outdoor\",\"url\":\"https:\\\/\\\/spicyflowers.fr\\\/?product=fleurs-de-cbd-lemon-haze-outdoor\",\"name\":\"Fleurs de CBD \u2013 Lemon Haze Outdoor -\",\"isPartOf\":{\"@id\":\"https:\\\/\\\/spicyflowers.fr\\\/#website\"},\"primaryImageOfPage\":{\"@id\":\"https:\\\/\\\/spicyflowers.fr\\\/?product=fleurs-de-cbd-lemon-haze-outdoor#primaryimage\"},\"image\":{\"@id\":\"https:\\\/\\\/spicyflowers.fr\\\/?product=fleurs-de-cbd-lemon-haze-outdoor#primaryimage\"},\"thumbnailUrl\":\"https:\\\/\\\/spicyflowers.fr\\\/wp-content\\\/uploads\\\/2023\\\/01\\\/Capture-decran-2023-01-19-a-10.13.27.png\",\"datePublished\":\"2023-01-19T09:12:52+00:00\",\"dateModified\":\"2023-02-15T13:28:50+00:00\",\"breadcrumb\":{\"@id\":\"https:\\\/\\\/spicyflowers.fr\\\/?product=fleurs-de-cbd-lemon-haze-outdoor#breadcrumb\"},\"inLanguage\":\"fr-FR\",\"potentialAction\":[{\"@type\":\"ReadAction\",\"target\":[\"https:\\\/\\\/spicyflowers.fr\\\/?product=fleurs-de-cbd-lemon-haze-outdoor\"]}]},{\"@type\":\"ImageObject\",\"inLanguage\":\"fr-FR\",\"@id\":\"https:\\\/\\\/spicyflowers.fr\\\/?product=fleurs-de-cbd-lemon-haze-outdoor#primaryimage\",\"url\":\"https:\\\/\\\/spicyflowers.fr\\\/wp-content\\\/uploads\\\/2023\\\/01\\\/Capture-decran-2023-01-19-a-10.13.27.png\",\"contentUrl\":\"https:\\\/\\\/spicyflowers.fr\\\/wp-content\\\/uploads\\\/2023\\\/01\\\/Capture-decran-2023-01-19-a-10.13.27.png\",\"width\":1626,\"height\":1636,\"caption\":\"FLEURS DE CBD \u2013 LEMON HAZE OUTDOOR\"},{\"@type\":\"BreadcrumbList\",\"@id\":\"https:\\\/\\\/spicyflowers.fr\\\/?product=fleurs-de-cbd-lemon-haze-outdoor#breadcrumb\",\"itemListElement\":[{\"@type\":\"ListItem\",\"position\":1,\"name\":\"Accueil\",\"item\":\"https:\\\/\\\/spicyflowers.fr\\\/\"},{\"@type\":\"ListItem\",\"position\":2,\"name\":\"La boutique Spicy Flowers\",\"item\":\"https:\\\/\\\/spicyflowers.fr\\\/?page_id=5\"},{\"@type\":\"ListItem\",\"position\":3,\"name\":\"Fleurs de CBD \u2013 Lemon Haze Outdoor\"}]},{\"@type\":\"WebSite\",\"@id\":\"https:\\\/\\\/spicyflowers.fr\\\/#website\",\"url\":\"https:\\\/\\\/spicyflowers.fr\\\/\",\"name\":\"SPICYFLOWERS\",\"description\":\"\",\"publisher\":{\"@id\":\"https:\\\/\\\/spicyflowers.fr\\\/#organization\"},\"potentialAction\":[{\"@type\":\"SearchAction\",\"target\":{\"@type\":\"EntryPoint\",\"urlTemplate\":\"https:\\\/\\\/spicyflowers.fr\\\/?s={search_term_string}\"},\"query-input\":{\"@type\":\"PropertyValueSpecification\",\"valueRequired\":true,\"valueName\":\"search_term_string\"}}],\"inLanguage\":\"fr-FR\"},{\"@type\":\"Organization\",\"@id\":\"https:\\\/\\\/spicyflowers.fr\\\/#organization\",\"name\":\"SPICYFLOWERS\",\"url\":\"https:\\\/\\\/spicyflowers.fr\\\/\",\"logo\":{\"@type\":\"ImageObject\",\"inLanguage\":\"fr-FR\",\"@id\":\"https:\\\/\\\/spicyflowers.fr\\\/#\\\/schema\\\/logo\\\/image\\\/\",\"url\":\"https:\\\/\\\/spicyflowers.fr\\\/wp-content\\\/uploads\\\/2025\\\/02\\\/cropped-spicy-flowers.png\",\"contentUrl\":\"https:\\\/\\\/spicyflowers.fr\\\/wp-content\\\/uploads\\\/2025\\\/02\\\/cropped-spicy-flowers.png\",\"width\":1792,\"height\":1792,\"caption\":\"SPICYFLOWERS\"},\"image\":{\"@id\":\"https:\\\/\\\/spicyflowers.fr\\\/#\\\/schema\\\/logo\\\/image\\\/\"}}]}<\/script>\n<!-- \/ Yoast SEO plugin. -->","yoast_head_json":{"title":"Fleurs de CBD \u2013 Lemon Haze Outdoor -","robots":{"index":"index","follow":"follow","max-snippet":"max-snippet:-1","max-image-preview":"max-image-preview:large","max-video-preview":"max-video-preview:-1"},"canonical":"https:\/\/spicyflowers.fr\/?product=fleurs-de-cbd-lemon-haze-outdoor","og_locale":"fr_FR","og_type":"article","og_title":"Fleurs de CBD \u2013 Lemon Haze Outdoor -","og_description":"La LEMON HAZE Outdoor, est une variante de Haze contenant 60% de Sativa et 40% d\u2019indica. Ses ar\u00f4mes aux caract\u00e9ristiques citronn\u00e9es et aux saveurs d\u2019agrumes, ses parfums terreux, poivr\u00e9 et musqu\u00e9. L\u2019odeur est piquante, citronn\u00e9e et un peu sucr\u00e9e. Nous proposons 6 choix de quantit\u00e9s, pour chaque vari\u00e9t\u00e9s : 2gr \/ 5gr \/ 10gr \/ 20gr \/ 50gr \/ 100gr","og_url":"https:\/\/spicyflowers.fr\/?product=fleurs-de-cbd-lemon-haze-outdoor","article_modified_time":"2023-02-15T13:28:50+00:00","og_image":[{"width":1018,"height":1024,"url":"https:\/\/spicyflowers.fr\/wp-content\/uploads\/2023\/01\/Capture-decran-2023-01-19-a-10.13.27-1018x1024.png","type":"image\/png"}],"twitter_card":"summary_large_image","twitter_misc":{"Dur\u00e9e de lecture estim\u00e9e":"1 minute"},"schema":{"@context":"https:\/\/schema.org","@graph":[{"@type":"WebPage","@id":"https:\/\/spicyflowers.fr\/?product=fleurs-de-cbd-lemon-haze-outdoor","url":"https:\/\/spicyflowers.fr\/?product=fleurs-de-cbd-lemon-haze-outdoor","name":"Fleurs de CBD \u2013 Lemon Haze Outdoor -","isPartOf":{"@id":"https:\/\/spicyflowers.fr\/#website"},"primaryImageOfPage":{"@id":"https:\/\/spicyflowers.fr\/?product=fleurs-de-cbd-lemon-haze-outdoor#primaryimage"},"image":{"@id":"https:\/\/spicyflowers.fr\/?product=fleurs-de-cbd-lemon-haze-outdoor#primaryimage"},"thumbnailUrl":"https:\/\/spicyflowers.fr\/wp-content\/uploads\/2023\/01\/Capture-decran-2023-01-19-a-10.13.27.png","datePublished":"2023-01-19T09:12:52+00:00","dateModified":"2023-02-15T13:28:50+00:00","breadcrumb":{"@id":"https:\/\/spicyflowers.fr\/?product=fleurs-de-cbd-lemon-haze-outdoor#breadcrumb"},"inLanguage":"fr-FR","potentialAction":[{"@type":"ReadAction","target":["https:\/\/spicyflowers.fr\/?product=fleurs-de-cbd-lemon-haze-outdoor"]}]},{"@type":"ImageObject","inLanguage":"fr-FR","@id":"https:\/\/spicyflowers.fr\/?product=fleurs-de-cbd-lemon-haze-outdoor#primaryimage","url":"https:\/\/spicyflowers.fr\/wp-content\/uploads\/2023\/01\/Capture-decran-2023-01-19-a-10.13.27.png","contentUrl":"https:\/\/spicyflowers.fr\/wp-content\/uploads\/2023\/01\/Capture-decran-2023-01-19-a-10.13.27.png","width":1626,"height":1636,"caption":"FLEURS DE CBD \u2013 LEMON HAZE OUTDOOR"},{"@type":"BreadcrumbList","@id":"https:\/\/spicyflowers.fr\/?product=fleurs-de-cbd-lemon-haze-outdoor#breadcrumb","itemListElement":[{"@type":"ListItem","position":1,"name":"Accueil","item":"https:\/\/spicyflowers.fr\/"},{"@type":"ListItem","position":2,"name":"La boutique Spicy Flowers","item":"https:\/\/spicyflowers.fr\/?page_id=5"},{"@type":"ListItem","position":3,"name":"Fleurs de CBD \u2013 Lemon Haze Outdoor"}]},{"@type":"WebSite","@id":"https:\/\/spicyflowers.fr\/#website","url":"https:\/\/spicyflowers.fr\/","name":"SPICYFLOWERS","description":"","publisher":{"@id":"https:\/\/spicyflowers.fr\/#organization"},"potentialAction":[{"@type":"SearchAction","target":{"@type":"EntryPoint","urlTemplate":"https:\/\/spicyflowers.fr\/?s={search_term_string}"},"query-input":{"@type":"PropertyValueSpecification","valueRequired":true,"valueName":"search_term_string"}}],"inLanguage":"fr-FR"},{"@type":"Organization","@id":"https:\/\/spicyflowers.fr\/#organization","name":"SPICYFLOWERS","url":"https:\/\/spicyflowers.fr\/","logo":{"@type":"ImageObject","inLanguage":"fr-FR","@id":"https:\/\/spicyflowers.fr\/#\/schema\/logo\/image\/","url":"https:\/\/spicyflowers.fr\/wp-content\/uploads\/2025\/02\/cropped-spicy-flowers.png","contentUrl":"https:\/\/spicyflowers.fr\/wp-content\/uploads\/2025\/02\/cropped-spicy-flowers.png","width":1792,"height":1792,"caption":"SPICYFLOWERS"},"image":{"@id":"https:\/\/spicyflowers.fr\/#\/schema\/logo\/image\/"}}]}},"_links":{"self":[{"href":"https:\/\/spicyflowers.fr\/index.php?rest_route=\/wp\/v2\/product\/34","targetHints":{"allow":["GET"]}}],"collection":[{"href":"https:\/\/spicyflowers.fr\/index.php?rest_route=\/wp\/v2\/product"}],"about":[{"href":"https:\/\/spicyflowers.fr\/index.php?rest_route=\/wp\/v2\/types\/product"}],"replies":[{"embeddable":true,"href":"https:\/\/spicyflowers.fr\/index.php?rest_route=%2Fwp%2Fv2%2Fcomments&post=34"}],"version-history":[{"count":1,"href":"https:\/\/spicyflowers.fr\/index.php?rest_route=\/wp\/v2\/product\/34\/revisions"}],"predecessor-version":[{"id":1320,"href":"https:\/\/spicyflowers.fr\/index.php?rest_route=\/wp\/v2\/product\/34\/revisions\/1320"}],"wp:featuredmedia":[{"embeddable":true,"href":"https:\/\/spicyflowers.fr\/index.php?rest_route=\/wp\/v2\/media\/47"}],"wp:attachment":[{"href":"https:\/\/spicyflowers.fr\/index.php?rest_route=%2Fwp%2Fv2%2Fmedia&parent=34"}],"wp:term":[{"taxonomy":"product_brand","embeddable":true,"href":"https:\/\/spicyflowers.fr\/index.php?rest_route=%2Fwp%2Fv2%2Fproduct_brand&post=34"},{"taxonomy":"product_cat","embeddable":true,"href":"https:\/\/spicyflowers.fr\/index.php?rest_route=%2Fwp%2Fv2%2Fproduct_cat&post=34"},{"taxonomy":"product_tag","embeddable":true,"href":"https:\/\/spicyflowers.fr\/index.php?rest_route=%2Fwp%2Fv2%2Fproduct_tag&post=34"}],"curies":[{"name":"wp","href":"https:\/\/api.w.org\/{rel}","templated":true}]}}