{"id":324,"date":"2023-01-21T12:52:32","date_gmt":"2023-01-21T12:52:32","guid":{"rendered":"https:\/\/spicyflowers.fr\/?post_type=product&#038;p=324"},"modified":"2023-02-15T13:32:55","modified_gmt":"2023-02-15T13:32:55","slug":"e-liquide-booster","status":"publish","type":"product","link":"https:\/\/spicyflowers.fr\/?product=e-liquide-booster","title":{"rendered":"E-liquide &#8211; Booster &#8211; 2 000 mg"},"content":{"rendered":"<p>E-liquide Booster 2000mg,<\/p>\n<p>Boostez vos e-liquides et cr\u00e9ez vos propres m\u00e9langes !<\/p>\n<p>Le principe d\u2019un booster CBD est d\u2019ajouter du CBD \u00e0 votre e-liquide favori. Nos boosters ont un go\u00fbt neutre et sont faits \u00e0 partir d\u2019isolat de CBD dilu\u00e9 dans une base 100% PG.<\/p>\n<p>Ces boosters sont compatibles avec tous les e-liquides. Nous recommandons toutefois de les m\u00e9langer \u00e0 une base PG\/GV d\u2019au moins 70\/30 pour maximiser sa dilution. Les boosters ne sont pas faits pour \u00eatre consomm\u00e9s purs et doivent \u00eatre dilu\u00e9s, de pr\u00e9f\u00e9rence dans des e-liquides sans nicotineVapotez en toute s\u00e9curit\u00e9 ! Le CBD et les terp\u00e8nes est issu de chanvre biologique europ\u00e9en. Tous nos produits sont fabriqu\u00e9s en France, garantis sans THC, sans nicotine, sans alcool et sans extraits animaux.<br \/>\nLes terp\u00e8nes : qu&rsquo;est-ce que c&rsquo;est ?<\/p>\n<p>Les terp\u00e8nes sont des compos\u00e9s organiques pr\u00e9sents dans toutes les vari\u00e9t\u00e9s de plantes, et contribuent \u00e0 leur saveur et leur odeur. Les terp\u00e8nes interagissent en synergie avec les cannabino\u00efdes pour cr\u00e9er une sorte d&rsquo;effet d&rsquo;entourage, am\u00e9liorant ainsi les effets de chacun des composants de la plante.<\/p>\n<p><strong>Caract\u00e9ristiques<\/strong><\/p>\n<ul>\n<li>Bouteille de 10ml avec bouchon pipette<\/li>\n<li>Base Propyl\u00e8ne glycol \/ Glyc\u00e9rine v\u00e9g\u00e9tale : 80 \/ 20<\/li>\n<li>Fabriqu\u00e9 \u00e0 partir de chanvre biologique europ\u00e9en<\/li>\n<li>Garanti sans THC, sans nicotine, sans alcool et sans extraits animaux<\/li>\n<li>Ingr\u00e9dients de qualit\u00e9 alimentaire<\/li>\n<li>Bouteille avec bouchon s\u00e9curit\u00e9 enfant<\/li>\n<\/ul>\n<p><strong>Ingr\u00e9dients<\/strong><\/p>\n<p>Propyl\u00e8ne glycol, Glyc\u00e9rine v\u00e9g\u00e9tale, terp\u00e8nes<br \/>\nCBD par flacon de 10ml :<\/p>\n","protected":false},"excerpt":{"rendered":"<p>Boostez vos e-liquides et cr\u00e9ez vos propres m\u00e9langes !<\/p>\n<p>Le principe d\u2019un booster CBD est d\u2019ajouter du CBD \u00e0 votre e-liquide favori. Nos boosters ont un go\u00fbt neutre et sont faits \u00e0 partir d\u2019isolat de CBD dilu\u00e9 dans une base 100% PG.<\/p>\n<p>Ces boosters sont compatibles avec tous les e-liquides. Nous recommandons toutefois de les m\u00e9langer \u00e0 une base PG\/GV d\u2019au moins 70\/30 pour maximiser sa dilution. Les boosters ne sont pas faits pour \u00eatre consomm\u00e9s purs et doivent \u00eatre dilu\u00e9s, de pr\u00e9f\u00e9rence dans des e-liquides sans nicotine.<\/p>\n","protected":false},"featured_media":325,"comment_status":"open","ping_status":"closed","template":"","meta":{"site-sidebar-layout":"default","site-content-layout":"default","ast-site-content-layout":"default","site-content-style":"default","site-sidebar-style":"default","ast-global-header-display":"","ast-banner-title-visibility":"","ast-main-header-display":"","ast-hfb-above-header-display":"","ast-hfb-below-header-display":"","ast-hfb-mobile-header-display":"","site-post-title":"","ast-breadcrumbs-content":"","ast-featured-img":"","footer-sml-layout":"","ast-disable-related-posts":"","theme-transparent-header-meta":"default","adv-header-id-meta":"","stick-header-meta":"","header-above-stick-meta":"","header-main-stick-meta":"","header-below-stick-meta":"","astra-migrate-meta-layouts":"default","ast-page-background-enabled":"default","ast-page-background-meta":{"desktop":{"background-color":"var(--ast-global-color-4)","background-image":"","background-repeat":"repeat","background-position":"center center","background-size":"auto","background-attachment":"scroll","background-type":"","background-media":"","overlay-type":"","overlay-color":"","overlay-opacity":"","overlay-gradient":""},"tablet":{"background-color":"","background-image":"","background-repeat":"repeat","background-position":"center center","background-size":"auto","background-attachment":"scroll","background-type":"","background-media":"","overlay-type":"","overlay-color":"","overlay-opacity":"","overlay-gradient":""},"mobile":{"background-color":"","background-image":"","background-repeat":"repeat","background-position":"center center","background-size":"auto","background-attachment":"scroll","background-type":"","background-media":"","overlay-type":"","overlay-color":"","overlay-opacity":"","overlay-gradient":""}},"ast-content-background-meta":{"desktop":{"background-color":"var(--ast-global-color-5)","background-image":"","background-repeat":"repeat","background-position":"center center","background-size":"auto","background-attachment":"scroll","background-type":"","background-media":"","overlay-type":"","overlay-color":"","overlay-opacity":"","overlay-gradient":""},"tablet":{"background-color":"var(--ast-global-color-5)","background-image":"","background-repeat":"repeat","background-position":"center center","background-size":"auto","background-attachment":"scroll","background-type":"","background-media":"","overlay-type":"","overlay-color":"","overlay-opacity":"","overlay-gradient":""},"mobile":{"background-color":"var(--ast-global-color-5)","background-image":"","background-repeat":"repeat","background-position":"center center","background-size":"auto","background-attachment":"scroll","background-type":"","background-media":"","overlay-type":"","overlay-color":"","overlay-opacity":"","overlay-gradient":""}}},"product_brand":[],"product_cat":[40],"product_tag":[],"class_list":{"0":"post-324","1":"product","2":"type-product","3":"status-publish","4":"has-post-thumbnail","6":"product_cat-e-liquides","7":"desktop-align-left","8":"tablet-align-left","9":"mobile-align-left","11":"first","12":"instock","13":"taxable","14":"shipping-taxable","15":"purchasable","16":"product-type-simple"},"yoast_head":"<!-- This site is optimized with the Yoast SEO plugin v27.3 - https:\/\/yoast.com\/product\/yoast-seo-wordpress\/ -->\n<title>E-liquide - Booster - 2 000 mg -<\/title>\n<meta name=\"description\" content=\"Boostez vos e-liquides et cr\u00e9ez vos propres m\u00e9langes !Le principe d\u2019un booster CBD est d\u2019ajouter du CBD \u00e0 votre e-liquide favori. Nos boosters ont un go\u00fbt neutre et sont faits \u00e0 partir d\u2019isolat de CBD dilu\u00e9 dans une base 100% PG.Ces boosters sont compatibles avec tous les e-liquides. Nous recommandons toutefois de les m\u00e9langer \u00e0 une base PG\/GV d\u2019au moins 70\/30 pour maximiser sa dilution. Les boosters ne sont pas faits pour \u00eatre consomm\u00e9s purs et doivent \u00eatre dilu\u00e9s, de pr\u00e9f\u00e9rence dans des e-liquides sans nicotine.\" \/>\n<meta name=\"robots\" content=\"index, follow, max-snippet:-1, max-image-preview:large, max-video-preview:-1\" \/>\n<link rel=\"canonical\" href=\"https:\/\/spicyflowers.fr\/?product=e-liquide-booster\" \/>\n<meta property=\"og:locale\" content=\"fr_FR\" \/>\n<meta property=\"og:type\" content=\"article\" \/>\n<meta property=\"og:title\" content=\"E-liquide - Booster - 2 000 mg -\" \/>\n<meta property=\"og:description\" content=\"Boostez vos e-liquides et cr\u00e9ez vos propres m\u00e9langes !Le principe d\u2019un booster CBD est d\u2019ajouter du CBD \u00e0 votre e-liquide favori. Nos boosters ont un go\u00fbt neutre et sont faits \u00e0 partir d\u2019isolat de CBD dilu\u00e9 dans une base 100% PG.Ces boosters sont compatibles avec tous les e-liquides. Nous recommandons toutefois de les m\u00e9langer \u00e0 une base PG\/GV d\u2019au moins 70\/30 pour maximiser sa dilution. Les boosters ne sont pas faits pour \u00eatre consomm\u00e9s purs et doivent \u00eatre dilu\u00e9s, de pr\u00e9f\u00e9rence dans des e-liquides sans nicotine.\" \/>\n<meta property=\"og:url\" content=\"https:\/\/spicyflowers.fr\/?product=e-liquide-booster\" \/>\n<meta property=\"article:modified_time\" content=\"2023-02-15T13:32:55+00:00\" \/>\n<meta property=\"og:image\" content=\"https:\/\/spicyflowers.fr\/wp-content\/uploads\/2023\/01\/Capture-decran-2023-01-21-a-13.51.24-686x1024.png\" \/>\n\t<meta property=\"og:image:width\" content=\"686\" \/>\n\t<meta property=\"og:image:height\" content=\"1024\" \/>\n\t<meta property=\"og:image:type\" content=\"image\/png\" \/>\n<meta name=\"twitter:card\" content=\"summary_large_image\" \/>\n<meta name=\"twitter:label1\" content=\"Dur\u00e9e de lecture estim\u00e9e\" \/>\n\t<meta name=\"twitter:data1\" content=\"2 minutes\" \/>\n<script type=\"application\/ld+json\" class=\"yoast-schema-graph\">{\"@context\":\"https:\\\/\\\/schema.org\",\"@graph\":[{\"@type\":\"WebPage\",\"@id\":\"https:\\\/\\\/spicyflowers.fr\\\/?product=e-liquide-booster\",\"url\":\"https:\\\/\\\/spicyflowers.fr\\\/?product=e-liquide-booster\",\"name\":\"E-liquide - Booster - 2 000 mg -\",\"isPartOf\":{\"@id\":\"https:\\\/\\\/spicyflowers.fr\\\/#website\"},\"primaryImageOfPage\":{\"@id\":\"https:\\\/\\\/spicyflowers.fr\\\/?product=e-liquide-booster#primaryimage\"},\"image\":{\"@id\":\"https:\\\/\\\/spicyflowers.fr\\\/?product=e-liquide-booster#primaryimage\"},\"thumbnailUrl\":\"https:\\\/\\\/spicyflowers.fr\\\/wp-content\\\/uploads\\\/2023\\\/01\\\/Capture-decran-2023-01-21-a-13.51.24.png\",\"datePublished\":\"2023-01-21T12:52:32+00:00\",\"dateModified\":\"2023-02-15T13:32:55+00:00\",\"description\":\"Boostez vos e-liquides et cr\u00e9ez vos propres m\u00e9langes !Le principe d\u2019un booster CBD est d\u2019ajouter du CBD \u00e0 votre e-liquide favori. Nos boosters ont un go\u00fbt neutre et sont faits \u00e0 partir d\u2019isolat de CBD dilu\u00e9 dans une base 100% PG.Ces boosters sont compatibles avec tous les e-liquides. Nous recommandons toutefois de les m\u00e9langer \u00e0 une base PG\\\/GV d\u2019au moins 70\\\/30 pour maximiser sa dilution. Les boosters ne sont pas faits pour \u00eatre consomm\u00e9s purs et doivent \u00eatre dilu\u00e9s, de pr\u00e9f\u00e9rence dans des e-liquides sans nicotine.\",\"breadcrumb\":{\"@id\":\"https:\\\/\\\/spicyflowers.fr\\\/?product=e-liquide-booster#breadcrumb\"},\"inLanguage\":\"fr-FR\",\"potentialAction\":[{\"@type\":\"ReadAction\",\"target\":[\"https:\\\/\\\/spicyflowers.fr\\\/?product=e-liquide-booster\"]}]},{\"@type\":\"ImageObject\",\"inLanguage\":\"fr-FR\",\"@id\":\"https:\\\/\\\/spicyflowers.fr\\\/?product=e-liquide-booster#primaryimage\",\"url\":\"https:\\\/\\\/spicyflowers.fr\\\/wp-content\\\/uploads\\\/2023\\\/01\\\/Capture-decran-2023-01-21-a-13.51.24.png\",\"contentUrl\":\"https:\\\/\\\/spicyflowers.fr\\\/wp-content\\\/uploads\\\/2023\\\/01\\\/Capture-decran-2023-01-21-a-13.51.24.png\",\"width\":1084,\"height\":1618,\"caption\":\"E-LIQUIDE BOOSTER 2000MG,\"},{\"@type\":\"BreadcrumbList\",\"@id\":\"https:\\\/\\\/spicyflowers.fr\\\/?product=e-liquide-booster#breadcrumb\",\"itemListElement\":[{\"@type\":\"ListItem\",\"position\":1,\"name\":\"Accueil\",\"item\":\"https:\\\/\\\/spicyflowers.fr\\\/\"},{\"@type\":\"ListItem\",\"position\":2,\"name\":\"La boutique Spicy Flowers\",\"item\":\"https:\\\/\\\/spicyflowers.fr\\\/?page_id=5\"},{\"@type\":\"ListItem\",\"position\":3,\"name\":\"E-liquide &#8211; Booster &#8211; 2 000 mg\"}]},{\"@type\":\"WebSite\",\"@id\":\"https:\\\/\\\/spicyflowers.fr\\\/#website\",\"url\":\"https:\\\/\\\/spicyflowers.fr\\\/\",\"name\":\"SPICYFLOWERS\",\"description\":\"\",\"publisher\":{\"@id\":\"https:\\\/\\\/spicyflowers.fr\\\/#organization\"},\"potentialAction\":[{\"@type\":\"SearchAction\",\"target\":{\"@type\":\"EntryPoint\",\"urlTemplate\":\"https:\\\/\\\/spicyflowers.fr\\\/?s={search_term_string}\"},\"query-input\":{\"@type\":\"PropertyValueSpecification\",\"valueRequired\":true,\"valueName\":\"search_term_string\"}}],\"inLanguage\":\"fr-FR\"},{\"@type\":\"Organization\",\"@id\":\"https:\\\/\\\/spicyflowers.fr\\\/#organization\",\"name\":\"SPICYFLOWERS\",\"url\":\"https:\\\/\\\/spicyflowers.fr\\\/\",\"logo\":{\"@type\":\"ImageObject\",\"inLanguage\":\"fr-FR\",\"@id\":\"https:\\\/\\\/spicyflowers.fr\\\/#\\\/schema\\\/logo\\\/image\\\/\",\"url\":\"https:\\\/\\\/spicyflowers.fr\\\/wp-content\\\/uploads\\\/2025\\\/02\\\/cropped-spicy-flowers.png\",\"contentUrl\":\"https:\\\/\\\/spicyflowers.fr\\\/wp-content\\\/uploads\\\/2025\\\/02\\\/cropped-spicy-flowers.png\",\"width\":1792,\"height\":1792,\"caption\":\"SPICYFLOWERS\"},\"image\":{\"@id\":\"https:\\\/\\\/spicyflowers.fr\\\/#\\\/schema\\\/logo\\\/image\\\/\"}}]}<\/script>\n<!-- \/ Yoast SEO plugin. -->","yoast_head_json":{"title":"E-liquide - Booster - 2 000 mg -","description":"Boostez vos e-liquides et cr\u00e9ez vos propres m\u00e9langes !Le principe d\u2019un booster CBD est d\u2019ajouter du CBD \u00e0 votre e-liquide favori. Nos boosters ont un go\u00fbt neutre et sont faits \u00e0 partir d\u2019isolat de CBD dilu\u00e9 dans une base 100% PG.Ces boosters sont compatibles avec tous les e-liquides. Nous recommandons toutefois de les m\u00e9langer \u00e0 une base PG\/GV d\u2019au moins 70\/30 pour maximiser sa dilution. Les boosters ne sont pas faits pour \u00eatre consomm\u00e9s purs et doivent \u00eatre dilu\u00e9s, de pr\u00e9f\u00e9rence dans des e-liquides sans nicotine.","robots":{"index":"index","follow":"follow","max-snippet":"max-snippet:-1","max-image-preview":"max-image-preview:large","max-video-preview":"max-video-preview:-1"},"canonical":"https:\/\/spicyflowers.fr\/?product=e-liquide-booster","og_locale":"fr_FR","og_type":"article","og_title":"E-liquide - Booster - 2 000 mg -","og_description":"Boostez vos e-liquides et cr\u00e9ez vos propres m\u00e9langes !Le principe d\u2019un booster CBD est d\u2019ajouter du CBD \u00e0 votre e-liquide favori. Nos boosters ont un go\u00fbt neutre et sont faits \u00e0 partir d\u2019isolat de CBD dilu\u00e9 dans une base 100% PG.Ces boosters sont compatibles avec tous les e-liquides. Nous recommandons toutefois de les m\u00e9langer \u00e0 une base PG\/GV d\u2019au moins 70\/30 pour maximiser sa dilution. Les boosters ne sont pas faits pour \u00eatre consomm\u00e9s purs et doivent \u00eatre dilu\u00e9s, de pr\u00e9f\u00e9rence dans des e-liquides sans nicotine.","og_url":"https:\/\/spicyflowers.fr\/?product=e-liquide-booster","article_modified_time":"2023-02-15T13:32:55+00:00","og_image":[{"width":686,"height":1024,"url":"https:\/\/spicyflowers.fr\/wp-content\/uploads\/2023\/01\/Capture-decran-2023-01-21-a-13.51.24-686x1024.png","type":"image\/png"}],"twitter_card":"summary_large_image","twitter_misc":{"Dur\u00e9e de lecture estim\u00e9e":"2 minutes"},"schema":{"@context":"https:\/\/schema.org","@graph":[{"@type":"WebPage","@id":"https:\/\/spicyflowers.fr\/?product=e-liquide-booster","url":"https:\/\/spicyflowers.fr\/?product=e-liquide-booster","name":"E-liquide - Booster - 2 000 mg -","isPartOf":{"@id":"https:\/\/spicyflowers.fr\/#website"},"primaryImageOfPage":{"@id":"https:\/\/spicyflowers.fr\/?product=e-liquide-booster#primaryimage"},"image":{"@id":"https:\/\/spicyflowers.fr\/?product=e-liquide-booster#primaryimage"},"thumbnailUrl":"https:\/\/spicyflowers.fr\/wp-content\/uploads\/2023\/01\/Capture-decran-2023-01-21-a-13.51.24.png","datePublished":"2023-01-21T12:52:32+00:00","dateModified":"2023-02-15T13:32:55+00:00","description":"Boostez vos e-liquides et cr\u00e9ez vos propres m\u00e9langes !Le principe d\u2019un booster CBD est d\u2019ajouter du CBD \u00e0 votre e-liquide favori. Nos boosters ont un go\u00fbt neutre et sont faits \u00e0 partir d\u2019isolat de CBD dilu\u00e9 dans une base 100% PG.Ces boosters sont compatibles avec tous les e-liquides. Nous recommandons toutefois de les m\u00e9langer \u00e0 une base PG\/GV d\u2019au moins 70\/30 pour maximiser sa dilution. Les boosters ne sont pas faits pour \u00eatre consomm\u00e9s purs et doivent \u00eatre dilu\u00e9s, de pr\u00e9f\u00e9rence dans des e-liquides sans nicotine.","breadcrumb":{"@id":"https:\/\/spicyflowers.fr\/?product=e-liquide-booster#breadcrumb"},"inLanguage":"fr-FR","potentialAction":[{"@type":"ReadAction","target":["https:\/\/spicyflowers.fr\/?product=e-liquide-booster"]}]},{"@type":"ImageObject","inLanguage":"fr-FR","@id":"https:\/\/spicyflowers.fr\/?product=e-liquide-booster#primaryimage","url":"https:\/\/spicyflowers.fr\/wp-content\/uploads\/2023\/01\/Capture-decran-2023-01-21-a-13.51.24.png","contentUrl":"https:\/\/spicyflowers.fr\/wp-content\/uploads\/2023\/01\/Capture-decran-2023-01-21-a-13.51.24.png","width":1084,"height":1618,"caption":"E-LIQUIDE BOOSTER 2000MG,"},{"@type":"BreadcrumbList","@id":"https:\/\/spicyflowers.fr\/?product=e-liquide-booster#breadcrumb","itemListElement":[{"@type":"ListItem","position":1,"name":"Accueil","item":"https:\/\/spicyflowers.fr\/"},{"@type":"ListItem","position":2,"name":"La boutique Spicy Flowers","item":"https:\/\/spicyflowers.fr\/?page_id=5"},{"@type":"ListItem","position":3,"name":"E-liquide &#8211; Booster &#8211; 2 000 mg"}]},{"@type":"WebSite","@id":"https:\/\/spicyflowers.fr\/#website","url":"https:\/\/spicyflowers.fr\/","name":"SPICYFLOWERS","description":"","publisher":{"@id":"https:\/\/spicyflowers.fr\/#organization"},"potentialAction":[{"@type":"SearchAction","target":{"@type":"EntryPoint","urlTemplate":"https:\/\/spicyflowers.fr\/?s={search_term_string}"},"query-input":{"@type":"PropertyValueSpecification","valueRequired":true,"valueName":"search_term_string"}}],"inLanguage":"fr-FR"},{"@type":"Organization","@id":"https:\/\/spicyflowers.fr\/#organization","name":"SPICYFLOWERS","url":"https:\/\/spicyflowers.fr\/","logo":{"@type":"ImageObject","inLanguage":"fr-FR","@id":"https:\/\/spicyflowers.fr\/#\/schema\/logo\/image\/","url":"https:\/\/spicyflowers.fr\/wp-content\/uploads\/2025\/02\/cropped-spicy-flowers.png","contentUrl":"https:\/\/spicyflowers.fr\/wp-content\/uploads\/2025\/02\/cropped-spicy-flowers.png","width":1792,"height":1792,"caption":"SPICYFLOWERS"},"image":{"@id":"https:\/\/spicyflowers.fr\/#\/schema\/logo\/image\/"}}]}},"_links":{"self":[{"href":"https:\/\/spicyflowers.fr\/index.php?rest_route=\/wp\/v2\/product\/324","targetHints":{"allow":["GET"]}}],"collection":[{"href":"https:\/\/spicyflowers.fr\/index.php?rest_route=\/wp\/v2\/product"}],"about":[{"href":"https:\/\/spicyflowers.fr\/index.php?rest_route=\/wp\/v2\/types\/product"}],"replies":[{"embeddable":true,"href":"https:\/\/spicyflowers.fr\/index.php?rest_route=%2Fwp%2Fv2%2Fcomments&post=324"}],"version-history":[{"count":1,"href":"https:\/\/spicyflowers.fr\/index.php?rest_route=\/wp\/v2\/product\/324\/revisions"}],"predecessor-version":[{"id":1330,"href":"https:\/\/spicyflowers.fr\/index.php?rest_route=\/wp\/v2\/product\/324\/revisions\/1330"}],"wp:featuredmedia":[{"embeddable":true,"href":"https:\/\/spicyflowers.fr\/index.php?rest_route=\/wp\/v2\/media\/325"}],"wp:attachment":[{"href":"https:\/\/spicyflowers.fr\/index.php?rest_route=%2Fwp%2Fv2%2Fmedia&parent=324"}],"wp:term":[{"taxonomy":"product_brand","embeddable":true,"href":"https:\/\/spicyflowers.fr\/index.php?rest_route=%2Fwp%2Fv2%2Fproduct_brand&post=324"},{"taxonomy":"product_cat","embeddable":true,"href":"https:\/\/spicyflowers.fr\/index.php?rest_route=%2Fwp%2Fv2%2Fproduct_cat&post=324"},{"taxonomy":"product_tag","embeddable":true,"href":"https:\/\/spicyflowers.fr\/index.php?rest_route=%2Fwp%2Fv2%2Fproduct_tag&post=324"}],"curies":[{"name":"wp","href":"https:\/\/api.w.org\/{rel}","templated":true}]}}