{"id":247,"date":"2023-01-21T11:51:26","date_gmt":"2023-01-21T11:51:26","guid":{"rendered":"https:\/\/spicyflowers.fr\/?post_type=product&#038;p=247"},"modified":"2023-02-15T13:30:35","modified_gmt":"2023-02-15T13:30:35","slug":"resines-de-cbd-top-moon-890-cbd-hash","status":"publish","type":"product","link":"https:\/\/spicyflowers.fr\/?product=resines-de-cbd-top-moon-890-cbd-hash","title":{"rendered":"R\u00e9sines de CBD &#8211; Top Moon 8,90 % CBD Hash"},"content":{"rendered":"<p>R\u00e9sine Top Moon 8,90 %CBD : Un aspect et une odeur m\u00e9langeant le marocain et le pollen. Elle pr\u00e9sente des ar\u00f4mes doux de chanvre doux avec une petite touche terreuse.<\/p>\n<p><strong>Mode de consommation<\/strong><\/p>\n<p>Nos encens doivent \u00eatre consomm\u00e9es de la fa\u00e7on suivante :<\/p>\n<p>Le mode de combustion le plus habituel et le plus traditionnel consiste donc \u00e0 d\u00e9poser ces r\u00e9sines sur un charbon ardent ou, \u00e9ventuellement, sur une pierre chauff\u00e9e jusqu&rsquo;\u00e0 incandescence. Avec un diffuseur d&rsquo;encens.<\/p>\n<p><strong>Important<\/strong><\/p>\n<ul>\n<li>Vente interdite aux mineurs.<\/li>\n<li>Nos produits ne doivent pas \u00eatre fum\u00e9.<\/li>\n<li>Ne pas conduire apr\u00e8s utilisation.<\/li>\n<li>A consomm\u00e9 avec mod\u00e9ration.<\/li>\n<li>Interdit d\u2019\u00eatre sur la voie publique avec un sachet non scell\u00e9, ouverture du sachet uniquement \u00e0 votre domicile.<\/li>\n<li>Ne convient pas aux femmes enceintes.<\/li>\n<li>Ne pas laissez ce produit \u00e0 la port\u00e9e des enfants.<\/li>\n<li>Vente interdite aux mineurs.<\/li>\n<li>Conservez-le dans un endroit de pr\u00e9f\u00e9rence frais et sec.<\/li>\n<\/ul>\n<p><strong>SPICY FLOWERS ne pourra \u00eatre tenu pour responsable d&rsquo;une utilisation autre que celle d\u00e9crite ci-dessus.<\/strong><\/p>\n","protected":false},"excerpt":{"rendered":"<p>R\u00e9sine Top Moon 8,90 %CBD : Un aspect et une odeur m\u00e9langeant le marocain et le pollen.<\/p>\n","protected":false},"featured_media":254,"comment_status":"open","ping_status":"closed","template":"","meta":{"site-sidebar-layout":"default","site-content-layout":"","ast-site-content-layout":"default","site-content-style":"default","site-sidebar-style":"default","ast-global-header-display":"","ast-banner-title-visibility":"","ast-main-header-display":"","ast-hfb-above-header-display":"","ast-hfb-below-header-display":"","ast-hfb-mobile-header-display":"","site-post-title":"","ast-breadcrumbs-content":"","ast-featured-img":"","footer-sml-layout":"","ast-disable-related-posts":"","theme-transparent-header-meta":"","adv-header-id-meta":"","stick-header-meta":"","header-above-stick-meta":"","header-main-stick-meta":"","header-below-stick-meta":"","astra-migrate-meta-layouts":"default","ast-page-background-enabled":"default","ast-page-background-meta":{"desktop":{"background-color":"var(--ast-global-color-4)","background-image":"","background-repeat":"repeat","background-position":"center center","background-size":"auto","background-attachment":"scroll","background-type":"","background-media":"","overlay-type":"","overlay-color":"","overlay-opacity":"","overlay-gradient":""},"tablet":{"background-color":"","background-image":"","background-repeat":"repeat","background-position":"center center","background-size":"auto","background-attachment":"scroll","background-type":"","background-media":"","overlay-type":"","overlay-color":"","overlay-opacity":"","overlay-gradient":""},"mobile":{"background-color":"","background-image":"","background-repeat":"repeat","background-position":"center center","background-size":"auto","background-attachment":"scroll","background-type":"","background-media":"","overlay-type":"","overlay-color":"","overlay-opacity":"","overlay-gradient":""}},"ast-content-background-meta":{"desktop":{"background-color":"var(--ast-global-color-5)","background-image":"","background-repeat":"repeat","background-position":"center center","background-size":"auto","background-attachment":"scroll","background-type":"","background-media":"","overlay-type":"","overlay-color":"","overlay-opacity":"","overlay-gradient":""},"tablet":{"background-color":"var(--ast-global-color-5)","background-image":"","background-repeat":"repeat","background-position":"center center","background-size":"auto","background-attachment":"scroll","background-type":"","background-media":"","overlay-type":"","overlay-color":"","overlay-opacity":"","overlay-gradient":""},"mobile":{"background-color":"var(--ast-global-color-5)","background-image":"","background-repeat":"repeat","background-position":"center center","background-size":"auto","background-attachment":"scroll","background-type":"","background-media":"","overlay-type":"","overlay-color":"","overlay-opacity":"","overlay-gradient":""}}},"product_brand":[],"product_cat":[35],"product_tag":[],"class_list":{"0":"post-247","1":"product","2":"type-product","3":"status-publish","4":"has-post-thumbnail","6":"product_cat-resine-de-cbd","7":"desktop-align-left","8":"tablet-align-left","9":"mobile-align-left","11":"first","12":"instock","13":"taxable","14":"shipping-taxable","15":"purchasable","16":"product-type-variable"},"yoast_head":"<!-- This site is optimized with the Yoast SEO plugin v27.3 - https:\/\/yoast.com\/product\/yoast-seo-wordpress\/ -->\n<title>R\u00e9sines de CBD - Top Moon 8,90 % CBD Hash -<\/title>\n<meta name=\"description\" content=\"R\u00e9sine Top Moon 8,90 D : Un aspect et une odeur m\u00e9langeant le marocain et le pollen.\" \/>\n<meta name=\"robots\" content=\"index, follow, max-snippet:-1, max-image-preview:large, max-video-preview:-1\" \/>\n<link rel=\"canonical\" href=\"https:\/\/spicyflowers.fr\/?product=resines-de-cbd-top-moon-890-cbd-hash\" \/>\n<meta property=\"og:locale\" content=\"fr_FR\" \/>\n<meta property=\"og:type\" content=\"article\" \/>\n<meta property=\"og:title\" content=\"R\u00e9sines de CBD - Top Moon 8,90 % CBD Hash -\" \/>\n<meta property=\"og:description\" content=\"R\u00e9sine Top Moon 8,90 D : Un aspect et une odeur m\u00e9langeant le marocain et le pollen.\" \/>\n<meta property=\"og:url\" content=\"https:\/\/spicyflowers.fr\/?product=resines-de-cbd-top-moon-890-cbd-hash\" \/>\n<meta property=\"article:modified_time\" content=\"2023-02-15T13:30:35+00:00\" \/>\n<meta property=\"og:image\" content=\"https:\/\/spicyflowers.fr\/wp-content\/uploads\/2023\/01\/Capture-decran-2023-01-21-a-12.49.50-1024x818.png\" \/>\n\t<meta property=\"og:image:width\" content=\"1024\" \/>\n\t<meta property=\"og:image:height\" content=\"818\" \/>\n\t<meta property=\"og:image:type\" content=\"image\/png\" \/>\n<meta name=\"twitter:card\" content=\"summary_large_image\" \/>\n<meta name=\"twitter:label1\" content=\"Dur\u00e9e de lecture estim\u00e9e\" \/>\n\t<meta name=\"twitter:data1\" content=\"1 minute\" \/>\n<script type=\"application\/ld+json\" class=\"yoast-schema-graph\">{\"@context\":\"https:\\\/\\\/schema.org\",\"@graph\":[{\"@type\":\"WebPage\",\"@id\":\"https:\\\/\\\/spicyflowers.fr\\\/?product=resines-de-cbd-top-moon-890-cbd-hash\",\"url\":\"https:\\\/\\\/spicyflowers.fr\\\/?product=resines-de-cbd-top-moon-890-cbd-hash\",\"name\":\"R\u00e9sines de CBD - Top Moon 8,90 % CBD Hash -\",\"isPartOf\":{\"@id\":\"https:\\\/\\\/spicyflowers.fr\\\/#website\"},\"primaryImageOfPage\":{\"@id\":\"https:\\\/\\\/spicyflowers.fr\\\/?product=resines-de-cbd-top-moon-890-cbd-hash#primaryimage\"},\"image\":{\"@id\":\"https:\\\/\\\/spicyflowers.fr\\\/?product=resines-de-cbd-top-moon-890-cbd-hash#primaryimage\"},\"thumbnailUrl\":\"https:\\\/\\\/spicyflowers.fr\\\/wp-content\\\/uploads\\\/2023\\\/01\\\/Capture-decran-2023-01-21-a-12.49.50.png\",\"datePublished\":\"2023-01-21T11:51:26+00:00\",\"dateModified\":\"2023-02-15T13:30:35+00:00\",\"description\":\"R\u00e9sine Top Moon 8,90 D : Un aspect et une odeur m\u00e9langeant le marocain et le pollen.\",\"breadcrumb\":{\"@id\":\"https:\\\/\\\/spicyflowers.fr\\\/?product=resines-de-cbd-top-moon-890-cbd-hash#breadcrumb\"},\"inLanguage\":\"fr-FR\",\"potentialAction\":[{\"@type\":\"ReadAction\",\"target\":[\"https:\\\/\\\/spicyflowers.fr\\\/?product=resines-de-cbd-top-moon-890-cbd-hash\"]}]},{\"@type\":\"ImageObject\",\"inLanguage\":\"fr-FR\",\"@id\":\"https:\\\/\\\/spicyflowers.fr\\\/?product=resines-de-cbd-top-moon-890-cbd-hash#primaryimage\",\"url\":\"https:\\\/\\\/spicyflowers.fr\\\/wp-content\\\/uploads\\\/2023\\\/01\\\/Capture-decran-2023-01-21-a-12.49.50.png\",\"contentUrl\":\"https:\\\/\\\/spicyflowers.fr\\\/wp-content\\\/uploads\\\/2023\\\/01\\\/Capture-decran-2023-01-21-a-12.49.50.png\",\"width\":2034,\"height\":1624,\"caption\":\"R\u00e9sines de CBD - Top Moon 8,90 % CBD Hash\"},{\"@type\":\"BreadcrumbList\",\"@id\":\"https:\\\/\\\/spicyflowers.fr\\\/?product=resines-de-cbd-top-moon-890-cbd-hash#breadcrumb\",\"itemListElement\":[{\"@type\":\"ListItem\",\"position\":1,\"name\":\"Accueil\",\"item\":\"https:\\\/\\\/spicyflowers.fr\\\/\"},{\"@type\":\"ListItem\",\"position\":2,\"name\":\"La boutique Spicy Flowers\",\"item\":\"https:\\\/\\\/spicyflowers.fr\\\/?page_id=5\"},{\"@type\":\"ListItem\",\"position\":3,\"name\":\"R\u00e9sines de CBD &#8211; Top Moon 8,90 % CBD Hash\"}]},{\"@type\":\"WebSite\",\"@id\":\"https:\\\/\\\/spicyflowers.fr\\\/#website\",\"url\":\"https:\\\/\\\/spicyflowers.fr\\\/\",\"name\":\"SPICYFLOWERS\",\"description\":\"\",\"publisher\":{\"@id\":\"https:\\\/\\\/spicyflowers.fr\\\/#organization\"},\"potentialAction\":[{\"@type\":\"SearchAction\",\"target\":{\"@type\":\"EntryPoint\",\"urlTemplate\":\"https:\\\/\\\/spicyflowers.fr\\\/?s={search_term_string}\"},\"query-input\":{\"@type\":\"PropertyValueSpecification\",\"valueRequired\":true,\"valueName\":\"search_term_string\"}}],\"inLanguage\":\"fr-FR\"},{\"@type\":\"Organization\",\"@id\":\"https:\\\/\\\/spicyflowers.fr\\\/#organization\",\"name\":\"SPICYFLOWERS\",\"url\":\"https:\\\/\\\/spicyflowers.fr\\\/\",\"logo\":{\"@type\":\"ImageObject\",\"inLanguage\":\"fr-FR\",\"@id\":\"https:\\\/\\\/spicyflowers.fr\\\/#\\\/schema\\\/logo\\\/image\\\/\",\"url\":\"https:\\\/\\\/spicyflowers.fr\\\/wp-content\\\/uploads\\\/2025\\\/02\\\/cropped-spicy-flowers.png\",\"contentUrl\":\"https:\\\/\\\/spicyflowers.fr\\\/wp-content\\\/uploads\\\/2025\\\/02\\\/cropped-spicy-flowers.png\",\"width\":1792,\"height\":1792,\"caption\":\"SPICYFLOWERS\"},\"image\":{\"@id\":\"https:\\\/\\\/spicyflowers.fr\\\/#\\\/schema\\\/logo\\\/image\\\/\"}}]}<\/script>\n<!-- \/ Yoast SEO plugin. -->","yoast_head_json":{"title":"R\u00e9sines de CBD - Top Moon 8,90 % CBD Hash -","description":"R\u00e9sine Top Moon 8,90 D : Un aspect et une odeur m\u00e9langeant le marocain et le pollen.","robots":{"index":"index","follow":"follow","max-snippet":"max-snippet:-1","max-image-preview":"max-image-preview:large","max-video-preview":"max-video-preview:-1"},"canonical":"https:\/\/spicyflowers.fr\/?product=resines-de-cbd-top-moon-890-cbd-hash","og_locale":"fr_FR","og_type":"article","og_title":"R\u00e9sines de CBD - Top Moon 8,90 % CBD Hash -","og_description":"R\u00e9sine Top Moon 8,90 D : Un aspect et une odeur m\u00e9langeant le marocain et le pollen.","og_url":"https:\/\/spicyflowers.fr\/?product=resines-de-cbd-top-moon-890-cbd-hash","article_modified_time":"2023-02-15T13:30:35+00:00","og_image":[{"width":1024,"height":818,"url":"https:\/\/spicyflowers.fr\/wp-content\/uploads\/2023\/01\/Capture-decran-2023-01-21-a-12.49.50-1024x818.png","type":"image\/png"}],"twitter_card":"summary_large_image","twitter_misc":{"Dur\u00e9e de lecture estim\u00e9e":"1 minute"},"schema":{"@context":"https:\/\/schema.org","@graph":[{"@type":"WebPage","@id":"https:\/\/spicyflowers.fr\/?product=resines-de-cbd-top-moon-890-cbd-hash","url":"https:\/\/spicyflowers.fr\/?product=resines-de-cbd-top-moon-890-cbd-hash","name":"R\u00e9sines de CBD - Top Moon 8,90 % CBD Hash -","isPartOf":{"@id":"https:\/\/spicyflowers.fr\/#website"},"primaryImageOfPage":{"@id":"https:\/\/spicyflowers.fr\/?product=resines-de-cbd-top-moon-890-cbd-hash#primaryimage"},"image":{"@id":"https:\/\/spicyflowers.fr\/?product=resines-de-cbd-top-moon-890-cbd-hash#primaryimage"},"thumbnailUrl":"https:\/\/spicyflowers.fr\/wp-content\/uploads\/2023\/01\/Capture-decran-2023-01-21-a-12.49.50.png","datePublished":"2023-01-21T11:51:26+00:00","dateModified":"2023-02-15T13:30:35+00:00","description":"R\u00e9sine Top Moon 8,90 D : Un aspect et une odeur m\u00e9langeant le marocain et le pollen.","breadcrumb":{"@id":"https:\/\/spicyflowers.fr\/?product=resines-de-cbd-top-moon-890-cbd-hash#breadcrumb"},"inLanguage":"fr-FR","potentialAction":[{"@type":"ReadAction","target":["https:\/\/spicyflowers.fr\/?product=resines-de-cbd-top-moon-890-cbd-hash"]}]},{"@type":"ImageObject","inLanguage":"fr-FR","@id":"https:\/\/spicyflowers.fr\/?product=resines-de-cbd-top-moon-890-cbd-hash#primaryimage","url":"https:\/\/spicyflowers.fr\/wp-content\/uploads\/2023\/01\/Capture-decran-2023-01-21-a-12.49.50.png","contentUrl":"https:\/\/spicyflowers.fr\/wp-content\/uploads\/2023\/01\/Capture-decran-2023-01-21-a-12.49.50.png","width":2034,"height":1624,"caption":"R\u00e9sines de CBD - Top Moon 8,90 % CBD Hash"},{"@type":"BreadcrumbList","@id":"https:\/\/spicyflowers.fr\/?product=resines-de-cbd-top-moon-890-cbd-hash#breadcrumb","itemListElement":[{"@type":"ListItem","position":1,"name":"Accueil","item":"https:\/\/spicyflowers.fr\/"},{"@type":"ListItem","position":2,"name":"La boutique Spicy Flowers","item":"https:\/\/spicyflowers.fr\/?page_id=5"},{"@type":"ListItem","position":3,"name":"R\u00e9sines de CBD &#8211; Top Moon 8,90 % CBD Hash"}]},{"@type":"WebSite","@id":"https:\/\/spicyflowers.fr\/#website","url":"https:\/\/spicyflowers.fr\/","name":"SPICYFLOWERS","description":"","publisher":{"@id":"https:\/\/spicyflowers.fr\/#organization"},"potentialAction":[{"@type":"SearchAction","target":{"@type":"EntryPoint","urlTemplate":"https:\/\/spicyflowers.fr\/?s={search_term_string}"},"query-input":{"@type":"PropertyValueSpecification","valueRequired":true,"valueName":"search_term_string"}}],"inLanguage":"fr-FR"},{"@type":"Organization","@id":"https:\/\/spicyflowers.fr\/#organization","name":"SPICYFLOWERS","url":"https:\/\/spicyflowers.fr\/","logo":{"@type":"ImageObject","inLanguage":"fr-FR","@id":"https:\/\/spicyflowers.fr\/#\/schema\/logo\/image\/","url":"https:\/\/spicyflowers.fr\/wp-content\/uploads\/2025\/02\/cropped-spicy-flowers.png","contentUrl":"https:\/\/spicyflowers.fr\/wp-content\/uploads\/2025\/02\/cropped-spicy-flowers.png","width":1792,"height":1792,"caption":"SPICYFLOWERS"},"image":{"@id":"https:\/\/spicyflowers.fr\/#\/schema\/logo\/image\/"}}]}},"_links":{"self":[{"href":"https:\/\/spicyflowers.fr\/index.php?rest_route=\/wp\/v2\/product\/247","targetHints":{"allow":["GET"]}}],"collection":[{"href":"https:\/\/spicyflowers.fr\/index.php?rest_route=\/wp\/v2\/product"}],"about":[{"href":"https:\/\/spicyflowers.fr\/index.php?rest_route=\/wp\/v2\/types\/product"}],"replies":[{"embeddable":true,"href":"https:\/\/spicyflowers.fr\/index.php?rest_route=%2Fwp%2Fv2%2Fcomments&post=247"}],"version-history":[{"count":1,"href":"https:\/\/spicyflowers.fr\/index.php?rest_route=\/wp\/v2\/product\/247\/revisions"}],"predecessor-version":[{"id":1414,"href":"https:\/\/spicyflowers.fr\/index.php?rest_route=\/wp\/v2\/product\/247\/revisions\/1414"}],"wp:featuredmedia":[{"embeddable":true,"href":"https:\/\/spicyflowers.fr\/index.php?rest_route=\/wp\/v2\/media\/254"}],"wp:attachment":[{"href":"https:\/\/spicyflowers.fr\/index.php?rest_route=%2Fwp%2Fv2%2Fmedia&parent=247"}],"wp:term":[{"taxonomy":"product_brand","embeddable":true,"href":"https:\/\/spicyflowers.fr\/index.php?rest_route=%2Fwp%2Fv2%2Fproduct_brand&post=247"},{"taxonomy":"product_cat","embeddable":true,"href":"https:\/\/spicyflowers.fr\/index.php?rest_route=%2Fwp%2Fv2%2Fproduct_cat&post=247"},{"taxonomy":"product_tag","embeddable":true,"href":"https:\/\/spicyflowers.fr\/index.php?rest_route=%2Fwp%2Fv2%2Fproduct_tag&post=247"}],"curies":[{"name":"wp","href":"https:\/\/api.w.org\/{rel}","templated":true}]}}