{"id":152,"date":"2023-01-19T13:58:07","date_gmt":"2023-01-19T13:58:07","guid":{"rendered":"https:\/\/spicyflowers.fr\/?post_type=product&#038;p=152"},"modified":"2023-02-15T13:28:17","modified_gmt":"2023-02-15T13:28:17","slug":"fleurs-de-cbd-mix-fleurs-melange-serre","status":"publish","type":"product","link":"https:\/\/spicyflowers.fr\/?product=fleurs-de-cbd-mix-fleurs-melange-serre","title":{"rendered":"Fleurs de CBD &#8211; Mix Fleurs M\u00e9lange Serre &#8211; \u00c0 partir de 5 gr"},"content":{"rendered":"<p>Mix fleurs M\u00e9langes de plus de 30 vari\u00e9t\u00e9s 10% Outdoor, 80% Greenhouse et 10% Indoor :<br \/>\nM\u00e9lange de plus de 30 vari\u00e9t\u00e9s 10% Outdoor, 80% Greenhouse et 10% Indoor. A chaque fois c\u2019est une surprise, et une nouvelle exp\u00e9rience.<\/p>\n<p><strong><u>Mode de consommation<\/u><\/strong><\/p>\n<p>Le CBD n&rsquo;est pas un m\u00e9dicament et n&rsquo;a pas vocation \u00e0 soigner, gu\u00e9rir ou apporter une aide dans le traitement de quelconque maladie. Veuillez contacter votre m\u00e9decin avant de commencer un nouveau programme di\u00e9t\u00e9tique.<\/p>\n<p>Ce produit est destin\u00e9 \u00e0 \u00eatre infus\u00e9 uniquement<br \/>\nToutes nos infusions sont analys\u00e9es et certifi\u00e9es &lt; 0.3% de THC, en accord avec la l\u00e9gislation Europ\u00e9enne;<\/p>\n<p><strong><u>Important<\/u><\/strong><\/p>\n<ul>\n<li>Vente interdite aux mineurs.<\/li>\n<li>Nos produits ne doivent pas \u00eatre fum\u00e9.<\/li>\n<li>Ne pas conduire apr\u00e8s utilisation.<\/li>\n<li>A consomm\u00e9 avec mod\u00e9ration.<\/li>\n<li>Interdit d\u2019\u00eatre sur la voie publique avec un sachet non scell\u00e9, ouverture du sachet uniquement \u00e0 votre domicile.<\/li>\n<li>Ne convient pas aux femmes enceintes.<\/li>\n<li>Ne pas laissez ce produit \u00e0 la port\u00e9e des enfants.<\/li>\n<li>Vente interdite aux mineurs.<\/li>\n<li>Conservez-le dans un endroit de pr\u00e9f\u00e9rence frais et sec.<\/li>\n<\/ul>\n<p><strong><u>SPICY FLOWERS ne pourra \u00eatre tenu pour responsable d&rsquo;une utilisation autre que celle d\u00e9crite ci-dessus.<\/u><\/strong><\/p>\n","protected":false},"excerpt":{"rendered":"<p>Mix fleurs M\u00e9langes de plus de 30 vari\u00e9t\u00e9s 10% Outdoor, 80% Greenhouse et 10% Indoor<\/p>\n","protected":false},"featured_media":158,"comment_status":"open","ping_status":"closed","template":"","meta":{"site-sidebar-layout":"default","site-content-layout":"default","ast-site-content-layout":"default","site-content-style":"default","site-sidebar-style":"default","ast-global-header-display":"","ast-banner-title-visibility":"","ast-main-header-display":"","ast-hfb-above-header-display":"","ast-hfb-below-header-display":"","ast-hfb-mobile-header-display":"","site-post-title":"","ast-breadcrumbs-content":"","ast-featured-img":"","footer-sml-layout":"","ast-disable-related-posts":"","theme-transparent-header-meta":"default","adv-header-id-meta":"","stick-header-meta":"","header-above-stick-meta":"","header-main-stick-meta":"","header-below-stick-meta":"","astra-migrate-meta-layouts":"default","ast-page-background-enabled":"default","ast-page-background-meta":{"desktop":{"background-color":"var(--ast-global-color-4)","background-image":"","background-repeat":"repeat","background-position":"center center","background-size":"auto","background-attachment":"scroll","background-type":"","background-media":"","overlay-type":"","overlay-color":"","overlay-opacity":"","overlay-gradient":""},"tablet":{"background-color":"","background-image":"","background-repeat":"repeat","background-position":"center center","background-size":"auto","background-attachment":"scroll","background-type":"","background-media":"","overlay-type":"","overlay-color":"","overlay-opacity":"","overlay-gradient":""},"mobile":{"background-color":"","background-image":"","background-repeat":"repeat","background-position":"center center","background-size":"auto","background-attachment":"scroll","background-type":"","background-media":"","overlay-type":"","overlay-color":"","overlay-opacity":"","overlay-gradient":""}},"ast-content-background-meta":{"desktop":{"background-color":"var(--ast-global-color-5)","background-image":"","background-repeat":"repeat","background-position":"center center","background-size":"auto","background-attachment":"scroll","background-type":"","background-media":"","overlay-type":"","overlay-color":"","overlay-opacity":"","overlay-gradient":""},"tablet":{"background-color":"var(--ast-global-color-5)","background-image":"","background-repeat":"repeat","background-position":"center center","background-size":"auto","background-attachment":"scroll","background-type":"","background-media":"","overlay-type":"","overlay-color":"","overlay-opacity":"","overlay-gradient":""},"mobile":{"background-color":"var(--ast-global-color-5)","background-image":"","background-repeat":"repeat","background-position":"center center","background-size":"auto","background-attachment":"scroll","background-type":"","background-media":"","overlay-type":"","overlay-color":"","overlay-opacity":"","overlay-gradient":""}}},"product_brand":[],"product_cat":[30,31],"product_tag":[],"class_list":{"0":"post-152","1":"product","2":"type-product","3":"status-publish","4":"has-post-thumbnail","6":"product_cat-fleurs-de-cbd","7":"product_cat-outdoor","8":"desktop-align-left","9":"tablet-align-left","10":"mobile-align-left","12":"first","13":"instock","14":"taxable","15":"shipping-taxable","16":"purchasable","17":"product-type-variable"},"yoast_head":"<!-- This site is optimized with the Yoast SEO plugin v27.3 - https:\/\/yoast.com\/product\/yoast-seo-wordpress\/ -->\n<title>Fleurs de CBD - Mix Fleurs M\u00e9lange Serre - \u00c0 partir de 5 gr -<\/title>\n<meta name=\"description\" content=\"Mix fleurs M\u00e9langes de plus de 30 vari\u00e9t\u00e9s 10% Outdoor, 80% Greenhouse et 10% Indoor\" \/>\n<meta name=\"robots\" content=\"index, follow, max-snippet:-1, max-image-preview:large, max-video-preview:-1\" \/>\n<link rel=\"canonical\" href=\"https:\/\/spicyflowers.fr\/?product=fleurs-de-cbd-mix-fleurs-melange-serre\" \/>\n<meta property=\"og:locale\" content=\"fr_FR\" \/>\n<meta property=\"og:type\" content=\"article\" \/>\n<meta property=\"og:title\" content=\"Fleurs de CBD - Mix Fleurs M\u00e9lange Serre - \u00c0 partir de 5 gr -\" \/>\n<meta property=\"og:description\" content=\"Mix fleurs M\u00e9langes de plus de 30 vari\u00e9t\u00e9s 10% Outdoor, 80% Greenhouse et 10% Indoor\" \/>\n<meta property=\"og:url\" content=\"https:\/\/spicyflowers.fr\/?product=fleurs-de-cbd-mix-fleurs-melange-serre\" \/>\n<meta property=\"article:modified_time\" content=\"2023-02-15T13:28:17+00:00\" \/>\n<meta property=\"og:image\" content=\"https:\/\/spicyflowers.fr\/wp-content\/uploads\/2023\/01\/Capture-decran-2023-01-19-a-14.57.05-692x1024.png\" \/>\n\t<meta property=\"og:image:width\" content=\"692\" \/>\n\t<meta property=\"og:image:height\" content=\"1024\" \/>\n\t<meta property=\"og:image:type\" content=\"image\/png\" \/>\n<meta name=\"twitter:card\" content=\"summary_large_image\" \/>\n<meta name=\"twitter:label1\" content=\"Dur\u00e9e de lecture estim\u00e9e\" \/>\n\t<meta name=\"twitter:data1\" content=\"1 minute\" \/>\n<script type=\"application\/ld+json\" class=\"yoast-schema-graph\">{\"@context\":\"https:\\\/\\\/schema.org\",\"@graph\":[{\"@type\":\"WebPage\",\"@id\":\"https:\\\/\\\/spicyflowers.fr\\\/?product=fleurs-de-cbd-mix-fleurs-melange-serre\",\"url\":\"https:\\\/\\\/spicyflowers.fr\\\/?product=fleurs-de-cbd-mix-fleurs-melange-serre\",\"name\":\"Fleurs de CBD - Mix Fleurs M\u00e9lange Serre - \u00c0 partir de 5 gr -\",\"isPartOf\":{\"@id\":\"https:\\\/\\\/spicyflowers.fr\\\/#website\"},\"primaryImageOfPage\":{\"@id\":\"https:\\\/\\\/spicyflowers.fr\\\/?product=fleurs-de-cbd-mix-fleurs-melange-serre#primaryimage\"},\"image\":{\"@id\":\"https:\\\/\\\/spicyflowers.fr\\\/?product=fleurs-de-cbd-mix-fleurs-melange-serre#primaryimage\"},\"thumbnailUrl\":\"https:\\\/\\\/spicyflowers.fr\\\/wp-content\\\/uploads\\\/2023\\\/01\\\/Capture-decran-2023-01-19-a-14.57.05.png\",\"datePublished\":\"2023-01-19T13:58:07+00:00\",\"dateModified\":\"2023-02-15T13:28:17+00:00\",\"description\":\"Mix fleurs M\u00e9langes de plus de 30 vari\u00e9t\u00e9s 10% Outdoor, 80% Greenhouse et 10% Indoor\",\"breadcrumb\":{\"@id\":\"https:\\\/\\\/spicyflowers.fr\\\/?product=fleurs-de-cbd-mix-fleurs-melange-serre#breadcrumb\"},\"inLanguage\":\"fr-FR\",\"potentialAction\":[{\"@type\":\"ReadAction\",\"target\":[\"https:\\\/\\\/spicyflowers.fr\\\/?product=fleurs-de-cbd-mix-fleurs-melange-serre\"]}]},{\"@type\":\"ImageObject\",\"inLanguage\":\"fr-FR\",\"@id\":\"https:\\\/\\\/spicyflowers.fr\\\/?product=fleurs-de-cbd-mix-fleurs-melange-serre#primaryimage\",\"url\":\"https:\\\/\\\/spicyflowers.fr\\\/wp-content\\\/uploads\\\/2023\\\/01\\\/Capture-decran-2023-01-19-a-14.57.05.png\",\"contentUrl\":\"https:\\\/\\\/spicyflowers.fr\\\/wp-content\\\/uploads\\\/2023\\\/01\\\/Capture-decran-2023-01-19-a-14.57.05.png\",\"width\":1090,\"height\":1614,\"caption\":\"Fleurs de CBD - Mix Fleurs M\u00e9lange Serre\"},{\"@type\":\"BreadcrumbList\",\"@id\":\"https:\\\/\\\/spicyflowers.fr\\\/?product=fleurs-de-cbd-mix-fleurs-melange-serre#breadcrumb\",\"itemListElement\":[{\"@type\":\"ListItem\",\"position\":1,\"name\":\"Accueil\",\"item\":\"https:\\\/\\\/spicyflowers.fr\\\/\"},{\"@type\":\"ListItem\",\"position\":2,\"name\":\"La boutique Spicy Flowers\",\"item\":\"https:\\\/\\\/spicyflowers.fr\\\/?page_id=5\"},{\"@type\":\"ListItem\",\"position\":3,\"name\":\"Fleurs de CBD &#8211; Mix Fleurs M\u00e9lange Serre &#8211; \u00c0 partir de 5 gr\"}]},{\"@type\":\"WebSite\",\"@id\":\"https:\\\/\\\/spicyflowers.fr\\\/#website\",\"url\":\"https:\\\/\\\/spicyflowers.fr\\\/\",\"name\":\"SPICYFLOWERS\",\"description\":\"\",\"publisher\":{\"@id\":\"https:\\\/\\\/spicyflowers.fr\\\/#organization\"},\"potentialAction\":[{\"@type\":\"SearchAction\",\"target\":{\"@type\":\"EntryPoint\",\"urlTemplate\":\"https:\\\/\\\/spicyflowers.fr\\\/?s={search_term_string}\"},\"query-input\":{\"@type\":\"PropertyValueSpecification\",\"valueRequired\":true,\"valueName\":\"search_term_string\"}}],\"inLanguage\":\"fr-FR\"},{\"@type\":\"Organization\",\"@id\":\"https:\\\/\\\/spicyflowers.fr\\\/#organization\",\"name\":\"SPICYFLOWERS\",\"url\":\"https:\\\/\\\/spicyflowers.fr\\\/\",\"logo\":{\"@type\":\"ImageObject\",\"inLanguage\":\"fr-FR\",\"@id\":\"https:\\\/\\\/spicyflowers.fr\\\/#\\\/schema\\\/logo\\\/image\\\/\",\"url\":\"https:\\\/\\\/spicyflowers.fr\\\/wp-content\\\/uploads\\\/2025\\\/02\\\/cropped-spicy-flowers.png\",\"contentUrl\":\"https:\\\/\\\/spicyflowers.fr\\\/wp-content\\\/uploads\\\/2025\\\/02\\\/cropped-spicy-flowers.png\",\"width\":1792,\"height\":1792,\"caption\":\"SPICYFLOWERS\"},\"image\":{\"@id\":\"https:\\\/\\\/spicyflowers.fr\\\/#\\\/schema\\\/logo\\\/image\\\/\"}}]}<\/script>\n<!-- \/ Yoast SEO plugin. -->","yoast_head_json":{"title":"Fleurs de CBD - Mix Fleurs M\u00e9lange Serre - \u00c0 partir de 5 gr -","description":"Mix fleurs M\u00e9langes de plus de 30 vari\u00e9t\u00e9s 10% Outdoor, 80% Greenhouse et 10% Indoor","robots":{"index":"index","follow":"follow","max-snippet":"max-snippet:-1","max-image-preview":"max-image-preview:large","max-video-preview":"max-video-preview:-1"},"canonical":"https:\/\/spicyflowers.fr\/?product=fleurs-de-cbd-mix-fleurs-melange-serre","og_locale":"fr_FR","og_type":"article","og_title":"Fleurs de CBD - Mix Fleurs M\u00e9lange Serre - \u00c0 partir de 5 gr -","og_description":"Mix fleurs M\u00e9langes de plus de 30 vari\u00e9t\u00e9s 10% Outdoor, 80% Greenhouse et 10% Indoor","og_url":"https:\/\/spicyflowers.fr\/?product=fleurs-de-cbd-mix-fleurs-melange-serre","article_modified_time":"2023-02-15T13:28:17+00:00","og_image":[{"width":692,"height":1024,"url":"https:\/\/spicyflowers.fr\/wp-content\/uploads\/2023\/01\/Capture-decran-2023-01-19-a-14.57.05-692x1024.png","type":"image\/png"}],"twitter_card":"summary_large_image","twitter_misc":{"Dur\u00e9e de lecture estim\u00e9e":"1 minute"},"schema":{"@context":"https:\/\/schema.org","@graph":[{"@type":"WebPage","@id":"https:\/\/spicyflowers.fr\/?product=fleurs-de-cbd-mix-fleurs-melange-serre","url":"https:\/\/spicyflowers.fr\/?product=fleurs-de-cbd-mix-fleurs-melange-serre","name":"Fleurs de CBD - Mix Fleurs M\u00e9lange Serre - \u00c0 partir de 5 gr -","isPartOf":{"@id":"https:\/\/spicyflowers.fr\/#website"},"primaryImageOfPage":{"@id":"https:\/\/spicyflowers.fr\/?product=fleurs-de-cbd-mix-fleurs-melange-serre#primaryimage"},"image":{"@id":"https:\/\/spicyflowers.fr\/?product=fleurs-de-cbd-mix-fleurs-melange-serre#primaryimage"},"thumbnailUrl":"https:\/\/spicyflowers.fr\/wp-content\/uploads\/2023\/01\/Capture-decran-2023-01-19-a-14.57.05.png","datePublished":"2023-01-19T13:58:07+00:00","dateModified":"2023-02-15T13:28:17+00:00","description":"Mix fleurs M\u00e9langes de plus de 30 vari\u00e9t\u00e9s 10% Outdoor, 80% Greenhouse et 10% Indoor","breadcrumb":{"@id":"https:\/\/spicyflowers.fr\/?product=fleurs-de-cbd-mix-fleurs-melange-serre#breadcrumb"},"inLanguage":"fr-FR","potentialAction":[{"@type":"ReadAction","target":["https:\/\/spicyflowers.fr\/?product=fleurs-de-cbd-mix-fleurs-melange-serre"]}]},{"@type":"ImageObject","inLanguage":"fr-FR","@id":"https:\/\/spicyflowers.fr\/?product=fleurs-de-cbd-mix-fleurs-melange-serre#primaryimage","url":"https:\/\/spicyflowers.fr\/wp-content\/uploads\/2023\/01\/Capture-decran-2023-01-19-a-14.57.05.png","contentUrl":"https:\/\/spicyflowers.fr\/wp-content\/uploads\/2023\/01\/Capture-decran-2023-01-19-a-14.57.05.png","width":1090,"height":1614,"caption":"Fleurs de CBD - Mix Fleurs M\u00e9lange Serre"},{"@type":"BreadcrumbList","@id":"https:\/\/spicyflowers.fr\/?product=fleurs-de-cbd-mix-fleurs-melange-serre#breadcrumb","itemListElement":[{"@type":"ListItem","position":1,"name":"Accueil","item":"https:\/\/spicyflowers.fr\/"},{"@type":"ListItem","position":2,"name":"La boutique Spicy Flowers","item":"https:\/\/spicyflowers.fr\/?page_id=5"},{"@type":"ListItem","position":3,"name":"Fleurs de CBD &#8211; Mix Fleurs M\u00e9lange Serre &#8211; \u00c0 partir de 5 gr"}]},{"@type":"WebSite","@id":"https:\/\/spicyflowers.fr\/#website","url":"https:\/\/spicyflowers.fr\/","name":"SPICYFLOWERS","description":"","publisher":{"@id":"https:\/\/spicyflowers.fr\/#organization"},"potentialAction":[{"@type":"SearchAction","target":{"@type":"EntryPoint","urlTemplate":"https:\/\/spicyflowers.fr\/?s={search_term_string}"},"query-input":{"@type":"PropertyValueSpecification","valueRequired":true,"valueName":"search_term_string"}}],"inLanguage":"fr-FR"},{"@type":"Organization","@id":"https:\/\/spicyflowers.fr\/#organization","name":"SPICYFLOWERS","url":"https:\/\/spicyflowers.fr\/","logo":{"@type":"ImageObject","inLanguage":"fr-FR","@id":"https:\/\/spicyflowers.fr\/#\/schema\/logo\/image\/","url":"https:\/\/spicyflowers.fr\/wp-content\/uploads\/2025\/02\/cropped-spicy-flowers.png","contentUrl":"https:\/\/spicyflowers.fr\/wp-content\/uploads\/2025\/02\/cropped-spicy-flowers.png","width":1792,"height":1792,"caption":"SPICYFLOWERS"},"image":{"@id":"https:\/\/spicyflowers.fr\/#\/schema\/logo\/image\/"}}]}},"_links":{"self":[{"href":"https:\/\/spicyflowers.fr\/index.php?rest_route=\/wp\/v2\/product\/152","targetHints":{"allow":["GET"]}}],"collection":[{"href":"https:\/\/spicyflowers.fr\/index.php?rest_route=\/wp\/v2\/product"}],"about":[{"href":"https:\/\/spicyflowers.fr\/index.php?rest_route=\/wp\/v2\/types\/product"}],"replies":[{"embeddable":true,"href":"https:\/\/spicyflowers.fr\/index.php?rest_route=%2Fwp%2Fv2%2Fcomments&post=152"}],"version-history":[{"count":2,"href":"https:\/\/spicyflowers.fr\/index.php?rest_route=\/wp\/v2\/product\/152\/revisions"}],"predecessor-version":[{"id":1329,"href":"https:\/\/spicyflowers.fr\/index.php?rest_route=\/wp\/v2\/product\/152\/revisions\/1329"}],"wp:featuredmedia":[{"embeddable":true,"href":"https:\/\/spicyflowers.fr\/index.php?rest_route=\/wp\/v2\/media\/158"}],"wp:attachment":[{"href":"https:\/\/spicyflowers.fr\/index.php?rest_route=%2Fwp%2Fv2%2Fmedia&parent=152"}],"wp:term":[{"taxonomy":"product_brand","embeddable":true,"href":"https:\/\/spicyflowers.fr\/index.php?rest_route=%2Fwp%2Fv2%2Fproduct_brand&post=152"},{"taxonomy":"product_cat","embeddable":true,"href":"https:\/\/spicyflowers.fr\/index.php?rest_route=%2Fwp%2Fv2%2Fproduct_cat&post=152"},{"taxonomy":"product_tag","embeddable":true,"href":"https:\/\/spicyflowers.fr\/index.php?rest_route=%2Fwp%2Fv2%2Fproduct_tag&post=152"}],"curies":[{"name":"wp","href":"https:\/\/api.w.org\/{rel}","templated":true}]}}